{"id":27102,"date":"2025-04-03T09:22:12","date_gmt":"2025-04-03T09:22:12","guid":{"rendered":"https:\/\/esquell.eu\/product\/schleifpapierklemme-fuer-rotationswerkzeug-dremel-satz-von-3\/"},"modified":"2025-04-03T09:22:12","modified_gmt":"2025-04-03T09:22:12","slug":"schleifpapierklemme-fuer-rotationswerkzeug-dremel-satz-von-3","status":"publish","type":"product","link":"https:\/\/esquell.eu\/de\/produkt\/schleifpapierklemme-fuer-rotationswerkzeug-dremel-satz-von-3\/","title":{"rendered":"Schleifpapierklemme f\u00fcr Rotationswerkzeug \/ Dremel. Satz von 3"},"content":{"rendered":"<p>Klemme f\u00fcr Schleifpapier. Aufsatz, Zubeh\u00f6r f\u00fcr Dremel oder Rotationswerkzeug. Mit diesen Sandpapierklammern k\u00f6nnen Sie schwierige  <\/p>\n<p>Erreichbare Bereiche noch schleifen. Schaft 2.35 Set mit 3 Schleifklammern. <\/p>\n","protected":false},"excerpt":{"rendered":"<p>Klemme f\u00fcr Schleifpapier. Aufsatz, Zubeh\u00f6r f\u00fcr Dremel oder Rotationswerkzeug. Mit diesen Sandpapierklammern k\u00f6nnen Sie schwierige  <\/p>\n<p>Erreichbare Bereiche noch schleifen. Schaft 2.35 Set mit 3 Schleifklammern. <\/p>\n","protected":false},"featured_media":7454,"comment_status":"closed","ping_status":"closed","template":"","meta":{"_acf_changed":false,"_seopress_robots_primary_cat":"none","_seopress_titles_title":"","_seopress_titles_desc":"","_seopress_robots_index":""},"more":[],"product_brand":[6365],"product_cat":[7361],"product_tag":[21407,6790,6415,10744,14478,6793,6380,6452,6786,6885,14809,6804,6421,7756,6788,9262,6806,6777,14529,9202,14617,6419,6377,7509,6417,6781,6784,6783,14510,21406,6379],"class_list":{"0":"post-27102","1":"product","2":"type-product","3":"status-publish","4":"has-post-thumbnail","6":"product_brand-l1","7":"product_cat-schleifen-feilen-und-polieren","8":"product_tag-anhange-2","9":"product_tag-bestellung","10":"product_tag-billig","11":"product_tag-dateien","12":"product_tag-dremel","13":"product_tag-einkaufen","14":"product_tag-flecken","15":"product_tag-groshandel","16":"product_tag-kaufen","17":"product_tag-kaufen-2","18":"product_tag-klemme","19":"product_tag-kostenlos","20":"product_tag-machen","21":"product_tag-metall-2","22":"product_tag-online","23":"product_tag-polieren","24":"product_tag-rabatt","25":"product_tag-ringe","26":"product_tag-rotarytool","27":"product_tag-schleifen-2","28":"product_tag-schleifpapier","29":"product_tag-schmuck","30":"product_tag-schwierig","31":"product_tag-senden","32":"product_tag-silber","33":"product_tag-teile","34":"product_tag-unter-2","35":"product_tag-wobei","36":"product_tag-zubehor","37":"product_tag-zubehor-3","38":"product_tag-zuganglich","39":"product_shipping_class-standard","41":"first","42":"instock","43":"taxable","44":"shipping-taxable","45":"purchasable","46":"product-type-simple"},"acf":[],"_links":{"self":[{"href":"https:\/\/esquell.eu\/de\/wp-json\/wp\/v2\/product\/27102","targetHints":{"allow":["GET"]}}],"collection":[{"href":"https:\/\/esquell.eu\/de\/wp-json\/wp\/v2\/product"}],"about":[{"href":"https:\/\/esquell.eu\/de\/wp-json\/wp\/v2\/types\/product"}],"replies":[{"embeddable":true,"href":"https:\/\/esquell.eu\/de\/wp-json\/wp\/v2\/comments?post=27102"}],"wp:featuredmedia":[{"embeddable":true,"href":"https:\/\/esquell.eu\/de\/wp-json\/wp\/v2\/media\/7454"}],"wp:attachment":[{"href":"https:\/\/esquell.eu\/de\/wp-json\/wp\/v2\/media?parent=27102"}],"wp:term":[{"taxonomy":"more","embeddable":true,"href":"https:\/\/esquell.eu\/de\/wp-json\/wp\/v2\/more?post=27102"},{"taxonomy":"product_brand","embeddable":true,"href":"https:\/\/esquell.eu\/de\/wp-json\/wp\/v2\/product_brand?post=27102"},{"taxonomy":"product_cat","embeddable":true,"href":"https:\/\/esquell.eu\/de\/wp-json\/wp\/v2\/product_cat?post=27102"},{"taxonomy":"product_tag","embeddable":true,"href":"https:\/\/esquell.eu\/de\/wp-json\/wp\/v2\/product_tag?post=27102"}],"curies":[{"name":"wp","href":"https:\/\/api.w.org\/{rel}","templated":true}]}}