{"id":27079,"date":"2025-04-03T09:22:03","date_gmt":"2025-04-03T09:22:03","guid":{"rendered":"https:\/\/esquell.eu\/product\/poliernadel-acs-zf-031a\/"},"modified":"2026-01-17T04:48:38","modified_gmt":"2026-01-17T04:48:38","slug":"poliernadel-acs-zf-031a","status":"publish","type":"product","link":"https:\/\/esquell.eu\/de\/produkt\/poliernadel-acs-zf-031a\/","title":{"rendered":"Poliernadel ACS (ZF-031A)"},"content":{"rendered":"<p>Die Poliernadel wird zum Polieren sehr kleiner Oberfl\u00e4chen verwendet. Die Nadel kann oft an Stellen gelangen, die die Borsten der B\u00fcrste nicht erreichen. Benutzen Sie die Seite der Nadel so oft wie m\u00f6glich, um Kratzer auf dem Silber zu vermeiden.  <\/p>\n","protected":false},"excerpt":{"rendered":"<p>Die Poliernadel wird zum Polieren sehr kleiner Oberfl\u00e4chen verwendet. Die Nadel kann oft an Stellen gelangen, die die Borsten der B\u00fcrste nicht erreichen. Benutzen Sie die Seite der Nadel so oft wie m\u00f6glich, um Kratzer auf dem Silber zu vermeiden.  <\/p>\n","protected":false},"featured_media":27084,"comment_status":"closed","ping_status":"closed","template":"","meta":{"_acf_changed":false,"_seopress_robots_primary_cat":"none","_seopress_titles_title":"","_seopress_titles_desc":"","_seopress_robots_index":""},"more":[],"product_brand":[6365],"product_cat":[7361],"product_tag":[9197,9298,9301,9305,6446,6492,6699,6438,8543,6887,6903,20020,11699,6675,6494,12422,8545,10034,14264,21661,8217,11697,20018,7808,10524,14507,7331,6769,8679,20016,9609,9865,10514,6673,9265,6498,8019,6905,6421,19772,7557,20012,8001,9262,20014,8005,7133,7342,9202,6419,7465,6671,6812,8022,7086,6490,7340,7445,7334,6500,15040,11105,6449,11180],"class_list":{"0":"post-27079","1":"product","2":"type-product","3":"status-publish","4":"has-post-thumbnail","6":"product_brand-l1","7":"product_cat-schleifen-feilen-und-polieren","8":"product_tag-9197","9":"product_tag-achat","10":"product_tag-achatnadel","11":"product_tag-achatstein","12":"product_tag-aida","13":"product_tag-artclay","14":"product_tag-artclayacademy","15":"product_tag-artclaysilver","16":"product_tag-aussie","17":"product_tag-biegsames-silber","18":"product_tag-bronze-ton","19":"product_tag-brunette","20":"product_tag-byoux","21":"product_tag-craftlines","22":"product_tag-diy","23":"product_tag-draht-2","24":"product_tag-einkaufen-3","25":"product_tag-epoxid","26":"product_tag-fimo-polymer-clay","27":"product_tag-finition","28":"product_tag-flex","29":"product_tag-fur-manner","30":"product_tag-glanzend-4","31":"product_tag-glas","32":"product_tag-glatt","33":"product_tag-glatt-2","34":"product_tag-gold-3","35":"product_tag-goldton","36":"product_tag-google","37":"product_tag-grunde","38":"product_tag-harz","39":"product_tag-harz-2","40":"product_tag-hochglanz","41":"product_tag-japan","42":"product_tag-juwelier","43":"product_tag-kunst","44":"product_tag-kupfer-2","45":"product_tag-kupferton","46":"product_tag-machen","47":"product_tag-messing-4","48":"product_tag-metall","49":"product_tag-modern-2","50":"product_tag-pmc","51":"product_tag-polieren","52":"product_tag-poliernadel","53":"product_tag-porzellan-2","54":"product_tag-prometheus","55":"product_tag-sandsturm","56":"product_tag-schleifen-2","57":"product_tag-schmuck","58":"product_tag-schmuckwerkzeuge","59":"product_tag-silber-2","60":"product_tag-silber-3","61":"product_tag-silberlehm","62":"product_tag-silberschmiede","63":"product_tag-silberton","64":"product_tag-silverclay-co-uk","65":"product_tag-stahl","66":"product_tag-stein-2","67":"product_tag-ton-2","68":"product_tag-tone","69":"product_tag-und","70":"product_tag-verteiler","71":"product_tag-wirewrapping","72":"product_shipping_class-standard","74":"first","75":"instock","76":"taxable","77":"shipping-taxable","78":"purchasable","79":"product-type-simple"},"acf":[],"_links":{"self":[{"href":"https:\/\/esquell.eu\/de\/wp-json\/wp\/v2\/product\/27079","targetHints":{"allow":["GET"]}}],"collection":[{"href":"https:\/\/esquell.eu\/de\/wp-json\/wp\/v2\/product"}],"about":[{"href":"https:\/\/esquell.eu\/de\/wp-json\/wp\/v2\/types\/product"}],"replies":[{"embeddable":true,"href":"https:\/\/esquell.eu\/de\/wp-json\/wp\/v2\/comments?post=27079"}],"wp:featuredmedia":[{"embeddable":true,"href":"https:\/\/esquell.eu\/de\/wp-json\/wp\/v2\/media\/27084"}],"wp:attachment":[{"href":"https:\/\/esquell.eu\/de\/wp-json\/wp\/v2\/media?parent=27079"}],"wp:term":[{"taxonomy":"more","embeddable":true,"href":"https:\/\/esquell.eu\/de\/wp-json\/wp\/v2\/more?post=27079"},{"taxonomy":"product_brand","embeddable":true,"href":"https:\/\/esquell.eu\/de\/wp-json\/wp\/v2\/product_brand?post=27079"},{"taxonomy":"product_cat","embeddable":true,"href":"https:\/\/esquell.eu\/de\/wp-json\/wp\/v2\/product_cat?post=27079"},{"taxonomy":"product_tag","embeddable":true,"href":"https:\/\/esquell.eu\/de\/wp-json\/wp\/v2\/product_tag?post=27079"}],"curies":[{"name":"wp","href":"https:\/\/api.w.org\/{rel}","templated":true}]}}