{"id":27055,"date":"2025-04-03T09:21:48","date_gmt":"2025-04-03T09:21:48","guid":{"rendered":"https:\/\/esquell.eu\/product\/tribulet-stahl-massiv-metallring-stange-laenge-27-cm\/"},"modified":"2025-04-03T09:21:48","modified_gmt":"2025-04-03T09:21:48","slug":"tribulet-stahl-massiv-metallring-stange-laenge-27-cm","status":"publish","type":"product","link":"https:\/\/esquell.eu\/de\/produkt\/tribulet-stahl-massiv-metallring-stange-laenge-27-cm\/","title":{"rendered":"Tribulet Stahl massiv Metallring Stange L\u00e4nge 27 cm"},"content":{"rendered":"<p>Ringstab, Tribulet, Dorn.<\/p>\n<p>Gesamtl\u00e4nge 27cm. Durchmesser unten 2,4 cm Durchmesser oben 1,1 cm <\/p>\n<p>Stahl. Ohne Gr\u00f6\u00dfenbezeichnung.<br \/>\nF\u00fcr Gr\u00f6\u00dfen- und Modellierringe. <\/p>\n<p>Verwenden Sie einen Gummihammer zum Modellieren.<\/p>\n<p>Hinweis: Durch langes Klopfen mit einem Gummihammer wird der Ring langsam etwas geweitet.<\/p>\n","protected":false},"excerpt":{"rendered":"<p>Ringstab, Tribulet, Dorn.<\/p>\n<p>Gesamtl\u00e4nge 27cm. Durchmesser unten 2,4 cm Durchmesser oben 1,1 cm <\/p>\n<p>Stahl massiv. Ohne Gr\u00f6\u00dfenbezeichnung.<br \/>\nF\u00fcr Gr\u00f6\u00dfenangaben und Modellierringe. <\/p>\n<p>Verwenden Sie einen Gummihammer zum Formen. Hinweis: L\u00e4ngeres Klopfen mit dem Gummihammer weitet den Ring langsam etwas auf. <\/p>\n<p>Verwenden Sie einen Metallhammer, um das Metall zu h\u00e4rten. Durch Klopfen mit dem Metallhammer wird der Ring schnell breiter. Hinweis: Die Verwendung eines Metallhammers hinterl\u00e4sst eine geh\u00e4mmerte Textur auf dem Metall.  <\/p>\n<p>&nbsp;<\/p>\n","protected":false},"featured_media":7501,"comment_status":"closed","ping_status":"closed","template":"","meta":{"_acf_changed":false,"_seopress_robots_primary_cat":"none","_seopress_titles_title":"","_seopress_titles_desc":"","_seopress_robots_index":""},"more":[],"product_brand":[6365],"product_cat":[7882],"product_tag":[6488,6508,6506,6446,6802,6773,21307,6438,8126,7543,17967,11910,6458,6887,6415,6840,7387,7123,21305,6675,6494,6826,9978,6895,7555,7680,6824,20952,6830,6934,21311,11312,6452,21306,6836,6897,21312,6673,6786,7131,8394,8583,7019,6844,6421,11376,11057,9539,10730,21309,6444,8137,6441,8696,18192,6455,6832,6891,6828,6806,15146,6432,6424,6926,8092,6777,11339,7742,6419,6899,6889,6901,6417,6812,7086,6490,7340,6996,7445,10495,13250,6920,6834,18194,11341,6893,6784,7337,10715,6814,20198,21313,7441,6605,6429,6783,7064,6838],"class_list":{"0":"post-27055","1":"product","2":"type-product","3":"status-publish","4":"has-post-thumbnail","6":"product_brand-l1","7":"product_cat-werkzeuge-fur-ringe","8":"product_tag-6488","9":"product_tag-6508","10":"product_tag-6506","11":"product_tag-aida","12":"product_tag-angebot","13":"product_tag-antwerpen","14":"product_tag-artcla","15":"product_tag-artclaysilver","16":"product_tag-artclaysilvershop","17":"product_tag-ausbilder-2","18":"product_tag-ausbilder-rabatt","19":"product_tag-basis-2","20":"product_tag-belgien","21":"product_tag-biegsames-silber","22":"product_tag-billig","23":"product_tag-brabant","24":"product_tag-bronze","25":"product_tag-brucke","26":"product_tag-brussel-schlupfen","27":"product_tag-craftlines","28":"product_tag-diy","29":"product_tag-drenthe","30":"product_tag-edelmetall","31":"product_tag-es","32":"product_tag-formbare","33":"product_tag-formulare","34":"product_tag-friesland","35":"product_tag-gebrandmarkt","36":"product_tag-gelderland","37":"product_tag-gent","38":"product_tag-geschaft","39":"product_tag-grose","40":"product_tag-groshandel","41":"product_tag-harderwijk-groinginen","42":"product_tag-holland","43":"product_tag-ihr","44":"product_tag-inspiziert","45":"product_tag-japan","46":"product_tag-kaufen","47":"product_tag-kupfer","48":"product_tag-kupfer-3","49":"product_tag-kurs","50":"product_tag-liefert","51":"product_tag-limburg","52":"product_tag-machen","53":"product_tag-mandrel","54":"product_tag-materialien","55":"product_tag-messing","56":"product_tag-messing-2","57":"product_tag-metalcclaydays","58":"product_tag-metalclay","59":"product_tag-metall-3","60":"product_tag-metallton","61":"product_tag-modellierung-2","62":"product_tag-nevisas","63":"product_tag-niederlande","64":"product_tag-norden","65":"product_tag-online-shop","66":"product_tag-overijssel","67":"product_tag-rabatt","68":"product_tag-rabatt-3","69":"product_tag-real","70":"product_tag-rein","71":"product_tag-rein-2","72":"product_tag-ring","73":"product_tag-ringe","74":"product_tag-ringstock","75":"product_tag-rostfreier-stahl","76":"product_tag-schmuck","77":"product_tag-selbst","78":"product_tag-shop","79":"product_tag-sie-selbst-2","80":"product_tag-silber","81":"product_tag-silber-3","82":"product_tag-silberschmiede","83":"product_tag-silberton","84":"product_tag-silverclay-co-uk","85":"product_tag-sollid","86":"product_tag-stahl","87":"product_tag-stahl-2","88":"product_tag-stahl-3","89":"product_tag-sterling","90":"product_tag-sud","91":"product_tag-traum","92":"product_tag-tribulett","93":"product_tag-tun","94":"product_tag-unter-2","95":"product_tag-unter-3","96":"product_tag-vollenhove","97":"product_tag-webshop","98":"product_tag-werkstatt-schmuck","99":"product_tag-werkstattringe","100":"product_tag-werkzeug-2","101":"product_tag-werkzeuge","102":"product_tag-wirklich","103":"product_tag-wobei","104":"product_tag-workshop","105":"product_tag-zeeland","106":"product_shipping_class-standard","108":"first","109":"instock","110":"taxable","111":"shipping-taxable","112":"purchasable","113":"product-type-simple"},"acf":[],"_links":{"self":[{"href":"https:\/\/esquell.eu\/de\/wp-json\/wp\/v2\/product\/27055","targetHints":{"allow":["GET"]}}],"collection":[{"href":"https:\/\/esquell.eu\/de\/wp-json\/wp\/v2\/product"}],"about":[{"href":"https:\/\/esquell.eu\/de\/wp-json\/wp\/v2\/types\/product"}],"replies":[{"embeddable":true,"href":"https:\/\/esquell.eu\/de\/wp-json\/wp\/v2\/comments?post=27055"}],"wp:featuredmedia":[{"embeddable":true,"href":"https:\/\/esquell.eu\/de\/wp-json\/wp\/v2\/media\/7501"}],"wp:attachment":[{"href":"https:\/\/esquell.eu\/de\/wp-json\/wp\/v2\/media?parent=27055"}],"wp:term":[{"taxonomy":"more","embeddable":true,"href":"https:\/\/esquell.eu\/de\/wp-json\/wp\/v2\/more?post=27055"},{"taxonomy":"product_brand","embeddable":true,"href":"https:\/\/esquell.eu\/de\/wp-json\/wp\/v2\/product_brand?post=27055"},{"taxonomy":"product_cat","embeddable":true,"href":"https:\/\/esquell.eu\/de\/wp-json\/wp\/v2\/product_cat?post=27055"},{"taxonomy":"product_tag","embeddable":true,"href":"https:\/\/esquell.eu\/de\/wp-json\/wp\/v2\/product_tag?post=27055"}],"curies":[{"name":"wp","href":"https:\/\/api.w.org\/{rel}","templated":true}]}}