{"id":26919,"date":"2025-04-03T09:21:27","date_gmt":"2025-04-03T09:21:27","guid":{"rendered":"https:\/\/esquell.eu\/product\/perlenwalze-fuer-ton-perlenwalze\/"},"modified":"2025-04-03T09:21:27","modified_gmt":"2025-04-03T09:21:27","slug":"perlenwalze-fuer-ton-perlenwalze","status":"publish","type":"product","link":"https:\/\/esquell.eu\/de\/produkt\/perlenwalze-fuer-ton-perlenwalze\/","title":{"rendered":"Perlenwalze f\u00fcr Ton. Perlenwalze."},"content":{"rendered":"<div class=\"product-addition-content\">\n<p>Schwei\u00dfger\u00e4t zur Herstellung gleichm\u00e4\u00dfig geformter Perlen.<\/p>\n<p>Es funktioniert ganz einfach. Indem Sie die 2 Teile \u00fcbereinander hin und her bewegen, entstehen Perlen. <\/p>\n<p>Verwenden Sie den runden Stift, um den Ton auszustechen. Das ist genau die Menge an Ton, die f\u00fcr eine Perle ben\u00f6tigt wird.<\/p>\n<p>Zur Herstellung von 3 verschiedenen Perlenformen mit einem Durchmesser von 1-1,5 cm.<\/p>\n<p>Auch sehr gut geeignet f\u00fcr die Herstellung von Formen aus Kork- oder <a href=\"https:\/\/www.esquell.nl\/p\/bead-roller-voor-klei-kralen-roller?ObjectPath=\/Shops\/83636376\/Products\/MC0005\">Holzton <\/a>, die wiederum als Kern f\u00fcr die Herstellung von hohlem Schmuck aus Silber-, Kupfer- oder Bronzeton verwendet werden k\u00f6nnen.<\/p>\n<\/div>\n","protected":false},"excerpt":{"rendered":"<p>Schwei\u00dfger\u00e4t zur Herstellung gleichm\u00e4\u00dfig geformter Perlen.<\/p>\n<p>Es funktioniert ganz einfach. Indem Sie die 2 Teile \u00fcbereinander hin und her bewegen, entstehen Perlen. <\/p>\n<p>Verwenden Sie den runden Stift, um den Ton auszustechen. Das ist genau die Menge an Ton, die f\u00fcr eine Perle ben\u00f6tigt wird.<\/p>\n<p>Zur Herstellung von 3 verschiedenen Perlenformen mit einem Durchmesser von 1-1,5 cm.<\/p>\n<p>Auch sehr gut geeignet f\u00fcr die Herstellung von Formen aus Kork- oder <a href=\"?ObjectPath=\/Shops\/83636376\/Products\/MC0005\">Holzton <\/a>, die wiederum als Kern f\u00fcr die Herstellung von hohlem Schmuck aus Silber-, Kupfer- oder Bronzeton verwendet werden k\u00f6nnen.<\/p>\n","protected":false},"featured_media":26923,"comment_status":"closed","ping_status":"closed","template":"","meta":{"_acf_changed":false,"_seopress_robots_primary_cat":"none","_seopress_titles_title":"","_seopress_titles_desc":"","_seopress_robots_index":""},"more":[],"product_brand":[6365],"product_cat":[6596,8215],"product_tag":[6942,6948,7798,6817,6802,6924,6773,6799,6797,7812,6458,9618,6790,6415,6840,6903,7123,6936,7676,8471,7128,6494,6826,9079,7799,6793,8477,6895,7672,6824,6830,6934,6822,17627,6946,8544,10329,6836,9083,8487,6897,6786,6885,20819,8019,6905,6932,6950,8498,14476,6844,6952,7813,7801,6421,11057,8491,6444,6441,7800,17932,6455,7797,6832,6682,6788,7806,6938,6828,9425,7524,8526,21156,12081,7674,6806,9151,8092,6777,17010,21100,17071,6928,6940,6419,6899,6779,6889,6558,6671,21158,6490,6834,6556,6893,6784,7811,6795,8483,8673,6814,6818,6783,21154,6838,11268,7796],"class_list":{"0":"post-26919","1":"product","2":"type-product","3":"status-publish","4":"has-post-thumbnail","6":"product_brand-l1","7":"product_cat-grundlegende-werkzeuge","8":"product_cat-lehm","9":"product_tag-alkmaar","10":"product_tag-almere","11":"product_tag-amersfoort","12":"product_tag-amsterdam","13":"product_tag-angebot","14":"product_tag-anhanger-2","15":"product_tag-antwerpen","16":"product_tag-apeldoorn","17":"product_tag-arnheim","18":"product_tag-beilen","19":"product_tag-belgien","20":"product_tag-beste","21":"product_tag-bestellung","22":"product_tag-billig","23":"product_tag-brabant","24":"product_tag-bronze-ton","25":"product_tag-brucke","26":"product_tag-brussel","27":"product_tag-cernit","28":"product_tag-den-bosch","29":"product_tag-den-haag","30":"product_tag-diy","31":"product_tag-drenthe","32":"product_tag-einascherung","33":"product_tag-eindhoven","34":"product_tag-einkaufen","35":"product_tag-emmen","36":"product_tag-es","37":"product_tag-fimo","38":"product_tag-friesland","39":"product_tag-gelderland","40":"product_tag-gent","41":"product_tag-groningen","42":"product_tag-haare","43":"product_tag-heerenveen","44":"product_tag-hobby","45":"product_tag-hohl","46":"product_tag-holland","47":"product_tag-holzton","48":"product_tag-hoogeveen","49":"product_tag-ihr","50":"product_tag-kaufen","51":"product_tag-kaufen-2","52":"product_tag-kork-ton","53":"product_tag-kupfer-2","54":"product_tag-kupferton","55":"product_tag-leeuwarden","56":"product_tag-lelystad","57":"product_tag-lemmer","58":"product_tag-lille","59":"product_tag-limburg","60":"product_tag-luttich","61":"product_tag-luttich-2","62":"product_tag-maastricht","63":"product_tag-machen","64":"product_tag-materialien","65":"product_tag-meppel","66":"product_tag-metalclay","67":"product_tag-metallton","68":"product_tag-middelburg","69":"product_tag-naarden","70":"product_tag-niederlande","71":"product_tag-nijmegen","72":"product_tag-norden","73":"product_tag-ohrringe","74":"product_tag-online","75":"product_tag-oss","76":"product_tag-ostende","77":"product_tag-overijssel","78":"product_tag-perle","79":"product_tag-perlen-2","80":"product_tag-perlen-3","81":"product_tag-perlenrolle","82":"product_tag-polymer","83":"product_tag-polymer-clay","84":"product_tag-rabatt","85":"product_tag-rijssen","86":"product_tag-ring","87":"product_tag-ringe","88":"product_tag-rolle","89":"product_tag-rolle-2","90":"product_tag-rollt","91":"product_tag-rotterdam","92":"product_tag-scheveningen","93":"product_tag-schmuck","94":"product_tag-selbst","95":"product_tag-selbstgemacht","96":"product_tag-shop","97":"product_tag-sie-selbst","98":"product_tag-silber-2","99":"product_tag-silberne-perle","100":"product_tag-silberton","101":"product_tag-sud","102":"product_tag-ton-3","103":"product_tag-tun","104":"product_tag-unter-2","105":"product_tag-urk","106":"product_tag-utrecht","107":"product_tag-venlo","108":"product_tag-watteninseln","109":"product_tag-webshop","110":"product_tag-werkzeuge-2","111":"product_tag-wobei","112":"product_tag-wulstrolle","113":"product_tag-zeeland","114":"product_tag-zum-gedenken-an","115":"product_tag-zwolle","116":"product_shipping_class-standard","118":"first","119":"instock","120":"taxable","121":"shipping-taxable","122":"purchasable","123":"product-type-simple"},"acf":[],"_links":{"self":[{"href":"https:\/\/esquell.eu\/de\/wp-json\/wp\/v2\/product\/26919","targetHints":{"allow":["GET"]}}],"collection":[{"href":"https:\/\/esquell.eu\/de\/wp-json\/wp\/v2\/product"}],"about":[{"href":"https:\/\/esquell.eu\/de\/wp-json\/wp\/v2\/types\/product"}],"replies":[{"embeddable":true,"href":"https:\/\/esquell.eu\/de\/wp-json\/wp\/v2\/comments?post=26919"}],"wp:featuredmedia":[{"embeddable":true,"href":"https:\/\/esquell.eu\/de\/wp-json\/wp\/v2\/media\/26923"}],"wp:attachment":[{"href":"https:\/\/esquell.eu\/de\/wp-json\/wp\/v2\/media?parent=26919"}],"wp:term":[{"taxonomy":"more","embeddable":true,"href":"https:\/\/esquell.eu\/de\/wp-json\/wp\/v2\/more?post=26919"},{"taxonomy":"product_brand","embeddable":true,"href":"https:\/\/esquell.eu\/de\/wp-json\/wp\/v2\/product_brand?post=26919"},{"taxonomy":"product_cat","embeddable":true,"href":"https:\/\/esquell.eu\/de\/wp-json\/wp\/v2\/product_cat?post=26919"},{"taxonomy":"product_tag","embeddable":true,"href":"https:\/\/esquell.eu\/de\/wp-json\/wp\/v2\/product_tag?post=26919"}],"curies":[{"name":"wp","href":"https:\/\/api.w.org\/{rel}","templated":true}]}}