{"id":26897,"date":"2025-04-03T09:21:16","date_gmt":"2025-04-03T09:21:16","guid":{"rendered":"https:\/\/esquell.eu\/product\/modellierspachtel-doppelseitig-premium-acs-r-007a\/"},"modified":"2026-03-05T16:32:25","modified_gmt":"2026-03-05T16:32:25","slug":"modellierspachtel-doppelseitig-premium-acs-r-007a","status":"publish","type":"product","link":"https:\/\/esquell.eu\/de\/produkt\/modellierspachtel-doppelseitig-premium-acs-r-007a\/","title":{"rendered":"Modellierspachtel Doppelseitig Premium ACS (R-007A)"},"content":{"rendered":"<p>Ein zweiseitiger Modellierspatel aus rostfreiem Stahl f\u00fcr die Bearbeitung von Ton. Eine Seite hat einen flachen Spatel und die andere Seite einen runden, l\u00f6ffelf\u00f6rmigen Spatel. Die Verpackung ist mit dem Art Clay Silver Logo bedruckt.  <\/p>\n","protected":false},"excerpt":{"rendered":"<p>Ein zweiseitiger Modellierspatel aus rostfreiem Stahl f\u00fcr die Bearbeitung von Ton. Eine Seite hat einen flachen Spatel und die andere Seite einen runden, l\u00f6ffelf\u00f6rmigen Spatel. Die Verpackung ist mit dem Art Clay Silver Logo bedruckt.  <\/p>\n","protected":false},"featured_media":7562,"comment_status":"closed","ping_status":"closed","template":"","meta":{"_acf_changed":false,"_seopress_robots_primary_cat":"none","_seopress_titles_title":"","_seopress_titles_desc":"","_seopress_robots_index":""},"more":[],"product_brand":[6413],"product_cat":[6596,8215],"product_tag":[6446,6492,6699,17895,6438,7551,13334,6677,6458,8599,6675,8577,8574,10209,6680,7547,6452,6673,6498,6679,7545,8696,21130,6455,7992,21128,6812,7340,20716,6556,6500,6435,21020,6449],"class_list":{"0":"post-26897","1":"product","2":"type-product","3":"status-publish","4":"has-post-thumbnail","6":"product_brand-acs","7":"product_cat-grundlegende-werkzeuge","8":"product_cat-lehm","9":"product_tag-aida","10":"product_tag-artclay","11":"product_tag-artclayacademy","12":"product_tag-artclayeurope","13":"product_tag-artclaysilver","14":"product_tag-artclayworld","15":"product_tag-bearbeiten","16":"product_tag-belgien-2","17":"product_tag-belgien","18":"product_tag-benelux","19":"product_tag-craftlines","20":"product_tag-eu","21":"product_tag-europa","22":"product_tag-europa-2","23":"product_tag-frankreich","24":"product_tag-frankreich-2","25":"product_tag-groshandel","26":"product_tag-japan","27":"product_tag-kunst","28":"product_tag-luxemburg","29":"product_tag-luxemburg-2","30":"product_tag-modellierung-2","31":"product_tag-modellierungswerkzeuge","32":"product_tag-niederlande","33":"product_tag-professionell","34":"product_tag-professonal","35":"product_tag-silber-3","36":"product_tag-silverclay-co-uk","37":"product_tag-spatel-3","38":"product_tag-ton-3","39":"product_tag-ton-2","40":"product_tag-ton","41":"product_tag-tonbearbeitung","42":"product_tag-verteiler","43":"product_shipping_class-standard","45":"first","46":"outofstock","47":"taxable","48":"shipping-taxable","49":"purchasable","50":"product-type-simple"},"acf":[],"_links":{"self":[{"href":"https:\/\/esquell.eu\/de\/wp-json\/wp\/v2\/product\/26897","targetHints":{"allow":["GET"]}}],"collection":[{"href":"https:\/\/esquell.eu\/de\/wp-json\/wp\/v2\/product"}],"about":[{"href":"https:\/\/esquell.eu\/de\/wp-json\/wp\/v2\/types\/product"}],"replies":[{"embeddable":true,"href":"https:\/\/esquell.eu\/de\/wp-json\/wp\/v2\/comments?post=26897"}],"wp:featuredmedia":[{"embeddable":true,"href":"https:\/\/esquell.eu\/de\/wp-json\/wp\/v2\/media\/7562"}],"wp:attachment":[{"href":"https:\/\/esquell.eu\/de\/wp-json\/wp\/v2\/media?parent=26897"}],"wp:term":[{"taxonomy":"more","embeddable":true,"href":"https:\/\/esquell.eu\/de\/wp-json\/wp\/v2\/more?post=26897"},{"taxonomy":"product_brand","embeddable":true,"href":"https:\/\/esquell.eu\/de\/wp-json\/wp\/v2\/product_brand?post=26897"},{"taxonomy":"product_cat","embeddable":true,"href":"https:\/\/esquell.eu\/de\/wp-json\/wp\/v2\/product_cat?post=26897"},{"taxonomy":"product_tag","embeddable":true,"href":"https:\/\/esquell.eu\/de\/wp-json\/wp\/v2\/product_tag?post=26897"}],"curies":[{"name":"wp","href":"https:\/\/api.w.org\/{rel}","templated":true}]}}