{"id":26806,"date":"2025-04-03T09:20:55","date_gmt":"2025-04-03T09:20:55","guid":{"rendered":"https:\/\/esquell.eu\/product\/stahldose-rechteckig-geeignet-fuer-prometheus-ofen-pro-1-8645-cm-d-0032\/"},"modified":"2026-01-10T14:30:51","modified_gmt":"2026-01-10T14:30:51","slug":"stahldose-rechteckig-geeignet-fuer-prometheus-ofen-pro-1-8645-cm-d-0032","status":"publish","type":"product","link":"https:\/\/esquell.eu\/de\/produkt\/stahldose-rechteckig-geeignet-fuer-prometheus-ofen-pro-1-8645-cm-d-0032\/","title":{"rendered":"Stahldose rechteckig Geeignet f\u00fcr Prometheus Ofen Pro 1. 8*6*4,5 cm (D-0032)"},"content":{"rendered":"<div class=\"product-addition-content\">\n<p>Edelstahlblech, rechteckig, Tablett mit Deckel zum Brennen von Silber-, Bronze- und Kupferton in Aktivkohle<br \/>\nKleines Tablett, geeignet u.a. f\u00fcr kleine Silberton\u00f6fen und Emaillier\u00f6fen.<\/p>\n<p>Gr\u00f6\u00dfe 8*6 cm und 4,5 cm hoch. Passt in einen Prometheus Pro 1 Backofen. <\/p>\n<p>In dieses rechteckige Tablett passen manchmal St\u00fccke, die nicht in das runde Tablett passen. Denken Sie an l\u00e4ngliche St\u00fccke. <\/p>\n<p>In der Wissensdatenbank finden Sie ausf\u00fchrliche Informationen zu den verschiedenen Brennmethoden f\u00fcr Silber-, Bronze- und Kupferton<\/p>\n<\/div>\n","protected":false},"excerpt":{"rendered":"<p>Edelstahlblech, rechteckig, Tablett mit Deckel zum Brennen von Silber-, Bronze- und Kupferton in Aktivkohle<br \/>\nKleines Tablett, geeignet u.a. f\u00fcr kleine Silberton\u00f6fen und Emaillier\u00f6fen.<\/p>\n<p>Gr\u00f6\u00dfe 8*6 cm und 4,5 cm hoch. Passt in einen Prometheus Pro 1 Backofen. <\/p>\n<p>&nbsp;<\/p>\n<p>In dieses rechteckige Tablett passen manchmal St\u00fccke, die nicht in das runde Tablett passen. Denken Sie an l\u00e4ngliche St\u00fccke. <\/p>\n<p>&nbsp;<\/p>\n<p>In der Wissensdatenbank finden Sie ausf\u00fchrliche Informationen zu den verschiedenen Brennmethoden f\u00fcr Silber-, Bronze- und Kupferton<\/p>\n","protected":false},"featured_media":26807,"comment_status":"closed","ping_status":"closed","template":"","meta":{"_acf_changed":false,"_seopress_robots_primary_cat":"none","_seopress_titles_title":"","_seopress_titles_desc":"","_seopress_robots_index":""},"more":[],"product_brand":[6413],"product_cat":[9853],"product_tag":[11626,11665,11662,7803,11710,6799,6944,11726,9091,7812,6458,6790,6887,6415,10164,8514,11743,7387,6903,7392,11667,7810,11659,11635,10748,11677,11680,8502,11754,6793,8512,8477,7802,11638,7559,9027,11686,11740,11738,20989,11753,11748,11729,11732,9678,11644,11752,11641,8487,11716,11653,6786,6885,11683,11629,6804,11735,11650,7131,8394,6905,7137,8504,6932,8498,11723,6421,11736,6455,11647,6788,6891,9151,7742,11719,11632,6419,6820,6779,7509,6558,11671,8204,11674,6490,6913,11750,11746,11713,10040,6556,6784,11751,6814,6783,11669,6911,11656,7796],"class_list":{"0":"post-26806","1":"product","2":"type-product","3":"status-publish","4":"has-post-thumbnail","6":"product_brand-acs","7":"product_cat-bake-off","8":"product_tag-aktiv","9":"product_tag-aktiviert","10":"product_tag-aktivkohle","11":"product_tag-almelo","12":"product_tag-anna-paulowna","13":"product_tag-apeldoorn","14":"product_tag-assen","15":"product_tag-ausenposten","16":"product_tag-backofen","17":"product_tag-beilen","18":"product_tag-belgien","19":"product_tag-bestellung","20":"product_tag-biegsames-silber","21":"product_tag-billig","22":"product_tag-bin","23":"product_tag-blick","24":"product_tag-borger","25":"product_tag-bronze","26":"product_tag-bronze-ton","27":"product_tag-bronzeclay","28":"product_tag-choral","29":"product_tag-coevorden","30":"product_tag-cover","31":"product_tag-deckel","32":"product_tag-den-helder","33":"product_tag-der-bogen","34":"product_tag-die-burg","35":"product_tag-dronten","36":"product_tag-eibergen","37":"product_tag-einkaufen","38":"product_tag-emmeloord","39":"product_tag-emmen","40":"product_tag-enschede","41":"product_tag-epe","42":"product_tag-formbare-bronze","43":"product_tag-formbarem-kupfer","44":"product_tag-fuchssiedlung","45":"product_tag-gasselte","46":"product_tag-giesen","47":"product_tag-giesen-3","48":"product_tag-goor","49":"product_tag-grambergen","50":"product_tag-grapsker","51":"product_tag-grosgas","52":"product_tag-hardenberg","53":"product_tag-harlingen","54":"product_tag-hellendoorn","55":"product_tag-herenveen","56":"product_tag-hoogeveen","57":"product_tag-ijlst","58":"product_tag-kann-2","59":"product_tag-kaufen","60":"product_tag-kaufen-2","61":"product_tag-kiefer","62":"product_tag-kohlenstoff","63":"product_tag-kostenlos","64":"product_tag-koudum","65":"product_tag-kraut","66":"product_tag-kupfer","67":"product_tag-kupfer-3","68":"product_tag-kupferton","69":"product_tag-kupferton-2","70":"product_tag-lager","71":"product_tag-leeuwarden","72":"product_tag-lemmer","73":"product_tag-lorbeerauge","74":"product_tag-machen","75":"product_tag-marum","76":"product_tag-niederlande","77":"product_tag-ofen","78":"product_tag-online","79":"product_tag-online-shop","80":"product_tag-rijssen","81":"product_tag-rostfreier-stahl","82":"product_tag-salzlager","83":"product_tag-schale","84":"product_tag-schmuck","85":"product_tag-schmuck-2","86":"product_tag-selbstgemacht","87":"product_tag-senden","88":"product_tag-sie-selbst","89":"product_tag-silber-klein","90":"product_tag-silberbrennofen","91":"product_tag-silberne-tonscherbe","92":"product_tag-silberton","93":"product_tag-silveribelgie","94":"product_tag-slagharen","95":"product_tag-sleen","96":"product_tag-stiens","97":"product_tag-tafelsilber-2","98":"product_tag-ton-3","99":"product_tag-unter-2","100":"product_tag-vriezenveen","101":"product_tag-webshop","102":"product_tag-wobei","103":"product_tag-zilverklei-co-uk-metalclaydays","104":"product_tag-zilverkleinederland","105":"product_tag-zinn","106":"product_tag-zwolle","107":"product_shipping_class-standard","109":"first","110":"instock","111":"taxable","112":"shipping-taxable","113":"purchasable","114":"product-type-simple"},"acf":[],"_links":{"self":[{"href":"https:\/\/esquell.eu\/de\/wp-json\/wp\/v2\/product\/26806","targetHints":{"allow":["GET"]}}],"collection":[{"href":"https:\/\/esquell.eu\/de\/wp-json\/wp\/v2\/product"}],"about":[{"href":"https:\/\/esquell.eu\/de\/wp-json\/wp\/v2\/types\/product"}],"replies":[{"embeddable":true,"href":"https:\/\/esquell.eu\/de\/wp-json\/wp\/v2\/comments?post=26806"}],"wp:featuredmedia":[{"embeddable":true,"href":"https:\/\/esquell.eu\/de\/wp-json\/wp\/v2\/media\/26807"}],"wp:attachment":[{"href":"https:\/\/esquell.eu\/de\/wp-json\/wp\/v2\/media?parent=26806"}],"wp:term":[{"taxonomy":"more","embeddable":true,"href":"https:\/\/esquell.eu\/de\/wp-json\/wp\/v2\/more?post=26806"},{"taxonomy":"product_brand","embeddable":true,"href":"https:\/\/esquell.eu\/de\/wp-json\/wp\/v2\/product_brand?post=26806"},{"taxonomy":"product_cat","embeddable":true,"href":"https:\/\/esquell.eu\/de\/wp-json\/wp\/v2\/product_cat?post=26806"},{"taxonomy":"product_tag","embeddable":true,"href":"https:\/\/esquell.eu\/de\/wp-json\/wp\/v2\/product_tag?post=26806"}],"curies":[{"name":"wp","href":"https:\/\/api.w.org\/{rel}","templated":true}]}}