{"id":26803,"date":"2025-04-03T09:21:16","date_gmt":"2025-04-03T09:21:16","guid":{"rendered":"https:\/\/esquell.eu\/product\/formenset-4-stueck-geeignet-als-grundform-fuer-ton-quilling-usw\/"},"modified":"2025-04-03T09:21:16","modified_gmt":"2025-04-03T09:21:16","slug":"formenset-4-stueck-geeignet-als-grundform-fuer-ton-quilling-usw","status":"publish","type":"product","link":"https:\/\/esquell.eu\/de\/produkt\/formenset-4-stueck-geeignet-als-grundform-fuer-ton-quilling-usw\/","title":{"rendered":"Formenset 4 St\u00fcck. Geeignet als Grundform f\u00fcr Ton, Quilling usw."},"content":{"rendered":"<p>Sie k\u00f6nnen diese Formen unter anderem als Trocknungsform f\u00fcr Tonstreifen verwenden.<br \/>\nIndem Sie die Streifen um die Form wickeln, behalten sie ihre Form.<br \/>\nAuf diese Weise k\u00f6nnen Sie einen Sockel f\u00fcr einen Anh\u00e4nger oder eine Einfassungsdose f\u00fcr Steine oder z.B. Harz herstellen.<br \/>\nAuch geeignet f\u00fcr Quilling mit Art Clay Paper, zum Beispiel.<br \/>\nDie Formen sind auch ein einfaches Werkzeug f\u00fcr die Herstellung von Schachteln aus (Silber-)Ton.<\/p>\n<p>Die Formen eignen sich auch zum Biegen von weichen Metalldr\u00e4hten, f\u00fcr Wire Wrapping.<\/p>\n<p>Die H\u00f6he der Formen betr\u00e4gt 2x 8cm und 2 x 11 cm.<\/p>\n","protected":false},"excerpt":{"rendered":"<p>Sie k\u00f6nnen diese Formen u.a. als Trockenform f\u00fcr Tonstreifen verwenden. Indem Sie die Streifen um die Form wickeln, beh\u00e4lt sie ihre Form bei. So k\u00f6nnen Sie eine Basis f\u00fcr einen Anh\u00e4nger oder einen Kasten f\u00fcr Steine oder z.B. Harz herstellen. Auch f\u00fcr Quilling mit Art Clay Papier zum Beispiel geeignet. Die Formen sind auch ein einfaches Werkzeug f\u00fcr die Herstellung von Schachteln aus (Silber-)Ton. Die Formen eignen sich auch zum Biegen von weichen Metalldr\u00e4hten, z.B. f\u00fcr Wire Wrapping. Die Shapes sind 2x 8cm und 2 x 11 cm hoch.      <\/p>\n","protected":false},"featured_media":4377,"comment_status":"closed","ping_status":"closed","template":"","meta":{"_acf_changed":false,"_seopress_robots_primary_cat":"none","_seopress_titles_title":"","_seopress_titles_desc":"","_seopress_robots_index":""},"more":[],"product_brand":[6365],"product_cat":[8215,10426],"product_tag":[7803,6948,6492,8586,6438,8126,6944,7812,6458,6790,6887,6929,9812,7522,20984,6840,20993,6903,7676,20991,6881,6494,6826,8502,7461,8512,8477,7672,7680,20986,6824,12307,6769,6822,9678,9865,18246,6836,8487,6786,6885,6804,6498,6905,8504,6932,6950,7019,6844,6421,8491,6444,6441,7800,7553,6455,6832,12099,6788,6828,6504,6686,20988,7692,10211,20990,6688,10433,6419,20992,6779,7509,6514,6889,6558,8537,7739,6490,6502,7340,9677,6834,6435,6500,6556,7511,8175,20987,6784,7811,6795,8483,6814,6818,6783,6838],"class_list":{"0":"post-26803","1":"product","2":"type-product","3":"status-publish","4":"has-post-thumbnail","6":"product_brand-l1","7":"product_cat-lehm","8":"product_cat-metall","9":"product_tag-almelo","10":"product_tag-almere","11":"product_tag-artclay","12":"product_tag-artclaypaper","13":"product_tag-artclaysilver","14":"product_tag-artclaysilvershop","15":"product_tag-assen","16":"product_tag-beilen","17":"product_tag-belgien","18":"product_tag-bestellung","19":"product_tag-biegsames-silber","20":"product_tag-blei","21":"product_tag-box-3","22":"product_tag-box","23":"product_tag-boxen","24":"product_tag-brabant","25":"product_tag-breda-oosterhout","26":"product_tag-bronze-ton","27":"product_tag-cernit","28":"product_tag-clip-schmuck","29":"product_tag-deutsland","30":"product_tag-diy","31":"product_tag-drenthe","32":"product_tag-dronten","33":"product_tag-einstellbox","34":"product_tag-emmeloord","35":"product_tag-emmen","36":"product_tag-fimo","37":"product_tag-formulare","38":"product_tag-formulare-einwickeln","39":"product_tag-friesland","40":"product_tag-giethoorn","41":"product_tag-goldton","42":"product_tag-groningen","43":"product_tag-hardenberg","44":"product_tag-harz-2","45":"product_tag-hengelo","46":"product_tag-holland","47":"product_tag-hoogeveen","48":"product_tag-kaufen","49":"product_tag-kaufen-2","50":"product_tag-kostenlos","51":"product_tag-kunst","52":"product_tag-kupferton","53":"product_tag-lager","54":"product_tag-leeuwarden","55":"product_tag-lelystad","56":"product_tag-liefert","57":"product_tag-limburg","58":"product_tag-machen","59":"product_tag-meppel","60":"product_tag-metalclay","61":"product_tag-metallton","62":"product_tag-middelburg","63":"product_tag-modellierung","64":"product_tag-niederlande","65":"product_tag-norden","66":"product_tag-ommen-2","67":"product_tag-online","68":"product_tag-overijssel","69":"product_tag-papier","70":"product_tag-papier-2","71":"product_tag-polymer-clay-2","72":"product_tag-polymer-clay-schmuck","73":"product_tag-quilling-schmuck","74":"product_tag-quilling-schmuck-2","75":"product_tag-ruschen","76":"product_tag-ruschenpapier","77":"product_tag-schmuck","78":"product_tag-schmuck-aus-metallton-2","79":"product_tag-selbstgemacht","80":"product_tag-senden","81":"product_tag-setzkasten","82":"product_tag-shop","83":"product_tag-sie-selbst","84":"product_tag-silberschmuck-3","85":"product_tag-silberschmuck","86":"product_tag-silberton","87":"product_tag-silbertonpapier","88":"product_tag-silverclay-co-uk","89":"product_tag-sperren","90":"product_tag-sud","91":"product_tag-ton","92":"product_tag-ton-2","93":"product_tag-ton-3","94":"product_tag-tonschmuck","95":"product_tag-trocken","96":"product_tag-trocknungsvorrichtungen","97":"product_tag-unter-2","98":"product_tag-urk","99":"product_tag-utrecht","100":"product_tag-venlo","101":"product_tag-webshop","102":"product_tag-werkzeuge-2","103":"product_tag-wobei","104":"product_tag-zeeland","105":"product_shipping_class-standard","107":"first","108":"instock","109":"taxable","110":"shipping-taxable","111":"purchasable","112":"product-type-simple"},"acf":[],"_links":{"self":[{"href":"https:\/\/esquell.eu\/de\/wp-json\/wp\/v2\/product\/26803","targetHints":{"allow":["GET"]}}],"collection":[{"href":"https:\/\/esquell.eu\/de\/wp-json\/wp\/v2\/product"}],"about":[{"href":"https:\/\/esquell.eu\/de\/wp-json\/wp\/v2\/types\/product"}],"replies":[{"embeddable":true,"href":"https:\/\/esquell.eu\/de\/wp-json\/wp\/v2\/comments?post=26803"}],"wp:featuredmedia":[{"embeddable":true,"href":"https:\/\/esquell.eu\/de\/wp-json\/wp\/v2\/media\/4377"}],"wp:attachment":[{"href":"https:\/\/esquell.eu\/de\/wp-json\/wp\/v2\/media?parent=26803"}],"wp:term":[{"taxonomy":"more","embeddable":true,"href":"https:\/\/esquell.eu\/de\/wp-json\/wp\/v2\/more?post=26803"},{"taxonomy":"product_brand","embeddable":true,"href":"https:\/\/esquell.eu\/de\/wp-json\/wp\/v2\/product_brand?post=26803"},{"taxonomy":"product_cat","embeddable":true,"href":"https:\/\/esquell.eu\/de\/wp-json\/wp\/v2\/product_cat?post=26803"},{"taxonomy":"product_tag","embeddable":true,"href":"https:\/\/esquell.eu\/de\/wp-json\/wp\/v2\/product_tag?post=26803"}],"curies":[{"name":"wp","href":"https:\/\/api.w.org\/{rel}","templated":true}]}}