{"id":26792,"date":"2025-04-03T09:20:37","date_gmt":"2025-04-03T09:20:37","guid":{"rendered":"https:\/\/esquell.eu\/product\/set-ringstab-kunststoff-ringbuendel-zur-bestimmung-der-ringgroesse-universalgroesse\/"},"modified":"2025-04-03T09:20:37","modified_gmt":"2025-04-03T09:20:37","slug":"set-ringstab-kunststoff-ringbuendel-zur-bestimmung-der-ringgroesse-universalgroesse","status":"publish","type":"product","link":"https:\/\/esquell.eu\/de\/produkt\/set-ringstab-kunststoff-ringbuendel-zur-bestimmung-der-ringgroesse-universalgroesse\/","title":{"rendered":"Set Ringstab Kunststoff + Ringb\u00fcndel zur Bestimmung der Ringgr\u00f6\u00dfe. Universalgr\u00f6\u00dfe"},"content":{"rendered":"<p>Set bestehend aus einem Kunststoffringstab + einem Kunststoffringb\u00fcndel mit passenden Ringen.<br \/>\nUniversalgr\u00f6\u00dfe<\/p>\n<p>* die Farbe des B\u00fcndels mit den passenden Ringen kann variieren.<\/p>\n","protected":false},"excerpt":{"rendered":"<p>Set bestehend aus einem Kunststoffringstab + einem Kunststoffringb\u00fcndel mit passenden Ringen.<br \/>\nUniversalgr\u00f6\u00dfe<\/p>\n<p>* die Farbe des B\u00fcndels mit den passenden Ringen kann variieren.<\/p>\n","protected":false},"featured_media":4415,"comment_status":"closed","ping_status":"closed","template":"","meta":{"_acf_changed":false,"_seopress_robots_primary_cat":"none","_seopress_titles_title":"","_seopress_titles_desc":"","_seopress_robots_index":""},"more":[],"product_brand":[6365],"product_cat":[7882],"product_tag":[9197,6488,6508,6506,17997,6817,6924,6689,12692,9208,17962,13388,13357,6840,13761,7076,6603,8559,13082,7320,8359,12339,8617,6842,7680,20952,6830,20956,11312,11308,7171,6692,8763,6836,8640,6691,6516,13750,6775,17996,6844,8952,20953,6444,7557,8579,7955,8392,6832,8395,8770,9199,6682,8946,9200,9302,20954,6828,13763,17217,7524,20958,8001,6496,17803,6424,8092,6777,20960,10653,11339,13856,9202,6419,6820,8767,6558,6417,6812,6996,6464,6920,6834,8608,8369,9204,8580,6500,9190,7748,17924,20955,6795,9206,7072,7441,6605,6818,8658,6838,7068],"class_list":{"0":"post-26792","1":"product","2":"type-product","3":"status-publish","4":"has-post-thumbnail","6":"product_brand-l1","7":"product_cat-werkzeuge-fur-ringe","8":"product_tag-9197","9":"product_tag-6488","10":"product_tag-6508","11":"product_tag-6506","12":"product_tag-akademie-2","13":"product_tag-amsterdam","14":"product_tag-anhanger-2","15":"product_tag-armband","16":"product_tag-armband-2","17":"product_tag-assecoires","18":"product_tag-beispiele","19":"product_tag-berechnen","20":"product_tag-bestimmen","21":"product_tag-brabant","22":"product_tag-bundel-ringe","23":"product_tag-charme-2","24":"product_tag-cool","25":"product_tag-cooltools","26":"product_tag-die-2","27":"product_tag-edelstein","28":"product_tag-edelsteine","29":"product_tag-edelsteine-3","30":"product_tag-feinsilber","31":"product_tag-flevoland","32":"product_tag-formulare","33":"product_tag-gebrandmarkt","34":"product_tag-gelderland","35":"product_tag-glitzer","36":"product_tag-grose","37":"product_tag-grosen","38":"product_tag-gut-2","39":"product_tag-handbuch","40":"product_tag-handbucher","41":"product_tag-holland","42":"product_tag-inspiration","43":"product_tag-kette","44":"product_tag-kieselsteinchen","45":"product_tag-kitt","46":"product_tag-kurzwarengeschaft","47":"product_tag-les","48":"product_tag-limburg","49":"product_tag-manschette","50":"product_tag-meisterzeichen","51":"product_tag-metalclay","52":"product_tag-metall","53":"product_tag-nachhaltig","54":"product_tag-naturlich","55":"product_tag-nop","56":"product_tag-norden","57":"product_tag-nordholland","58":"product_tag-ohrring","59":"product_tag-ohrring-2","60":"product_tag-ohrringe","61":"product_tag-ohrstecker-2","62":"product_tag-ohrstecker-3","63":"product_tag-ohrstecker-5","64":"product_tag-okologisch-2","65":"product_tag-overijssel","66":"product_tag-passende-ringe","67":"product_tag-passieren","68":"product_tag-perlen-2","69":"product_tag-pfahl","70":"product_tag-pmc","71":"product_tag-recycelt","72":"product_tag-recycling","73":"product_tag-rein","74":"product_tag-ring","75":"product_tag-ringe","76":"product_tag-ringe-friesland","77":"product_tag-ringgrose","78":"product_tag-ringstock","79":"product_tag-ringwald","80":"product_tag-schleifen-2","81":"product_tag-schmuck","82":"product_tag-schmuck-2","83":"product_tag-schmuck-5","84":"product_tag-sie-selbst","85":"product_tag-silber","86":"product_tag-silber-3","87":"product_tag-sollid","88":"product_tag-stein","89":"product_tag-sterling","90":"product_tag-sud","91":"product_tag-sudholland","92":"product_tag-swarovski","93":"product_tag-textur","94":"product_tag-tipps","95":"product_tag-ton-2","96":"product_tag-tonspatel","97":"product_tag-tonwerkzeuge","98":"product_tag-tricks","99":"product_tag-umwelt-2","100":"product_tag-utrecht","101":"product_tag-vorlagen","102":"product_tag-wattenmeer","103":"product_tag-werkzeug-2","104":"product_tag-werkzeuge","105":"product_tag-werkzeuge-2","106":"product_tag-wissensbasis","107":"product_tag-zeeland","108":"product_tag-zirkoniumdioxid","109":"product_shipping_class-standard","111":"first","112":"instock","113":"taxable","114":"shipping-taxable","115":"purchasable","116":"product-type-simple"},"acf":[],"_links":{"self":[{"href":"https:\/\/esquell.eu\/de\/wp-json\/wp\/v2\/product\/26792","targetHints":{"allow":["GET"]}}],"collection":[{"href":"https:\/\/esquell.eu\/de\/wp-json\/wp\/v2\/product"}],"about":[{"href":"https:\/\/esquell.eu\/de\/wp-json\/wp\/v2\/types\/product"}],"replies":[{"embeddable":true,"href":"https:\/\/esquell.eu\/de\/wp-json\/wp\/v2\/comments?post=26792"}],"wp:featuredmedia":[{"embeddable":true,"href":"https:\/\/esquell.eu\/de\/wp-json\/wp\/v2\/media\/4415"}],"wp:attachment":[{"href":"https:\/\/esquell.eu\/de\/wp-json\/wp\/v2\/media?parent=26792"}],"wp:term":[{"taxonomy":"more","embeddable":true,"href":"https:\/\/esquell.eu\/de\/wp-json\/wp\/v2\/more?post=26792"},{"taxonomy":"product_brand","embeddable":true,"href":"https:\/\/esquell.eu\/de\/wp-json\/wp\/v2\/product_brand?post=26792"},{"taxonomy":"product_cat","embeddable":true,"href":"https:\/\/esquell.eu\/de\/wp-json\/wp\/v2\/product_cat?post=26792"},{"taxonomy":"product_tag","embeddable":true,"href":"https:\/\/esquell.eu\/de\/wp-json\/wp\/v2\/product_tag?post=26792"}],"curies":[{"name":"wp","href":"https:\/\/api.w.org\/{rel}","templated":true}]}}