{"id":26744,"date":"2025-04-03T09:19:52","date_gmt":"2025-04-03T09:19:52","guid":{"rendered":"https:\/\/esquell.eu\/product\/holzlehm-holzlehm-mokunensan-300-g-f-1572\/"},"modified":"2026-01-10T16:59:23","modified_gmt":"2026-01-10T16:59:23","slug":"holzlehm-holzlehm-mokunensan-300-g-f-1572","status":"publish","type":"product","link":"https:\/\/esquell.eu\/de\/produkt\/holzlehm-holzlehm-mokunensan-300-g-f-1572\/","title":{"rendered":"Holzlehm Holzlehm Mokunensan 300 g F-1572"},"content":{"rendered":"<p>Holzton, Mokunensan, ist ein ideales Werkzeug, um hohle und ungew\u00f6hnliche Formen aus Metallton herzustellen.<br \/>\nBeim Erhitzen brennt der Holzton und Ihr Schmuck bleibt \u00fcbrig.<\/p>\n<p>Indem Sie eine Basis aus Holzton herstellen, k\u00f6nnen Sie ihn mit Ton, Spr\u00fchton oder Paste weiterverarbeiten.<\/p>\n<p>Holzton funktioniert auf die gleiche Weise wie Korkton.<\/p>\n","protected":false},"excerpt":{"rendered":"<p>Holzton, Mokunensan, ist ein ideales Werkzeug, um hohle und ungew\u00f6hnliche Formen aus Metallton herzustellen.<br \/>\nWenn er erhitzt wird, brennt der Holzton und hinterl\u00e4sst Ihren Schmuck.<\/p>\n<p>Wenn Sie eine Basis aus Holzknete herstellen, k\u00f6nnen Sie diese mit Knete, Spr\u00fchknete oder Paste weiterverarbeiten.<\/p>\n<p>Holzknete funktioniert auf die gleiche Weise wie Korkknete.<\/p>\n<p>Unmittelbar nach dem Kneten der Holzknete (viel Kneten, da die Holzknete recht steif ist, aber durch das Kneten wird sie weicher) k\u00f6nnen Sie die Holzknete mit Metallknete bearbeiten und dann die Holz- und Metallknete zusammen trocknen lassen.<\/p>\n<p>Die Trocknungszeit von Holzlehm betr\u00e4gt drei Tage bei Raumtemperatur. Die Trocknungszeit kann in einem hei\u00dfen Ofen bei etwa 100 Grad C beschleunigt werden. <\/p>\n<p>Nach dem Trocknen kann die Holzknete mit einer Feile oder Schleifpapier bearbeitet werden, damit die Form angepasst werden kann.<\/p>\n<p>Ausbacken von offenem oder filigranem Schmuck:<br \/>\nSilbertonofen : 5 Minuten bei 800 Grad C<br \/>\nGasherd oder Tourch: 15 Minuten. ( Gro\u00dfe St\u00fccke werden besser im Silbertonofen gebacken) <\/p>\n<p>Backen von geschlossenem Schmuck:<br \/>\nSilver Clay Oven: Legen Sie den Schmuck in den kalten Ofen und erhitzen Sie ihn in 30 Minuten auf 500 Grad Celsius, dann 10 Minuten lang auf 800 Grad Celsius. Lassen Sie den Schmuck im Ofen auf 400 Grad C abk\u00fchlen. <\/p>\n<p>Holzlehm wird aus recycelten Holzabf\u00e4llen hergestellt und ist somit umweltfreundlich.<\/p>\n<p>&nbsp;<\/p>\n<p><strong>Tipp: Teilen Sie die restliche Knete nach dem \u00d6ffnen des Beh\u00e4lters in kleinere Portionen auf und verpacken Sie sie vakuumverpackt, um sie vor dem Austrocknen zu sch\u00fctzen.  <\/strong><\/p>\n<p>&nbsp;<\/p>\n","protected":false},"featured_media":26747,"comment_status":"closed","ping_status":"closed","template":"","meta":{"_acf_changed":false,"_seopress_robots_primary_cat":"none","_seopress_titles_title":"","_seopress_titles_desc":"","_seopress_robots_index":""},"more":[],"product_brand":[6413],"product_cat":[6367,6596],"product_tag":[6488,6508,6506,6446,9081,7999,6492,11266,9091,6458,11258,6415,6675,20827,10323,8344,18832,7745,9079,11264,6895,9095,8617,8339,11830,7555,13935,11265,17261,17990,20830,6994,7171,11267,17860,20811,10329,11691,15147,20821,9083,11260,6897,11261,6786,15263,20819,20813,21906,6498,17864,17991,6421,6444,7557,6441,7553,20823,8579,6455,10439,17800,15676,20817,20825,16245,16246,8001,6496,17803,6419,6820,7021,6899,6889,6558,6901,6417,6671,6812,8204,6490,7340,6996,7060,20815,6920,6435,6500,6556,6893,20829,6784,17866,6694,9818,8231,6429,6783],"class_list":{"0":"post-26744","1":"product","2":"type-product","3":"status-publish","4":"has-post-thumbnail","6":"product_brand-acs","7":"product_cat-erganzende-materialien","8":"product_cat-grundlegende-werkzeuge","9":"product_tag-6488","10":"product_tag-6508","11":"product_tag-6506","12":"product_tag-aida","13":"product_tag-als","14":"product_tag-arbeitsbeschreibung","15":"product_tag-artclay","16":"product_tag-ascheschmuck-3","17":"product_tag-backofen","18":"product_tag-belgien","19":"product_tag-besuchen-sie","20":"product_tag-billig","21":"product_tag-craftlines","22":"product_tag-cremeschmuck","23":"product_tag-die","24":"product_tag-durchbrochene","25":"product_tag-durchbrochene-2","26":"product_tag-edelmetalle","27":"product_tag-einascherung","28":"product_tag-erinnerung","29":"product_tag-es","30":"product_tag-fackel","31":"product_tag-feinsilber","32":"product_tag-filigran","33":"product_tag-filigran-2","34":"product_tag-formbare","35":"product_tag-gasherd","36":"product_tag-gedenken","37":"product_tag-gedenkschmuck-3","38":"product_tag-gedenkschmuck-4","39":"product_tag-geliebte","40":"product_tag-gut","41":"product_tag-gut-2","42":"product_tag-haustier","43":"product_tag-haustiere","44":"product_tag-heullehm","45":"product_tag-hohl","46":"product_tag-holz","47":"product_tag-holz-3","48":"product_tag-holzlehm","49":"product_tag-holzton","50":"product_tag-hund","51":"product_tag-ihr","52":"product_tag-katze","53":"product_tag-kaufen","54":"product_tag-kork","55":"product_tag-kork-ton","56":"product_tag-kremationsschmuck-2","57":"product_tag-kremationsschmuck-3","58":"product_tag-kunst","59":"product_tag-liebe-2","60":"product_tag-liebe-3","61":"product_tag-machen","62":"product_tag-metalclay","63":"product_tag-metall","64":"product_tag-metallton","65":"product_tag-modellierung","66":"product_tag-mokunensan","67":"product_tag-nachhaltig","68":"product_tag-niederlande","69":"product_tag-offnen-sie","70":"product_tag-oko","71":"product_tag-oko-lehm","72":"product_tag-okologisch","73":"product_tag-online-shop-6","74":"product_tag-pferd","75":"product_tag-pferde","76":"product_tag-pmc","77":"product_tag-recycelt","78":"product_tag-recycling","79":"product_tag-schmuck","80":"product_tag-schmuck-2","81":"product_tag-schmuck-3","82":"product_tag-selbst","83":"product_tag-shop","84":"product_tag-sie-selbst","85":"product_tag-sie-selbst-2","86":"product_tag-silber","87":"product_tag-silber-2","88":"product_tag-silber-3","89":"product_tag-silberbrennofen","90":"product_tag-silberton","91":"product_tag-silverclay-co-uk","92":"product_tag-sollid","93":"product_tag-spritzton","94":"product_tag-spruhfarbung","95":"product_tag-sterling","96":"product_tag-ton","97":"product_tag-ton-2","98":"product_tag-ton-3","99":"product_tag-tun","100":"product_tag-umwelt","101":"product_tag-unter-2","102":"product_tag-verstorben","103":"product_tag-von","104":"product_tag-wertvoll","105":"product_tag-wiederverwenden","106":"product_tag-wirklich","107":"product_tag-wobei","108":"product_shipping_class-standard","110":"first","111":"instock","112":"taxable","113":"shipping-taxable","114":"purchasable","115":"product-type-simple"},"acf":[],"_links":{"self":[{"href":"https:\/\/esquell.eu\/de\/wp-json\/wp\/v2\/product\/26744","targetHints":{"allow":["GET"]}}],"collection":[{"href":"https:\/\/esquell.eu\/de\/wp-json\/wp\/v2\/product"}],"about":[{"href":"https:\/\/esquell.eu\/de\/wp-json\/wp\/v2\/types\/product"}],"replies":[{"embeddable":true,"href":"https:\/\/esquell.eu\/de\/wp-json\/wp\/v2\/comments?post=26744"}],"wp:featuredmedia":[{"embeddable":true,"href":"https:\/\/esquell.eu\/de\/wp-json\/wp\/v2\/media\/26747"}],"wp:attachment":[{"href":"https:\/\/esquell.eu\/de\/wp-json\/wp\/v2\/media?parent=26744"}],"wp:term":[{"taxonomy":"more","embeddable":true,"href":"https:\/\/esquell.eu\/de\/wp-json\/wp\/v2\/more?post=26744"},{"taxonomy":"product_brand","embeddable":true,"href":"https:\/\/esquell.eu\/de\/wp-json\/wp\/v2\/product_brand?post=26744"},{"taxonomy":"product_cat","embeddable":true,"href":"https:\/\/esquell.eu\/de\/wp-json\/wp\/v2\/product_cat?post=26744"},{"taxonomy":"product_tag","embeddable":true,"href":"https:\/\/esquell.eu\/de\/wp-json\/wp\/v2\/product_tag?post=26744"}],"curies":[{"name":"wp","href":"https:\/\/api.w.org\/{rel}","templated":true}]}}