{"id":26729,"date":"2025-04-03T09:23:07","date_gmt":"2025-04-03T09:23:07","guid":{"rendered":"https:\/\/esquell.eu\/product\/mini-uv-led-lampe-fuer-harz\/"},"modified":"2025-04-03T09:23:07","modified_gmt":"2025-04-03T09:23:07","slug":"mini-uv-led-lampe-fuer-harz","status":"publish","type":"product","link":"https:\/\/esquell.eu\/de\/produkt\/mini-uv-led-lampe-fuer-harz\/","title":{"rendered":"Mini uv led Lampe f\u00fcr Harz"},"content":{"rendered":"<p>UV-LED-Brenner ( 9 Leds).<br \/>\nGeeignet f\u00fcr die Zwischenh\u00e4rtung von UV-Harz und Harz.<br \/>\nDurch die Zwischenh\u00e4rtung ist es m\u00f6glich, Ihr Werkst\u00fcck schichtweise aufzubauen.<br \/>\nSo entsteht Tiefe \/ 3D. Die Aush\u00e4rtungszeit h\u00e4ngt von der Art des Harzes und der Dicke der Schicht ab. <\/p>\n<p>*Farbe kann vom Foto abweichen<\/p>\n<p>Led- und UV-Harz f\u00fcr Schmuck finden Sie<a href=\"https:\/\/esquell.eu\/?s=resin\"> hier<\/a><\/p>\n<p>&nbsp;<\/p>\n<p>&nbsp;<\/p>\n","protected":false},"excerpt":{"rendered":"<p>UV-LED-Taschenlampe ( 9 Leds). Geeignet f\u00fcr die Zwischenh\u00e4rtung von UV-Harz und Harz. Die Zwischenh\u00e4rtung erm\u00f6glicht es, Ihr Werkst\u00fcck in Schichten aufzubauen. Dadurch entsteht Tiefe \/ 3D. Die Aush\u00e4rtungszeit h\u00e4ngt von der Art des Harzes und der Dicke der Schicht ab. Wir empfehlen Ihnen, dies zun\u00e4chst auszuprobieren.     <\/p>\n<p>*Farbe kann vom Foto abweichen<\/p>\n<p>&nbsp;<\/p>\n","protected":false},"featured_media":8010,"comment_status":"closed","ping_status":"closed","template":"","meta":{"_acf_changed":false,"_seopress_robots_primary_cat":"none","_seopress_titles_title":"","_seopress_titles_desc":"","_seopress_robots_index":""},"more":[],"product_brand":[6365],"product_cat":[9913],"product_tag":[8259,7190,6492,19408,8330,6494,20777,10034,20783,12346,9609,9865,6727,6729,6421,6444,6441,8325,8605,8001,6419,6490,8175,10391,7575,20779,20781],"class_list":{"0":"post-26729","1":"product","2":"type-product","3":"status-publish","4":"has-post-thumbnail","6":"product_brand-l1","7":"product_cat-led-und-uv-harz","8":"product_tag-acryl","9":"product_tag-art-clay","10":"product_tag-artclay","11":"product_tag-ausharten","12":"product_tag-biegsames-silber-2","13":"product_tag-diy","14":"product_tag-edelmetallton","15":"product_tag-epoxid","16":"product_tag-fackel-2","17":"product_tag-gefuhrt","18":"product_tag-harz","19":"product_tag-harz-2","20":"product_tag-lampe","21":"product_tag-led-lampe","22":"product_tag-machen","23":"product_tag-metalclay","24":"product_tag-metallton","25":"product_tag-metallton-2","26":"product_tag-metallton-3","27":"product_tag-pmc","28":"product_tag-schmuck","29":"product_tag-silberton","30":"product_tag-trocken","31":"product_tag-uv","32":"product_tag-uv-harz","33":"product_tag-uv-lampe-2","34":"product_tag-uv-lampen","35":"product_shipping_class-standard","37":"first","38":"instock","39":"taxable","40":"shipping-taxable","41":"purchasable","42":"product-type-simple"},"acf":[],"_links":{"self":[{"href":"https:\/\/esquell.eu\/de\/wp-json\/wp\/v2\/product\/26729","targetHints":{"allow":["GET"]}}],"collection":[{"href":"https:\/\/esquell.eu\/de\/wp-json\/wp\/v2\/product"}],"about":[{"href":"https:\/\/esquell.eu\/de\/wp-json\/wp\/v2\/types\/product"}],"replies":[{"embeddable":true,"href":"https:\/\/esquell.eu\/de\/wp-json\/wp\/v2\/comments?post=26729"}],"wp:featuredmedia":[{"embeddable":true,"href":"https:\/\/esquell.eu\/de\/wp-json\/wp\/v2\/media\/8010"}],"wp:attachment":[{"href":"https:\/\/esquell.eu\/de\/wp-json\/wp\/v2\/media?parent=26729"}],"wp:term":[{"taxonomy":"more","embeddable":true,"href":"https:\/\/esquell.eu\/de\/wp-json\/wp\/v2\/more?post=26729"},{"taxonomy":"product_brand","embeddable":true,"href":"https:\/\/esquell.eu\/de\/wp-json\/wp\/v2\/product_brand?post=26729"},{"taxonomy":"product_cat","embeddable":true,"href":"https:\/\/esquell.eu\/de\/wp-json\/wp\/v2\/product_cat?post=26729"},{"taxonomy":"product_tag","embeddable":true,"href":"https:\/\/esquell.eu\/de\/wp-json\/wp\/v2\/product_tag?post=26729"}],"curies":[{"name":"wp","href":"https:\/\/api.w.org\/{rel}","templated":true}]}}