{"id":26687,"date":"2025-04-03T09:23:07","date_gmt":"2025-04-03T09:23:07","guid":{"rendered":"https:\/\/esquell.eu\/product\/anhaengergehaeuse-mit-anhaengeroese-quadrat-aus-edelstahl-1515-mm\/"},"modified":"2025-04-03T09:23:07","modified_gmt":"2025-04-03T09:23:07","slug":"anhaengergehaeuse-mit-anhaengeroese-quadrat-aus-edelstahl-1515-mm","status":"publish","type":"product","link":"https:\/\/esquell.eu\/de\/produkt\/anhaengergehaeuse-mit-anhaengeroese-quadrat-aus-edelstahl-1515-mm\/","title":{"rendered":"Anh\u00e4ngergeh\u00e4use mit Anh\u00e4nger\u00f6se. Quadrat aus Edelstahl 15*15 mm"},"content":{"rendered":"<p>H\u00e4ngeschrank aus Edelstahl. quadratisch mit H\u00e4nge\u00f6se.<br \/>\nChirurgenstahl.<br \/>\nHypoallergen.<\/p>\n<p>Mit h\u00e4ngendem Auge. 15*15mm<\/p>\n<div class=\"product-addition-content\">\n<p>Anh\u00e4nger zum Bef\u00fcllen mit Harz, Ton, Glas, etc. Mit Anh\u00e4nger\u00f6se. <\/p>\n<p>Auch f\u00fcr die Anfertigung von Gedenkschmuck geeignet. Indem Sie den Anh\u00e4nger mit der Asche, dem Haar oder \u00e4hnlichem eines geliebten Menschen f\u00fcllen, schaffen Sie ein einzigartiges Schmuckst\u00fcck zum Gedenken. <\/p>\n<\/div>\n","protected":false},"excerpt":{"rendered":"<p>Geh\u00e4use des Anh\u00e4ngers aus Edelstahl.<br \/>\nRechteckig mit Anh\u00e4nger\u00f6se.<br \/>\nChirurgenstahl.<br \/>\nHypoallergen.<\/p>\n<p>&nbsp;<\/p>\n<p>Anh\u00e4nger zum Bef\u00fcllen mit Harz, Ton, Glas, etc. Mit Anh\u00e4nger\u00f6se. <\/p>\n<p>Auch f\u00fcr die Anfertigung von Gedenkschmuck geeignet. Indem Sie den Anh\u00e4nger mit der Asche, dem Haar oder \u00e4hnlichem eines geliebten Menschen f\u00fcllen, schaffen Sie ein einzigartiges Schmuckst\u00fcck zum Gedenken. <\/p>\n","protected":false},"featured_media":8004,"comment_status":"closed","ping_status":"closed","template":"","meta":{"_acf_changed":false,"_seopress_robots_primary_cat":"none","_seopress_titles_title":"","_seopress_titles_desc":"","_seopress_robots_index":""},"more":[],"product_brand":[6365],"product_cat":[9913],"product_tag":[8259,10393,17255,7803,6948,9081,7798,6817,6924,6773,17260,6797,6944,7812,6458,6790,6840,7084,7123,6936,7957,7676,17257,6494,6826,8502,9079,7799,8014,8545,8512,8477,10034,15621,6895,6909,7672,6842,6824,17261,6830,6934,8679,6822,17262,20744,9609,9865,17264,12078,6696,6897,17259,8640,6907,6786,6885,6804,8504,6950,6844,6952,6421,13742,7178,6455,8395,8389,6788,6938,6828,7524,8643,7674,7742,10486,6928,6419,7021,8500,17263,12403,11106,6899,6779,7509,6514,6558,6901,6417,6671,6812,7340,7445,8608,6893,6784,6795,10391,7575,6783,6838,7735],"class_list":{"0":"post-26687","1":"product","2":"type-product","3":"status-publish","4":"has-post-thumbnail","6":"product_brand-l1","7":"product_cat-led-und-uv-harz","8":"product_tag-acryl","9":"product_tag-acrylharz","10":"product_tag-allergisch","11":"product_tag-almelo","12":"product_tag-almere","13":"product_tag-als","14":"product_tag-amersfoort","15":"product_tag-amsterdam","16":"product_tag-anhanger-2","17":"product_tag-antwerpen","18":"product_tag-ardennen","19":"product_tag-arnheim","20":"product_tag-assen","21":"product_tag-beilen","22":"product_tag-belgien","23":"product_tag-bestellung","24":"product_tag-brabant","25":"product_tag-breda","26":"product_tag-brucke","27":"product_tag-brussel","28":"product_tag-cabochon","29":"product_tag-cernit","30":"product_tag-chirurgisch","31":"product_tag-diy","32":"product_tag-drenthe","33":"product_tag-dronten","34":"product_tag-einascherung","35":"product_tag-eindhoven","36":"product_tag-einkaufen-2","37":"product_tag-einkaufen-3","38":"product_tag-emmeloord","39":"product_tag-emmen","40":"product_tag-epoxid","41":"product_tag-epoxidharz","42":"product_tag-es","43":"product_tag-facebook","44":"product_tag-fimo","45":"product_tag-flevoland","46":"product_tag-friesland","47":"product_tag-gedenkschmuck-3","48":"product_tag-gelderland","49":"product_tag-gent","50":"product_tag-google","51":"product_tag-groningen","52":"product_tag-hangeschrank","53":"product_tag-hangeschrank-2","54":"product_tag-harz","55":"product_tag-harz-2","56":"product_tag-heerenven","57":"product_tag-hypoallergen","58":"product_tag-ideen","59":"product_tag-ihr","60":"product_tag-ihre","61":"product_tag-inspiration","62":"product_tag-instagram","63":"product_tag-kaufen","64":"product_tag-kaufen-2","65":"product_tag-kostenlos","66":"product_tag-lager","67":"product_tag-lelystad","68":"product_tag-limburg","69":"product_tag-luttich","70":"product_tag-machen","71":"product_tag-moor","72":"product_tag-nicht","73":"product_tag-niederlande","74":"product_tag-nordholland","75":"product_tag-nordost-polder","76":"product_tag-online","77":"product_tag-ostende","78":"product_tag-overijssel","79":"product_tag-perlen-2","80":"product_tag-pinterest","81":"product_tag-polymer-clay","82":"product_tag-rostfreier-stahl","83":"product_tag-rostfreier-stahl-3","84":"product_tag-rotterdam","85":"product_tag-schmuck","86":"product_tag-schmuck-3","87":"product_tag-schmuck-selber-machen","88":"product_tag-schmuckkomponenten-2","89":"product_tag-schmuckteile-2","90":"product_tag-schranke","91":"product_tag-selbst","92":"product_tag-selbstgemacht","93":"product_tag-senden","94":"product_tag-setzkasten","95":"product_tag-sie-selbst","96":"product_tag-sie-selbst-2","97":"product_tag-silber","98":"product_tag-silber-2","99":"product_tag-silber-3","100":"product_tag-silverclay-co-uk","101":"product_tag-stahl","102":"product_tag-sudholland","103":"product_tag-tun","104":"product_tag-unter-2","105":"product_tag-utrecht","106":"product_tag-uv","107":"product_tag-uv-harz","108":"product_tag-wobei","109":"product_tag-zeeland","110":"product_tag-zu-verkaufen","111":"product_shipping_class-standard","113":"first","114":"instock","115":"taxable","116":"shipping-taxable","117":"purchasable","118":"product-type-simple"},"acf":[],"_links":{"self":[{"href":"https:\/\/esquell.eu\/de\/wp-json\/wp\/v2\/product\/26687","targetHints":{"allow":["GET"]}}],"collection":[{"href":"https:\/\/esquell.eu\/de\/wp-json\/wp\/v2\/product"}],"about":[{"href":"https:\/\/esquell.eu\/de\/wp-json\/wp\/v2\/types\/product"}],"replies":[{"embeddable":true,"href":"https:\/\/esquell.eu\/de\/wp-json\/wp\/v2\/comments?post=26687"}],"wp:featuredmedia":[{"embeddable":true,"href":"https:\/\/esquell.eu\/de\/wp-json\/wp\/v2\/media\/8004"}],"wp:attachment":[{"href":"https:\/\/esquell.eu\/de\/wp-json\/wp\/v2\/media?parent=26687"}],"wp:term":[{"taxonomy":"more","embeddable":true,"href":"https:\/\/esquell.eu\/de\/wp-json\/wp\/v2\/more?post=26687"},{"taxonomy":"product_brand","embeddable":true,"href":"https:\/\/esquell.eu\/de\/wp-json\/wp\/v2\/product_brand?post=26687"},{"taxonomy":"product_cat","embeddable":true,"href":"https:\/\/esquell.eu\/de\/wp-json\/wp\/v2\/product_cat?post=26687"},{"taxonomy":"product_tag","embeddable":true,"href":"https:\/\/esquell.eu\/de\/wp-json\/wp\/v2\/product_tag?post=26687"}],"curies":[{"name":"wp","href":"https:\/\/api.w.org\/{rel}","templated":true}]}}