{"id":26676,"date":"2025-04-03T09:23:07","date_gmt":"2025-04-03T09:23:07","guid":{"rendered":"https:\/\/esquell.eu\/product\/abreissbare-palette-fuer-acrylharz-harz-epoxid-r-0177\/"},"modified":"2025-04-03T09:23:07","modified_gmt":"2025-04-03T09:23:07","slug":"abreissbare-palette-fuer-acrylharz-harz-epoxid-r-0177","status":"publish","type":"product","link":"https:\/\/esquell.eu\/de\/produkt\/abreissbare-palette-fuer-acrylharz-harz-epoxid-r-0177\/","title":{"rendered":"Abrei\u00dfbare Palette f\u00fcr Acrylharz, Harz, Epoxid. (R-0177)"},"content":{"rendered":"<p>Die Abrei\u00dfpalette (10 x 14,8 cm) ist ideal f\u00fcr die Verwendung mit UV-Harz.<br \/>\nSie enth\u00e4lt 30 Blatt Papier mit einer speziellen Beschichtung, die daf\u00fcr sorgt, dass Farbe und Tinte nicht aufgesaugt werden.<br \/>\nWenn Sie fertig sind, k\u00f6nnen Sie das benutzte Blatt abrei\u00dfen und die Palette ist dann wieder einsatzbereit.<\/p>\n","protected":false},"excerpt":{"rendered":"<p>Die Abrei\u00dfpalette (10 x 14,8 cm) ist ideal f\u00fcr die Verwendung mit UV-Harz. Sie enth\u00e4lt 30 Blatt Papier mit einer speziellen Beschichtung, die verhindert, dass Farbe und Tinte aufgesaugt werden. Wenn Sie fertig sind, k\u00f6nnen Sie das benutzte Blatt abrei\u00dfen und die Palette ist dann wieder einsatzbereit.  <\/p>\n<p>&nbsp;<\/p>\n<p>Abrei\u00dfbare Palette zum Mischen von UV-Harz, Wasserfarbe, \u00d6lfarbe, Acrylfarbe usw.<\/p>\n","protected":false},"featured_media":4221,"comment_status":"closed","ping_status":"closed","template":"","meta":{"_acf_changed":false,"_seopress_robots_primary_cat":"none","_seopress_titles_title":"","_seopress_titles_desc":"","_seopress_robots_index":""},"more":[],"product_brand":[6413],"product_cat":[9913],"product_tag":[20739,20722,20742,20741,20721],"class_list":{"0":"post-26676","1":"product","2":"type-product","3":"status-publish","4":"has-post-thumbnail","6":"product_brand-acs","7":"product_cat-led-und-uv-harz","8":"product_tag-abreisen","9":"product_tag-abreispalette","10":"product_tag-einwegpalette","11":"product_tag-paletten","12":"product_tag-spachtel","13":"product_shipping_class-standard","15":"first","16":"instock","17":"taxable","18":"shipping-taxable","19":"purchasable","20":"product-type-simple"},"acf":[],"_links":{"self":[{"href":"https:\/\/esquell.eu\/de\/wp-json\/wp\/v2\/product\/26676","targetHints":{"allow":["GET"]}}],"collection":[{"href":"https:\/\/esquell.eu\/de\/wp-json\/wp\/v2\/product"}],"about":[{"href":"https:\/\/esquell.eu\/de\/wp-json\/wp\/v2\/types\/product"}],"replies":[{"embeddable":true,"href":"https:\/\/esquell.eu\/de\/wp-json\/wp\/v2\/comments?post=26676"}],"wp:featuredmedia":[{"embeddable":true,"href":"https:\/\/esquell.eu\/de\/wp-json\/wp\/v2\/media\/4221"}],"wp:attachment":[{"href":"https:\/\/esquell.eu\/de\/wp-json\/wp\/v2\/media?parent=26676"}],"wp:term":[{"taxonomy":"more","embeddable":true,"href":"https:\/\/esquell.eu\/de\/wp-json\/wp\/v2\/more?post=26676"},{"taxonomy":"product_brand","embeddable":true,"href":"https:\/\/esquell.eu\/de\/wp-json\/wp\/v2\/product_brand?post=26676"},{"taxonomy":"product_cat","embeddable":true,"href":"https:\/\/esquell.eu\/de\/wp-json\/wp\/v2\/product_cat?post=26676"},{"taxonomy":"product_tag","embeddable":true,"href":"https:\/\/esquell.eu\/de\/wp-json\/wp\/v2\/product_tag?post=26676"}],"curies":[{"name":"wp","href":"https:\/\/api.w.org\/{rel}","templated":true}]}}