{"id":26553,"date":"2025-04-03T09:22:55","date_gmt":"2025-04-03T09:22:55","guid":{"rendered":"https:\/\/esquell.eu\/product\/schmuckzange-flachbett-lang-gerippt-budget-version\/"},"modified":"2025-04-03T09:22:55","modified_gmt":"2025-04-03T09:22:55","slug":"schmuckzange-flachbett-lang-gerippt-budget-version","status":"publish","type":"product","link":"https:\/\/esquell.eu\/de\/produkt\/schmuckzange-flachbett-lang-gerippt-budget-version\/","title":{"rendered":"Schmuckzange Flachbett lang gerippt Budget Version"},"content":{"rendered":"<p>Mit dieser langen Flachzange mit gerippten Backen k\u00f6nnen Sie Perlen zuklemmen, Ringe \u00f6ffnen und schlie\u00dfen und Verschl\u00fcsse an Ketten, Halsb\u00e4ndern, Kordeln oder Leder befestigen.<br \/>\nDie Zange verf\u00fcgt \u00fcber griffige Griffe und ein solides, ergonomisches Design<\/p>\n","protected":false},"excerpt":{"rendered":"<p>Mit dieser langen Flachzange mit gerippten Backen k\u00f6nnen Sie Perlen zuklemmen, Ringe \u00f6ffnen und schlie\u00dfen und Verschl\u00fcsse an Ketten, Halsb\u00e4ndern, Kordeln oder Leder befestigen.<br \/>\nDie Zange verf\u00fcgt \u00fcber griffige Griffe und ein solides, ergonomisches Design<\/p>\n<p>&nbsp;<\/p>\n","protected":false},"featured_media":4228,"comment_status":"closed","ping_status":"closed","template":"","meta":{"_acf_changed":false,"_seopress_robots_primary_cat":"none","_seopress_titles_title":"","_seopress_titles_desc":"","_seopress_robots_index":""},"more":[],"product_brand":[6365],"product_cat":[7434],"product_tag":[20354,20325,20342,20383,20324,20341,8529,11619,20317,20339,20340,20468,20322,20319,20338],"class_list":{"0":"post-26553","1":"product","2":"type-product","3":"status-publish","4":"has-post-thumbnail","6":"product_brand-l1","7":"product_cat-zange-und-pinzette","8":"product_tag-flachbettzange","9":"product_tag-hobbyzange","10":"product_tag-hobbyzange-2","11":"product_tag-hobbyzange-3","12":"product_tag-kutter-8","13":"product_tag-kutter-9","14":"product_tag-lang","15":"product_tag-schmuckherstellung-3","16":"product_tag-schmuckzange","17":"product_tag-schmuckzange-2","18":"product_tag-seitenschneider","19":"product_tag-seitenschneider-2","20":"product_tag-weicher-griff","21":"product_tag-zange-3","22":"product_tag-zange-4","23":"product_shipping_class-standard","25":"first","26":"instock","27":"taxable","28":"shipping-taxable","29":"purchasable","30":"product-type-simple"},"acf":[],"_links":{"self":[{"href":"https:\/\/esquell.eu\/de\/wp-json\/wp\/v2\/product\/26553","targetHints":{"allow":["GET"]}}],"collection":[{"href":"https:\/\/esquell.eu\/de\/wp-json\/wp\/v2\/product"}],"about":[{"href":"https:\/\/esquell.eu\/de\/wp-json\/wp\/v2\/types\/product"}],"replies":[{"embeddable":true,"href":"https:\/\/esquell.eu\/de\/wp-json\/wp\/v2\/comments?post=26553"}],"wp:featuredmedia":[{"embeddable":true,"href":"https:\/\/esquell.eu\/de\/wp-json\/wp\/v2\/media\/4228"}],"wp:attachment":[{"href":"https:\/\/esquell.eu\/de\/wp-json\/wp\/v2\/media?parent=26553"}],"wp:term":[{"taxonomy":"more","embeddable":true,"href":"https:\/\/esquell.eu\/de\/wp-json\/wp\/v2\/more?post=26553"},{"taxonomy":"product_brand","embeddable":true,"href":"https:\/\/esquell.eu\/de\/wp-json\/wp\/v2\/product_brand?post=26553"},{"taxonomy":"product_cat","embeddable":true,"href":"https:\/\/esquell.eu\/de\/wp-json\/wp\/v2\/product_cat?post=26553"},{"taxonomy":"product_tag","embeddable":true,"href":"https:\/\/esquell.eu\/de\/wp-json\/wp\/v2\/product_tag?post=26553"}],"curies":[{"name":"wp","href":"https:\/\/api.w.org\/{rel}","templated":true}]}}