{"id":26528,"date":"2025-04-03T09:22:55","date_gmt":"2025-04-03T09:22:55","guid":{"rendered":"https:\/\/esquell.eu\/product\/schmuckzange-mit-runder-spitze-budget-version\/"},"modified":"2025-04-03T09:22:55","modified_gmt":"2025-04-03T09:22:55","slug":"schmuckzange-mit-runder-spitze-budget-version","status":"publish","type":"product","link":"https:\/\/esquell.eu\/de\/produkt\/schmuckzange-mit-runder-spitze-budget-version\/","title":{"rendered":"Schmuckzange mit runder Spitze Budget-Version"},"content":{"rendered":"<p>Verwenden Sie die Rundzange, um \u00d6sen an Draht oder die Enden von Ketten- oder Klammerstiften zu biegen.<\/p>\n<p>Auch zum \u00d6ffnen und Schlie\u00dfen von \u00d6sen geeignet.<br \/>\nSolides Design mit griffigen Griffen.<\/p>\n<p>Geeignet f\u00fcr feine Arbeiten.<\/p>\n","protected":false},"excerpt":{"rendered":"<p>Verwenden Sie die Rundzange, um \u00d6sen an Draht oder an den Enden von Ketten- oder Klammerstiften zu biegen. Auch zum \u00d6ffnen und Schlie\u00dfen von \u00d6sen geeignet.<br \/>\nSolides Design mit Softgrip-Griff. Geeignet f\u00fcr feine Arbeiten.  <\/p>\n","protected":false},"featured_media":7323,"comment_status":"closed","ping_status":"closed","template":"","meta":{"_acf_changed":false,"_seopress_robots_primary_cat":"none","_seopress_titles_title":"","_seopress_titles_desc":"","_seopress_robots_index":""},"more":[],"product_brand":[6365],"product_cat":[7434],"product_tag":[8530,6494,8508,12422,20325,20342,20383,16382,20324,20341,12395,8528,20326,11619,20317,20339,16374,20322,20319,20338],"class_list":{"0":"post-26528","1":"product","2":"type-product","3":"status-publish","4":"has-post-thumbnail","6":"product_brand-l1","7":"product_cat-zange-und-pinzette","8":"product_tag-augen","9":"product_tag-diy","10":"product_tag-draht","11":"product_tag-draht-2","12":"product_tag-hobbyzange","13":"product_tag-hobbyzange-2","14":"product_tag-hobbyzange-3","15":"product_tag-kettenbolzen","16":"product_tag-kutter-8","17":"product_tag-kutter-9","18":"product_tag-metalldraht","19":"product_tag-ringe-2","20":"product_tag-rundzange","21":"product_tag-schmuckherstellung-3","22":"product_tag-schmuckzange","23":"product_tag-schmuckzange-2","24":"product_tag-tackernadeln","25":"product_tag-weicher-griff","26":"product_tag-zange-3","27":"product_tag-zange-4","28":"product_shipping_class-standard","30":"first","31":"instock","32":"taxable","33":"shipping-taxable","34":"purchasable","35":"product-type-simple"},"acf":[],"_links":{"self":[{"href":"https:\/\/esquell.eu\/de\/wp-json\/wp\/v2\/product\/26528","targetHints":{"allow":["GET"]}}],"collection":[{"href":"https:\/\/esquell.eu\/de\/wp-json\/wp\/v2\/product"}],"about":[{"href":"https:\/\/esquell.eu\/de\/wp-json\/wp\/v2\/types\/product"}],"replies":[{"embeddable":true,"href":"https:\/\/esquell.eu\/de\/wp-json\/wp\/v2\/comments?post=26528"}],"wp:featuredmedia":[{"embeddable":true,"href":"https:\/\/esquell.eu\/de\/wp-json\/wp\/v2\/media\/7323"}],"wp:attachment":[{"href":"https:\/\/esquell.eu\/de\/wp-json\/wp\/v2\/media?parent=26528"}],"wp:term":[{"taxonomy":"more","embeddable":true,"href":"https:\/\/esquell.eu\/de\/wp-json\/wp\/v2\/more?post=26528"},{"taxonomy":"product_brand","embeddable":true,"href":"https:\/\/esquell.eu\/de\/wp-json\/wp\/v2\/product_brand?post=26528"},{"taxonomy":"product_cat","embeddable":true,"href":"https:\/\/esquell.eu\/de\/wp-json\/wp\/v2\/product_cat?post=26528"},{"taxonomy":"product_tag","embeddable":true,"href":"https:\/\/esquell.eu\/de\/wp-json\/wp\/v2\/product_tag?post=26528"}],"curies":[{"name":"wp","href":"https:\/\/api.w.org\/{rel}","templated":true}]}}