{"id":26509,"date":"2025-04-03T09:22:55","date_gmt":"2025-04-03T09:22:55","guid":{"rendered":"https:\/\/esquell.eu\/product\/saegeblaetter-fuer-schmuck-nr-2-standard-12-saegeblaetter\/"},"modified":"2025-04-03T09:22:55","modified_gmt":"2025-04-03T09:22:55","slug":"saegeblaetter-fuer-schmuck-nr-2-standard-12-saegeblaetter","status":"publish","type":"product","link":"https:\/\/esquell.eu\/de\/produkt\/saegeblaetter-fuer-schmuck-nr-2-standard-12-saegeblaetter\/","title":{"rendered":"S\u00e4gebl\u00e4tter f\u00fcr Schmuck. Nr. 2 (Standard) 12 S\u00e4gebl\u00e4tter"},"content":{"rendered":"<p>S\u00e4gebl\u00e4tter f\u00fcr (Edel-)Metalle.<br \/>\nPackung mit 12 S\u00e4gebl\u00e4ttern Nr. 2 ( Standard)<br \/>\nHochwertige Schmucks\u00e4gebl\u00e4tter.<br \/>\nGeeignet f\u00fcr verstellbare S\u00e4geb\u00fcgel.<\/p>\n","protected":false},"excerpt":{"rendered":"<p>S\u00e4gebl\u00e4tter f\u00fcr (Edel-)Metalle.<br \/>\nPackung mit 12 S\u00e4gebl\u00e4ttern Nr. 2 ( Standard)<br \/>\nHochwertige Schmucks\u00e4gebl\u00e4tter.<br \/>\nGeeignet f\u00fcr verstellbare S\u00e4geb\u00fcgel.<\/p>\n","protected":false},"featured_media":7325,"comment_status":"closed","ping_status":"closed","template":"","meta":{"_acf_changed":false,"_seopress_robots_primary_cat":"none","_seopress_titles_title":"","_seopress_titles_desc":"","_seopress_robots_index":""},"more":[],"product_brand":[6365],"product_cat":[10426,10331],"product_tag":[6488,6506,6948,6817,6802,6773,6799,6797,20576,6438,8126,6944,8543,7812,6458,20569,6415,6840,7084,7387,6903,6936,20571,17992,6494,6826,20575,7802,6895,19287,6842,6824,7017,11697,6830,6934,6767,7095,20573,6822,6692,9980,6946,6836,6696,6897,6786,6804,7131,8394,10734,6905,6932,6950,6844,19288,8668,7801,6421,9539,10730,10736,6444,16750,6441,7800,6455,6832,6682,8001,6777,7742,20574,19283,15165,10743,20498,6419,20572,11731,6899,6889,9195,6417,6812,20567,19286,10732,7086,6490,7340,6920,6834,8580,6893,11105,6784,6795,8483,6783,6838,7796],"class_list":{"0":"post-26509","1":"product","2":"type-product","3":"status-publish","4":"has-post-thumbnail","6":"product_brand-l1","7":"product_cat-metall","8":"product_cat-sagen-und-schneidewerkzeuge","9":"product_tag-6488","10":"product_tag-6506","11":"product_tag-almere","12":"product_tag-amsterdam","13":"product_tag-angebot","14":"product_tag-antwerpen","15":"product_tag-apeldoorn","16":"product_tag-arnheim","17":"product_tag-artcaly","18":"product_tag-artclaysilver","19":"product_tag-artclaysilvershop","20":"product_tag-assen","21":"product_tag-aussie","22":"product_tag-beilen","23":"product_tag-belgien","24":"product_tag-bilder","25":"product_tag-billig","26":"product_tag-brabant","27":"product_tag-breda","28":"product_tag-bronze","29":"product_tag-bronze-ton","30":"product_tag-brussel","31":"product_tag-bugelsage","32":"product_tag-die-5","33":"product_tag-diy","34":"product_tag-drenthe","35":"product_tag-endofen","36":"product_tag-enschede","37":"product_tag-es","38":"product_tag-fleur","39":"product_tag-flevoland","40":"product_tag-friesland","41":"product_tag-fur","42":"product_tag-fur-manner","43":"product_tag-gelderland","44":"product_tag-gent","45":"product_tag-gold","46":"product_tag-gold-2","47":"product_tag-goldplatte","48":"product_tag-groningen","49":"product_tag-handbuch","50":"product_tag-handgefertigt","51":"product_tag-heerenveen","52":"product_tag-holland","53":"product_tag-ideen","54":"product_tag-ihr","55":"product_tag-kaufen","56":"product_tag-kostenlos","57":"product_tag-kupfer","58":"product_tag-kupfer-3","59":"product_tag-kupferstich-2","60":"product_tag-kupferton","61":"product_tag-leeuwarden","62":"product_tag-lelystad","63":"product_tag-limburg","64":"product_tag-liss","65":"product_tag-lose","66":"product_tag-maastricht","67":"product_tag-machen","68":"product_tag-messing","69":"product_tag-messing-2","70":"product_tag-messingplatte","71":"product_tag-metalclay","72":"product_tag-metallblech","73":"product_tag-metallton","74":"product_tag-middelburg","75":"product_tag-niederlande","76":"product_tag-norden","77":"product_tag-ohrringe","78":"product_tag-pmc","79":"product_tag-ringe","80":"product_tag-rostfreier-stahl","81":"product_tag-roterdam","82":"product_tag-sagebugel","83":"product_tag-sagen","84":"product_tag-sah","85":"product_tag-sah-2","86":"product_tag-schmuck","87":"product_tag-schmucksage","88":"product_tag-schnappen","89":"product_tag-selbst","90":"product_tag-shop","91":"product_tag-shop-2","92":"product_tag-silber","93":"product_tag-silber-3","94":"product_tag-silberladen-2","95":"product_tag-silbermond","96":"product_tag-silberplatte","97":"product_tag-silberschmiede","98":"product_tag-silberton","99":"product_tag-silverclay-co-uk","100":"product_tag-sterling","101":"product_tag-sud","102":"product_tag-tipps","103":"product_tag-tun","104":"product_tag-und","105":"product_tag-unter-2","106":"product_tag-utrecht","107":"product_tag-venlo","108":"product_tag-wobei","109":"product_tag-zeeland","110":"product_tag-zwolle","111":"product_shipping_class-standard","113":"first","114":"instock","115":"taxable","116":"shipping-taxable","117":"purchasable","118":"product-type-simple"},"acf":[],"_links":{"self":[{"href":"https:\/\/esquell.eu\/de\/wp-json\/wp\/v2\/product\/26509","targetHints":{"allow":["GET"]}}],"collection":[{"href":"https:\/\/esquell.eu\/de\/wp-json\/wp\/v2\/product"}],"about":[{"href":"https:\/\/esquell.eu\/de\/wp-json\/wp\/v2\/types\/product"}],"replies":[{"embeddable":true,"href":"https:\/\/esquell.eu\/de\/wp-json\/wp\/v2\/comments?post=26509"}],"wp:featuredmedia":[{"embeddable":true,"href":"https:\/\/esquell.eu\/de\/wp-json\/wp\/v2\/media\/7325"}],"wp:attachment":[{"href":"https:\/\/esquell.eu\/de\/wp-json\/wp\/v2\/media?parent=26509"}],"wp:term":[{"taxonomy":"more","embeddable":true,"href":"https:\/\/esquell.eu\/de\/wp-json\/wp\/v2\/more?post=26509"},{"taxonomy":"product_brand","embeddable":true,"href":"https:\/\/esquell.eu\/de\/wp-json\/wp\/v2\/product_brand?post=26509"},{"taxonomy":"product_cat","embeddable":true,"href":"https:\/\/esquell.eu\/de\/wp-json\/wp\/v2\/product_cat?post=26509"},{"taxonomy":"product_tag","embeddable":true,"href":"https:\/\/esquell.eu\/de\/wp-json\/wp\/v2\/product_tag?post=26509"}],"curies":[{"name":"wp","href":"https:\/\/api.w.org\/{rel}","templated":true}]}}