{"id":26499,"date":"2025-04-03T09:22:55","date_gmt":"2025-04-03T09:22:55","guid":{"rendered":"https:\/\/esquell.eu\/product\/kreisausstecher-8er-set\/"},"modified":"2025-04-03T09:22:55","modified_gmt":"2025-04-03T09:22:55","slug":"kreisausstecher-8er-set","status":"publish","type":"product","link":"https:\/\/esquell.eu\/de\/produkt\/kreisausstecher-8er-set\/","title":{"rendered":"Kreisausstecher 8er Set"},"content":{"rendered":"<div class=\"product-addition-content\">\n<p>Set mit 8 Kreisausstechern zwischen 1 mm und 10,3 mm Durchmesser.<\/p>\n<p>Ausstechformen f\u00fcr Ton. Mini-Ausstechformen <\/p>\n<p>1mm<br \/>\n1.2mm<br \/>\n1.5mm<br \/>\n2.3mm<br \/>\n3.5mm<br \/>\n5.8mm<br \/>\n8.3mm<br \/>\n10.3mm<\/p>\n<\/div>\n<p>Kreieren Sie m\u00fchelos einzigartige und moderne Formen aus Ton mit diesem hochwertigen Set von organisch geformten Tonausstechern. Ideal f\u00fcr Silber-, Kupfer- und Bronzeton und andere Arten von Ton. Auch f\u00fcr Keramik und Polymer Clay geeignet. <\/p>\n<p>Sie variieren in der Gr\u00f6\u00dfe von klein bis gro\u00df und eignen sich perfekt f\u00fcr Ohrringe, Anh\u00e4nger, Glieder und dekorative Elemente.<\/p>\n<p>F\u00fcr den h\u00e4ufigen Gebrauch. Hergestellt aus hochwertigem Kunststoff. Beh\u00e4lt seine Form  <\/p>\n<p>Der Vorteil gegen\u00fcber dem Nadelstift ist, dass Sie damit enge Schnittkanten erhalten, ohne auszufransen. Und genau zu duplizieren, was z.B. f\u00fcr Ohrringe praktisch ist. <\/p>\n<p>Kombinieren Sie die Formen miteinander, mit anderen Formen aus anderen Ausschneideb\u00f6gen.<\/p>\n<p>Kombinieren Sie mit Strukturmatten und Stempeln f\u00fcr Muster, Textur und Relief.<\/p>\n","protected":false},"excerpt":{"rendered":"<p>Set mit 8 Kreisausstechern zwischen 1 mm und 10,3 mm Durchmesser.<\/p>\n<p>Ausstechformen f\u00fcr Ton. Mini-Ausstechformen <\/p>\n<p>1mm<br \/>\n1.2mm<br \/>\n1.5mm<br \/>\n2.3mm<br \/>\n3.5mm<br \/>\n5.8mm<br \/>\n8.3mm<br \/>\n10.3mm<\/p>\n","protected":false},"featured_media":26500,"comment_status":"closed","ping_status":"closed","template":"","meta":{"_acf_changed":false,"_seopress_robots_primary_cat":"none","_seopress_titles_title":"","_seopress_titles_desc":"","_seopress_robots_index":""},"more":[],"product_brand":[6365],"product_cat":[6811],"product_tag":[9197,6508,6506,6817,6802,6689,6492,9208,8330,6415,6840,7387,6903,7676,6603,8559,6494,6826,20543,8907,9193,7672,6842,7680,6824,6830,6767,6769,6822,6692,8763,6836,9184,6786,13750,19225,20540,6498,7131,6905,6775,7744,20542,6844,6421,6444,7557,8137,6441,7553,7955,8392,6832,8395,8770,9199,6682,8946,9200,9302,6788,6828,8001,7674,6496,8092,6777,9202,8767,6419,6820,6889,9195,6558,6417,6812,6490,7507,7923,6464,6834,8608,9204,6435,6500,6556,6784,6795,9206,7072,6814,6690,7441,6605,6818,8658,6783,7064,6838,7068],"class_list":{"0":"post-26499","1":"product","2":"type-product","3":"status-publish","4":"has-post-thumbnail","6":"product_brand-l1","7":"product_cat-ausstecher-fur-ton","8":"product_tag-9197","9":"product_tag-6508","10":"product_tag-6506","11":"product_tag-amsterdam","12":"product_tag-angebot","13":"product_tag-armband","14":"product_tag-artclay","15":"product_tag-assecoires","16":"product_tag-biegsames-silber-2","17":"product_tag-billig","18":"product_tag-brabant","19":"product_tag-bronze","20":"product_tag-bronze-ton","21":"product_tag-cernit","22":"product_tag-cool","23":"product_tag-cooltools","24":"product_tag-diy","25":"product_tag-drenthe","26":"product_tag-drucken-6","27":"product_tag-einsteigerpakete","28":"product_tag-einsteigerpakete-2","29":"product_tag-fimo","30":"product_tag-flevoland","31":"product_tag-formulare","32":"product_tag-friesland","33":"product_tag-gelderland","34":"product_tag-gold","35":"product_tag-goldton","36":"product_tag-groningen","37":"product_tag-handbuch","38":"product_tag-handbucher","39":"product_tag-holland","40":"product_tag-internet","41":"product_tag-kaufen","42":"product_tag-kitt","43":"product_tag-kreis","44":"product_tag-kreis-2","45":"product_tag-kunst","46":"product_tag-kupfer","47":"product_tag-kupferton","48":"product_tag-kurzwarengeschaft","49":"product_tag-kutter-2","50":"product_tag-kutter-11","51":"product_tag-limburg","52":"product_tag-machen","53":"product_tag-metalclay","54":"product_tag-metall","55":"product_tag-metall-3","56":"product_tag-metallton","57":"product_tag-modellierung","58":"product_tag-naturlich","59":"product_tag-nop","60":"product_tag-norden","61":"product_tag-nordholland","62":"product_tag-ohrring","63":"product_tag-ohrring-2","64":"product_tag-ohrringe","65":"product_tag-ohrstecker-2","66":"product_tag-ohrstecker-3","67":"product_tag-ohrstecker-5","68":"product_tag-online","69":"product_tag-overijssel","70":"product_tag-pmc","71":"product_tag-polymer-clay","72":"product_tag-recycelt","73":"product_tag-ring","74":"product_tag-ringe","75":"product_tag-schleifen-2","76":"product_tag-schmuck-5","77":"product_tag-schmuck","78":"product_tag-schmuck-2","79":"product_tag-shop","80":"product_tag-shop-2","81":"product_tag-sie-selbst","82":"product_tag-silber","83":"product_tag-silber-3","84":"product_tag-silberton","85":"product_tag-starterset","86":"product_tag-starterset-2","87":"product_tag-stein","88":"product_tag-sud","89":"product_tag-sudholland","90":"product_tag-textur","91":"product_tag-ton","92":"product_tag-ton-2","93":"product_tag-ton-3","94":"product_tag-unter-2","95":"product_tag-utrecht","96":"product_tag-vorlagen","97":"product_tag-wattenmeer","98":"product_tag-webshop","99":"product_tag-werkstatten","100":"product_tag-werkzeug-2","101":"product_tag-werkzeuge","102":"product_tag-werkzeuge-2","103":"product_tag-wissensbasis","104":"product_tag-wobei","105":"product_tag-workshop","106":"product_tag-zeeland","107":"product_tag-zirkoniumdioxid","108":"product_shipping_class-standard","110":"first","111":"instock","112":"sale","113":"taxable","114":"shipping-taxable","115":"purchasable","116":"product-type-simple"},"acf":[],"_links":{"self":[{"href":"https:\/\/esquell.eu\/de\/wp-json\/wp\/v2\/product\/26499","targetHints":{"allow":["GET"]}}],"collection":[{"href":"https:\/\/esquell.eu\/de\/wp-json\/wp\/v2\/product"}],"about":[{"href":"https:\/\/esquell.eu\/de\/wp-json\/wp\/v2\/types\/product"}],"replies":[{"embeddable":true,"href":"https:\/\/esquell.eu\/de\/wp-json\/wp\/v2\/comments?post=26499"}],"wp:featuredmedia":[{"embeddable":true,"href":"https:\/\/esquell.eu\/de\/wp-json\/wp\/v2\/media\/26500"}],"wp:attachment":[{"href":"https:\/\/esquell.eu\/de\/wp-json\/wp\/v2\/media?parent=26499"}],"wp:term":[{"taxonomy":"more","embeddable":true,"href":"https:\/\/esquell.eu\/de\/wp-json\/wp\/v2\/more?post=26499"},{"taxonomy":"product_brand","embeddable":true,"href":"https:\/\/esquell.eu\/de\/wp-json\/wp\/v2\/product_brand?post=26499"},{"taxonomy":"product_cat","embeddable":true,"href":"https:\/\/esquell.eu\/de\/wp-json\/wp\/v2\/product_cat?post=26499"},{"taxonomy":"product_tag","embeddable":true,"href":"https:\/\/esquell.eu\/de\/wp-json\/wp\/v2\/product_tag?post=26499"}],"curies":[{"name":"wp","href":"https:\/\/api.w.org\/{rel}","templated":true}]}}