{"id":26483,"date":"2025-04-03T09:22:55","date_gmt":"2025-04-03T09:22:55","guid":{"rendered":"https:\/\/esquell.eu\/product\/verstellbarer-saegebuegel\/"},"modified":"2025-04-03T09:22:55","modified_gmt":"2025-04-03T09:22:55","slug":"verstellbarer-saegebuegel","status":"publish","type":"product","link":"https:\/\/esquell.eu\/de\/produkt\/verstellbarer-saegebuegel\/","title":{"rendered":"Verstellbarer S\u00e4geb\u00fcgel"},"content":{"rendered":"<p>H\u00f6henverstellbares S\u00e4geblatt.<br \/>\nH\u00f6he max. 105 mm.<br \/>\nAus langlebigem Edelstahl.<br \/>\nMit Kunststoffgriff. Liegt gut in der Hand.<br \/>\nDie S\u00e4ge l\u00e4sst sich mit der Stellschraube einfach und schnell spannen. <\/p>\n","protected":false},"excerpt":{"rendered":"<p>S\u00e4geb\u00fcgel in der H\u00f6he verstellbar. H\u00f6he max. 105 mm. Aus robustem Edelstahl.<x id=\"gid_0\"><\/x>Mit Kunststoffgriff. Liegt gut in der Hand.<br \/>\nDie S\u00e4ge l\u00e4sst sich mit der Stellschraube einfach und schnell spannen.   <\/p>\n","protected":false},"featured_media":31536,"comment_status":"closed","ping_status":"closed","template":"","meta":{"_acf_changed":false,"_seopress_robots_primary_cat":"none","_seopress_titles_title":"","_seopress_titles_desc":"","_seopress_robots_index":""},"more":[],"product_brand":[6703],"product_cat":[10331],"product_tag":[6488,6506,6942,7803,6948,6817,6802,7058,6773,6799,7919,6797,6944,7812,6458,17092,20527,6415,8514,6840,8955,7387,6494,6826,7799,7802,6895,20008,6842,7555,6824,6830,6934,6767,6822,6998,11644,6946,11858,20528,6897,6786,6691,7131,10734,8504,6932,6950,6844,7801,6421,9539,10736,6444,8137,6441,7800,13742,6455,6682,6828,10829,11882,8092,6777,7742,20526,20530,20529,15165,10743,20498,21934,6419,20523,6899,6558,6417,12459,10732,9790,7086,6490,7445,20521,20524,6920,9264,9026,8580,17924,6893,6784,6795,8483,20525,7072,7643,6783,6838,7457,7796],"class_list":{"0":"post-26483","1":"product","2":"type-product","3":"status-publish","4":"has-post-thumbnail","6":"product_brand-bm","7":"product_cat-sagen-und-schneidewerkzeuge","8":"product_tag-6488","9":"product_tag-6506","10":"product_tag-alkmaar","11":"product_tag-almelo","12":"product_tag-almere","13":"product_tag-amsterdam","14":"product_tag-angebot","15":"product_tag-anhanger-3","16":"product_tag-antwerpen","17":"product_tag-apeldoorn","18":"product_tag-armbander-2","19":"product_tag-arnheim","20":"product_tag-assen","21":"product_tag-beilen","22":"product_tag-belgien","23":"product_tag-beratung","24":"product_tag-biegt","25":"product_tag-billig","26":"product_tag-blick","27":"product_tag-brabant","28":"product_tag-brachelet","29":"product_tag-bronze","30":"product_tag-diy","31":"product_tag-drenthe","32":"product_tag-eindhoven","33":"product_tag-enschede","34":"product_tag-es","35":"product_tag-flandern-2","36":"product_tag-flevoland","37":"product_tag-formbare","38":"product_tag-friesland","39":"product_tag-gelderland","40":"product_tag-gent","41":"product_tag-gold","42":"product_tag-groningen","43":"product_tag-halskette-2","44":"product_tag-harlingen","45":"product_tag-heerenveen","46":"product_tag-hintere-ecke","47":"product_tag-ideen-3","48":"product_tag-ihr","49":"product_tag-kaufen","50":"product_tag-kette","51":"product_tag-kupfer","52":"product_tag-kupferstich-2","53":"product_tag-lager","54":"product_tag-leeuwarden","55":"product_tag-lelystad","56":"product_tag-limburg","57":"product_tag-maastricht","58":"product_tag-machen","59":"product_tag-messing","60":"product_tag-messingplatte","61":"product_tag-metalclay","62":"product_tag-metall-3","63":"product_tag-metallton","64":"product_tag-middelburg","65":"product_tag-moor","66":"product_tag-niederlande","67":"product_tag-ohrringe","68":"product_tag-overijssel","69":"product_tag-pause","70":"product_tag-platte","71":"product_tag-ring","72":"product_tag-ringe","73":"product_tag-rostfreier-stahl","74":"product_tag-rotterdan","75":"product_tag-sageblatt","76":"product_tag-sageblatter","77":"product_tag-sagen","78":"product_tag-sah","79":"product_tag-sah-2","80":"product_tag-sah-3","81":"product_tag-schmuck","82":"product_tag-schnellspanner","83":"product_tag-selbst","84":"product_tag-sie-selbst","85":"product_tag-silber","86":"product_tag-silberdraht","87":"product_tag-silberplatte","88":"product_tag-silberschmied-2","89":"product_tag-silberschmiede","90":"product_tag-silberton","91":"product_tag-stahl","92":"product_tag-stellschraube","93":"product_tag-stellschrauben","94":"product_tag-sterling","95":"product_tag-stollen","96":"product_tag-technik","97":"product_tag-tipps","98":"product_tag-tricks","99":"product_tag-tun","100":"product_tag-unter-2","101":"product_tag-utrecht","102":"product_tag-venlo","103":"product_tag-wallonien","104":"product_tag-wattenmeer","105":"product_tag-wie","106":"product_tag-wobei","107":"product_tag-zeeland","108":"product_tag-zetkast","109":"product_tag-zwolle","110":"product_shipping_class-standard","112":"first","113":"instock","114":"taxable","115":"shipping-taxable","116":"purchasable","117":"product-type-simple"},"acf":[],"_links":{"self":[{"href":"https:\/\/esquell.eu\/de\/wp-json\/wp\/v2\/product\/26483","targetHints":{"allow":["GET"]}}],"collection":[{"href":"https:\/\/esquell.eu\/de\/wp-json\/wp\/v2\/product"}],"about":[{"href":"https:\/\/esquell.eu\/de\/wp-json\/wp\/v2\/types\/product"}],"replies":[{"embeddable":true,"href":"https:\/\/esquell.eu\/de\/wp-json\/wp\/v2\/comments?post=26483"}],"wp:featuredmedia":[{"embeddable":true,"href":"https:\/\/esquell.eu\/de\/wp-json\/wp\/v2\/media\/31536"}],"wp:attachment":[{"href":"https:\/\/esquell.eu\/de\/wp-json\/wp\/v2\/media?parent=26483"}],"wp:term":[{"taxonomy":"more","embeddable":true,"href":"https:\/\/esquell.eu\/de\/wp-json\/wp\/v2\/more?post=26483"},{"taxonomy":"product_brand","embeddable":true,"href":"https:\/\/esquell.eu\/de\/wp-json\/wp\/v2\/product_brand?post=26483"},{"taxonomy":"product_cat","embeddable":true,"href":"https:\/\/esquell.eu\/de\/wp-json\/wp\/v2\/product_cat?post=26483"},{"taxonomy":"product_tag","embeddable":true,"href":"https:\/\/esquell.eu\/de\/wp-json\/wp\/v2\/product_tag?post=26483"}],"curies":[{"name":"wp","href":"https:\/\/api.w.org\/{rel}","templated":true}]}}