{"id":26429,"date":"2025-04-03T09:22:46","date_gmt":"2025-04-03T09:22:46","guid":{"rendered":"https:\/\/esquell.eu\/product\/schmuckzange-zum-anbringen-von-oesen-am-draht\/"},"modified":"2025-12-22T11:15:05","modified_gmt":"2025-12-22T11:15:05","slug":"schmuckzange-zum-anbringen-von-oesen-am-draht","status":"publish","type":"product","link":"https:\/\/esquell.eu\/de\/produkt\/schmuckzange-zum-anbringen-von-oesen-am-draht\/","title":{"rendered":"Schmuckzange zum Anbringen von \u00d6sen am Draht"},"content":{"rendered":"<p>Schmuckzange, mit der Sie leicht Ringe aus Draht und Locken und andere Verzierungen in verschiedenen Gr\u00f6\u00dfen herstellen k\u00f6nnen.<br \/>\nDie Zange hat eine Spitze, die im Durchmesser zunimmt.<br \/>\nDie andere Seite der Backen ist hohl und sorgt f\u00fcr eine gleichm\u00e4\u00dfige Abrundung des Drahtes<\/p>\n","protected":false},"excerpt":{"rendered":"<p>Schmuckzange, mit der Sie leicht Ringe aus Draht und Locken und andere Verzierungen in verschiedenen Gr\u00f6\u00dfen herstellen k\u00f6nnen.<br \/>\nDie Zange hat eine Spitze, die im Durchmesser zunimmt. Die andere Seite der Backen ist hohl und sorgt f\u00fcr eine gleichm\u00e4\u00dfige Abrundung des Drahtes. <\/p>\n","protected":false},"featured_media":29176,"comment_status":"closed","ping_status":"closed","template":"","meta":{"_acf_changed":false,"_seopress_robots_primary_cat":"none","_seopress_titles_title":"","_seopress_titles_desc":"","_seopress_robots_index":""},"more":[],"product_brand":[6365],"product_cat":[7434],"product_tag":[12422,20443,12410,20439,21866,20325,20342,20441,11619,20339,20442],"class_list":{"0":"post-26429","1":"product","2":"type-product","3":"status-publish","4":"has-post-thumbnail","6":"product_brand-l1","7":"product_cat-zange-und-pinzette","8":"product_tag-draht-2","9":"product_tag-drahtschlaufenzange","10":"product_tag-drahtschmuck-2","11":"product_tag-drahtschmuck-3","12":"product_tag-drahtschmuck-4","13":"product_tag-hobbyzange","14":"product_tag-hobbyzange-2","15":"product_tag-schleifenbildung","16":"product_tag-schmuckherstellung-3","17":"product_tag-schmuckzange-2","18":"product_tag-zange-6","19":"product_shipping_class-standard","21":"first","22":"instock","23":"taxable","24":"shipping-taxable","25":"purchasable","26":"product-type-simple"},"acf":[],"_links":{"self":[{"href":"https:\/\/esquell.eu\/de\/wp-json\/wp\/v2\/product\/26429","targetHints":{"allow":["GET"]}}],"collection":[{"href":"https:\/\/esquell.eu\/de\/wp-json\/wp\/v2\/product"}],"about":[{"href":"https:\/\/esquell.eu\/de\/wp-json\/wp\/v2\/types\/product"}],"replies":[{"embeddable":true,"href":"https:\/\/esquell.eu\/de\/wp-json\/wp\/v2\/comments?post=26429"}],"wp:featuredmedia":[{"embeddable":true,"href":"https:\/\/esquell.eu\/de\/wp-json\/wp\/v2\/media\/29176"}],"wp:attachment":[{"href":"https:\/\/esquell.eu\/de\/wp-json\/wp\/v2\/media?parent=26429"}],"wp:term":[{"taxonomy":"more","embeddable":true,"href":"https:\/\/esquell.eu\/de\/wp-json\/wp\/v2\/more?post=26429"},{"taxonomy":"product_brand","embeddable":true,"href":"https:\/\/esquell.eu\/de\/wp-json\/wp\/v2\/product_brand?post=26429"},{"taxonomy":"product_cat","embeddable":true,"href":"https:\/\/esquell.eu\/de\/wp-json\/wp\/v2\/product_cat?post=26429"},{"taxonomy":"product_tag","embeddable":true,"href":"https:\/\/esquell.eu\/de\/wp-json\/wp\/v2\/product_tag?post=26429"}],"curies":[{"name":"wp","href":"https:\/\/api.w.org\/{rel}","templated":true}]}}