{"id":26398,"date":"2025-04-03T09:22:46","date_gmt":"2025-04-03T09:22:46","guid":{"rendered":"https:\/\/esquell.eu\/product\/3er-set-zangen-fuer-die-schmuckherstellung\/"},"modified":"2025-04-03T09:22:46","modified_gmt":"2025-04-03T09:22:46","slug":"3er-set-zangen-fuer-die-schmuckherstellung","status":"publish","type":"product","link":"https:\/\/esquell.eu\/de\/produkt\/3er-set-zangen-fuer-die-schmuckherstellung\/","title":{"rendered":"3er Set Zangen f\u00fcr die Schmuckherstellung."},"content":{"rendered":"<p><strong>Set mit drei Zangen<\/strong>, die speziell f\u00fcr die Schmuckherstellung entwickelt wurden.<\/p>\n<p><strong>Der Pr\u00e4zisions-Seitenschneider<\/strong> ist ein unverzichtbares Werkzeug f\u00fcr die Schmuckherstellung. Diese Zange hat eine sehr feine Spitze, mit der Sie Draht und andere Materialien leicht auf die richtige L\u00e4nge schneiden k\u00f6nnen. Die Klinge der Zange ist aus geh\u00e4rtetem Stahl gefertigt, so dass sie lange scharf bleibt und sich nicht so schnell abnutzt.  <\/p>\n<p><strong>Die Flachzange <\/strong>ist ideal zum Biegen, Klemmen und Halten von Kleinteilen. Die Backen der Zange sind flach und ergonomisch geformt, so dass Sie bequem und pr\u00e4zise arbeiten k\u00f6nnen. Verwenden Sie diese Zange, um Metallringe zu \u00f6ffnen oder zu schlie\u00dfen, oder um einen Haken an einer Kette zu befestigen.  <\/p>\n<p><strong>Die Rundkopfzange<\/strong> ist perfekt, um runde Schlaufen in Draht oder Metall zu machen. Die Backen der Zange sind kegelf\u00f6rmig, so dass Sie runde Formen in verschiedenen Gr\u00f6\u00dfen herstellen k\u00f6nnen. Verwenden Sie diese Zange, um \u00d6sen f\u00fcr Ohrringe anzufertigen oder um die Enden einer Halskette zu biegen.  <\/p>\n<p>Die Griffe sind bequem und mit einer rutschfesten Beschichtung versehen, so dass sie bei der Arbeit gut in der Hand liegen.<\/p>\n","protected":false},"excerpt":{"rendered":"<p><strong>Set mit drei Zangen<\/strong>, die speziell f\u00fcr die Schmuckherstellung entwickelt wurden.<\/p>\n<p><strong>Der Pr\u00e4zisions-Seitenschneider<\/strong> ist ein unverzichtbares Werkzeug f\u00fcr die Schmuckherstellung. Diese Zange hat eine sehr feine Spitze, mit der Sie Draht und andere Materialien leicht auf die richtige L\u00e4nge schneiden k\u00f6nnen. Die Klinge der Zange ist aus geh\u00e4rtetem Stahl gefertigt, so dass sie lange scharf bleibt und sich nicht so schnell abnutzt.  <\/p>\n<p><strong>Die Flachzange <\/strong>ist ideal zum Biegen, Klemmen und Halten von Kleinteilen. Die Backen der Zange sind flach und ergonomisch geformt, so dass Sie bequem und pr\u00e4zise arbeiten k\u00f6nnen. Verwenden Sie diese Zange, um Metallringe zu \u00f6ffnen oder zu schlie\u00dfen, oder um einen Haken an einer Kette zu befestigen.  <\/p>\n<p><strong>Die Rundkopfzange<\/strong> ist perfekt, um runde Schlaufen in Draht oder Metall zu machen. Die Backen der Zange sind kegelf\u00f6rmig, so dass Sie runde Formen in verschiedenen Gr\u00f6\u00dfen herstellen k\u00f6nnen. Verwenden Sie diese Zange, um \u00d6sen f\u00fcr Ohrringe anzufertigen oder um die Enden einer Halskette zu biegen.  <\/p>\n<p>Die Griffe sind bequem und mit einer rutschfesten Beschichtung versehen, so dass sie bei der Arbeit gut in der Hand liegen.<\/p>\n<p>&nbsp;<\/p>\n<p>&nbsp;<\/p>\n<p>&nbsp;<\/p>\n","protected":false},"featured_media":7352,"comment_status":"closed","ping_status":"closed","template":"","meta":{"_acf_changed":false,"_seopress_robots_primary_cat":"none","_seopress_titles_title":"","_seopress_titles_desc":"","_seopress_robots_index":""},"more":[],"product_brand":[6365],"product_cat":[7434],"product_tag":[20356,20361,8530,20360,6458,20353,7927,7387,20355,6494,8508,7747,13759,20354,7017,6767,6786,14813,7131,6421,9539,7552,8579,6455,20359,20358,20357,20326,20351,6419,6820,20468,6417,7445,14646,6784,20322,6818,6783,10832,20352],"class_list":{"0":"post-26398","1":"product","2":"type-product","3":"status-publish","4":"has-post-thumbnail","6":"product_brand-l1","7":"product_cat-zange-und-pinzette","8":"product_tag-3-zangen","9":"product_tag-abgeschnitten","10":"product_tag-augen","11":"product_tag-auserhalb","12":"product_tag-belgien","13":"product_tag-biegezange","14":"product_tag-billig-2","15":"product_tag-bronze","16":"product_tag-budget","17":"product_tag-diy","18":"product_tag-draht","19":"product_tag-einstellen","20":"product_tag-entwurfe","21":"product_tag-flachbettzange","22":"product_tag-fur","23":"product_tag-gold","24":"product_tag-kaufen","25":"product_tag-klemmen","26":"product_tag-kupfer","27":"product_tag-machen","28":"product_tag-messing","29":"product_tag-mit","30":"product_tag-nachhaltig","31":"product_tag-niederlande","32":"product_tag-offnen-sie-2","33":"product_tag-prazisionszange","34":"product_tag-roundbek","35":"product_tag-rundzange","36":"product_tag-schliesen-3","37":"product_tag-schmuck","38":"product_tag-schmuck-2","39":"product_tag-seitenschneider-2","40":"product_tag-silber","41":"product_tag-stahl","42":"product_tag-tipp-2","43":"product_tag-unter-2","44":"product_tag-weicher-griff","45":"product_tag-werkzeuge-2","46":"product_tag-wobei","47":"product_tag-zange","48":"product_tag-zangensatz","49":"product_shipping_class-standard","51":"first","52":"instock","53":"taxable","54":"shipping-taxable","55":"purchasable","56":"product-type-simple"},"acf":[],"_links":{"self":[{"href":"https:\/\/esquell.eu\/de\/wp-json\/wp\/v2\/product\/26398","targetHints":{"allow":["GET"]}}],"collection":[{"href":"https:\/\/esquell.eu\/de\/wp-json\/wp\/v2\/product"}],"about":[{"href":"https:\/\/esquell.eu\/de\/wp-json\/wp\/v2\/types\/product"}],"replies":[{"embeddable":true,"href":"https:\/\/esquell.eu\/de\/wp-json\/wp\/v2\/comments?post=26398"}],"wp:featuredmedia":[{"embeddable":true,"href":"https:\/\/esquell.eu\/de\/wp-json\/wp\/v2\/media\/7352"}],"wp:attachment":[{"href":"https:\/\/esquell.eu\/de\/wp-json\/wp\/v2\/media?parent=26398"}],"wp:term":[{"taxonomy":"more","embeddable":true,"href":"https:\/\/esquell.eu\/de\/wp-json\/wp\/v2\/more?post=26398"},{"taxonomy":"product_brand","embeddable":true,"href":"https:\/\/esquell.eu\/de\/wp-json\/wp\/v2\/product_brand?post=26398"},{"taxonomy":"product_cat","embeddable":true,"href":"https:\/\/esquell.eu\/de\/wp-json\/wp\/v2\/product_cat?post=26398"},{"taxonomy":"product_tag","embeddable":true,"href":"https:\/\/esquell.eu\/de\/wp-json\/wp\/v2\/product_tag?post=26398"}],"curies":[{"name":"wp","href":"https:\/\/api.w.org\/{rel}","templated":true}]}}