{"id":26361,"date":"2025-04-03T09:22:39","date_gmt":"2025-04-03T09:22:39","guid":{"rendered":"https:\/\/esquell.eu\/product\/mikrofeilen-satz-von-5\/"},"modified":"2025-11-18T08:11:09","modified_gmt":"2025-11-18T08:11:09","slug":"mikrofeilen-satz-von-5","status":"publish","type":"product","link":"https:\/\/esquell.eu\/de\/produkt\/mikrofeilen-satz-von-5\/","title":{"rendered":"Mikrofeilen Satz von 5"},"content":{"rendered":"<p>Mikro-Diamantfeilen, Handfeilen, klein. F\u00fcr z.B. die Schmuckherstellung. Set mit 5 verschiedenen Gr\u00f6\u00dfen. Mikro-Feilen   <\/p>\n<p>Diamant-Handfeile. Feilen pro Set. <\/p>\n<p>L\u00e4nge 10 cm<\/p>\n","protected":false},"excerpt":{"rendered":"<p>Mikro-Diamantfeilen, Handfeilen, klein. F\u00fcr z.B. die Schmuckherstellung. Set mit 5 verschiedenen Gr\u00f6\u00dfen. Mikro-Feilen   <\/p>\n<p>Diamant-Handfeile. Feilen pro Set. <\/p>\n<p>L\u00e4nge 10 cm<\/p>\n","protected":false},"featured_media":26363,"comment_status":"closed","ping_status":"closed","template":"","meta":{"_acf_changed":false,"_seopress_robots_primary_cat":"none","_seopress_titles_title":"","_seopress_titles_desc":"","_seopress_robots_index":""},"more":[],"product_brand":[6365],"product_cat":[7361,7717],"product_tag":[10701,6446,6684,6715,6438,6458,6677,8599,6887,7387,6675,14640,19850,20049,10744,14568,19848,6494,7747,10034,8577,8574,10209,6909,21661,7555,7547,6680,7808,6767,7095,7331,9609,9865,6907,6673,6498,7131,8394,7019,7545,6679,6421,6441,9198,6373,6455,6682,8643,9262,8005,11375,6713,6777,20052,9202,6419,6820,6779,9417,6417,6812,7086,20051,6490,7340,6913,6781,6500,7511,10391,20050,14582,6818],"class_list":{"0":"post-26361","1":"product","2":"type-product","3":"status-publish","4":"has-post-thumbnail","6":"product_brand-l1","7":"product_cat-schleifen-feilen-und-polieren","8":"product_cat-verkauf","9":"product_tag-10701","10":"product_tag-aida","11":"product_tag-anhanger","12":"product_tag-arbeit","13":"product_tag-artclaysilver","14":"product_tag-belgien","15":"product_tag-belgien-2","16":"product_tag-benelux","17":"product_tag-biegsames-silber","18":"product_tag-bronze","19":"product_tag-craftlines","20":"product_tag-datei","21":"product_tag-datei-2","22":"product_tag-datei-3","23":"product_tag-dateien","24":"product_tag-dateien-2","25":"product_tag-dateien-3","26":"product_tag-diy","27":"product_tag-einstellen","28":"product_tag-epoxid","29":"product_tag-eu","30":"product_tag-europa","31":"product_tag-europa-2","32":"product_tag-facebook","33":"product_tag-finition","34":"product_tag-formbare","35":"product_tag-frankreich-2","36":"product_tag-frankreich","37":"product_tag-glas","38":"product_tag-gold","39":"product_tag-gold-2","40":"product_tag-gold-3","41":"product_tag-harz","42":"product_tag-harz-2","43":"product_tag-instagram","44":"product_tag-japan","45":"product_tag-kunst","46":"product_tag-kupfer","47":"product_tag-kupfer-3","48":"product_tag-liefert","49":"product_tag-luxemburg-2","50":"product_tag-luxemburg","51":"product_tag-machen","52":"product_tag-metallton","53":"product_tag-mikro","54":"product_tag-mini","55":"product_tag-niederlande","56":"product_tag-ohrringe","57":"product_tag-pinterest","58":"product_tag-polieren","59":"product_tag-porzellan-2","60":"product_tag-porzellan-3","61":"product_tag-prazision","62":"product_tag-ringe","63":"product_tag-sandsturm-2","64":"product_tag-schleifen-2","65":"product_tag-schmuck","66":"product_tag-schmuck-2","67":"product_tag-selbstgemacht","68":"product_tag-selbstgemachter-schmuck","69":"product_tag-silber","70":"product_tag-silber-3","71":"product_tag-silberschmiede","72":"product_tag-silberton-3","73":"product_tag-silberton","74":"product_tag-silverclay-co-uk","75":"product_tag-silveribelgie","76":"product_tag-teile","77":"product_tag-ton-2","78":"product_tag-tonschmuck","79":"product_tag-uv","80":"product_tag-verschiedene-grosen","81":"product_tag-werke","82":"product_tag-werkzeuge-2","83":"product_shipping_class-standard","85":"first","86":"instock","87":"sale","88":"taxable","89":"shipping-taxable","90":"purchasable","91":"product-type-simple"},"acf":[],"_links":{"self":[{"href":"https:\/\/esquell.eu\/de\/wp-json\/wp\/v2\/product\/26361","targetHints":{"allow":["GET"]}}],"collection":[{"href":"https:\/\/esquell.eu\/de\/wp-json\/wp\/v2\/product"}],"about":[{"href":"https:\/\/esquell.eu\/de\/wp-json\/wp\/v2\/types\/product"}],"replies":[{"embeddable":true,"href":"https:\/\/esquell.eu\/de\/wp-json\/wp\/v2\/comments?post=26361"}],"wp:featuredmedia":[{"embeddable":true,"href":"https:\/\/esquell.eu\/de\/wp-json\/wp\/v2\/media\/26363"}],"wp:attachment":[{"href":"https:\/\/esquell.eu\/de\/wp-json\/wp\/v2\/media?parent=26361"}],"wp:term":[{"taxonomy":"more","embeddable":true,"href":"https:\/\/esquell.eu\/de\/wp-json\/wp\/v2\/more?post=26361"},{"taxonomy":"product_brand","embeddable":true,"href":"https:\/\/esquell.eu\/de\/wp-json\/wp\/v2\/product_brand?post=26361"},{"taxonomy":"product_cat","embeddable":true,"href":"https:\/\/esquell.eu\/de\/wp-json\/wp\/v2\/product_cat?post=26361"},{"taxonomy":"product_tag","embeddable":true,"href":"https:\/\/esquell.eu\/de\/wp-json\/wp\/v2\/product_tag?post=26361"}],"curies":[{"name":"wp","href":"https:\/\/api.w.org\/{rel}","templated":true}]}}