{"id":26336,"date":"2025-04-03T09:22:39","date_gmt":"2025-04-03T09:22:39","guid":{"rendered":"https:\/\/esquell.eu\/product\/aufbewahrungsfluessigkeit-fuer-die-reinigung-und-lagerung-von-poliergranulat\/"},"modified":"2025-04-03T09:22:39","modified_gmt":"2025-04-03T09:22:39","slug":"aufbewahrungsfluessigkeit-fuer-die-reinigung-und-lagerung-von-poliergranulat","status":"publish","type":"product","link":"https:\/\/esquell.eu\/de\/produkt\/aufbewahrungsfluessigkeit-fuer-die-reinigung-und-lagerung-von-poliergranulat\/","title":{"rendered":"Aufbewahrungsfl\u00fcssigkeit f\u00fcr die Reinigung und Lagerung von Poliergranulat"},"content":{"rendered":"<p>Aufbewahrungsfl\u00fcssigkeit zur Reinigung und Lagerung von Polierkugeln<\/p>\n<p>Geeignet f\u00fcr Polierkugeln aus Stahl<\/p>\n<p>Inhalt 1 Liter<\/p>\n<p>Dosierung 20 ml pro Liter<br \/>\nAmmoniakfrei<\/p>\n","protected":false},"excerpt":{"rendered":"<p>Aufbewahrungsfl\u00fcssigkeit zur Reinigung und Lagerung von Polierkugeln<\/p>\n<p>Geeignet f\u00fcr Polierkugeln aus Stahl<\/p>\n<p>Inhalt 1 Liter<\/p>\n<p>Dosierung 20 ml pro Liter<br \/>\nAmmoniakfrei<\/p>\n<p>&nbsp;<\/p>\n<p>&nbsp;<\/p>\n","protected":false},"featured_media":4259,"comment_status":"closed","ping_status":"closed","template":"","meta":{"_acf_changed":false,"_seopress_robots_primary_cat":"none","_seopress_titles_title":"","_seopress_titles_desc":"","_seopress_robots_index":""},"more":[],"product_brand":[6703],"product_cat":[7361],"product_tag":[11635,20259,7017,20255,10512,20252,13930,9262,14579,10499,13895,20256,20254,20253,20257,6384,10313,20263,20261,6419,8925,10496],"class_list":{"0":"post-26336","1":"product","2":"type-product","3":"status-publish","4":"has-post-thumbnail","6":"product_brand-bm","7":"product_cat-schleifen-feilen-und-polieren","8":"product_tag-deckel","9":"product_tag-flussigkeiten","10":"product_tag-fur","11":"product_tag-hbm","12":"product_tag-kugeln","13":"product_tag-lagerflussigkeit","14":"product_tag-lortone","15":"product_tag-polieren","16":"product_tag-polierkorner","17":"product_tag-polierkugeln","18":"product_tag-poliermaschine-2","19":"product_tag-poliermaschinen","20":"product_tag-poliert-3","21":"product_tag-poliertrommel-3","22":"product_tag-poliertrommeln","23":"product_tag-reinigung","24":"product_tag-reinigung-2","25":"product_tag-reinigungsmittel","26":"product_tag-sauberer-3","27":"product_tag-schmuck","28":"product_tag-speichern","29":"product_tag-trommel","30":"product_shipping_class-standard","32":"first","33":"instock","34":"taxable","35":"shipping-taxable","36":"purchasable","37":"product-type-simple"},"acf":[],"_links":{"self":[{"href":"https:\/\/esquell.eu\/de\/wp-json\/wp\/v2\/product\/26336","targetHints":{"allow":["GET"]}}],"collection":[{"href":"https:\/\/esquell.eu\/de\/wp-json\/wp\/v2\/product"}],"about":[{"href":"https:\/\/esquell.eu\/de\/wp-json\/wp\/v2\/types\/product"}],"replies":[{"embeddable":true,"href":"https:\/\/esquell.eu\/de\/wp-json\/wp\/v2\/comments?post=26336"}],"wp:featuredmedia":[{"embeddable":true,"href":"https:\/\/esquell.eu\/de\/wp-json\/wp\/v2\/media\/4259"}],"wp:attachment":[{"href":"https:\/\/esquell.eu\/de\/wp-json\/wp\/v2\/media?parent=26336"}],"wp:term":[{"taxonomy":"more","embeddable":true,"href":"https:\/\/esquell.eu\/de\/wp-json\/wp\/v2\/more?post=26336"},{"taxonomy":"product_brand","embeddable":true,"href":"https:\/\/esquell.eu\/de\/wp-json\/wp\/v2\/product_brand?post=26336"},{"taxonomy":"product_cat","embeddable":true,"href":"https:\/\/esquell.eu\/de\/wp-json\/wp\/v2\/product_cat?post=26336"},{"taxonomy":"product_tag","embeddable":true,"href":"https:\/\/esquell.eu\/de\/wp-json\/wp\/v2\/product_tag?post=26336"}],"curies":[{"name":"wp","href":"https:\/\/api.w.org\/{rel}","templated":true}]}}