{"id":26282,"date":"2025-04-03T09:22:39","date_gmt":"2025-04-03T09:22:39","guid":{"rendered":"https:\/\/esquell.eu\/product\/satz-mit-4-schleifblaettern-320-1000-1200-2000\/"},"modified":"2025-12-22T11:14:05","modified_gmt":"2025-12-22T11:14:05","slug":"satz-mit-4-schleifblaettern-320-1000-1200-2000","status":"publish","type":"product","link":"https:\/\/esquell.eu\/de\/produkt\/satz-mit-4-schleifblaettern-320-1000-1200-2000\/","title":{"rendered":"Schleiflamellen rechteckig. Verschiedene K\u00f6rnungen"},"content":{"rendered":"<p>Schleifbl\u00e4tter f\u00fcr Metalle \/ Schmuck \/ Metalclay<\/p>\n<p>Rechteckig. Verschiedene K\u00f6rnungen <\/p>\n","protected":false},"excerpt":{"rendered":"<p>Satz mit 4 Schleifstreifen<\/p>\n<p>Korn 320<br \/>\nKorn 1000<br \/>\nKorn 1200<br \/>\nKorn 2000<\/p>\n","protected":false},"featured_media":26291,"comment_status":"closed","ping_status":"closed","template":"","meta":{"_acf_changed":false,"_seopress_robots_primary_cat":"none","_seopress_titles_title":"","_seopress_titles_desc":"","_seopress_robots_index":""},"more":[],"product_brand":[6703],"product_cat":[7361],"product_tag":[6817,6802,6684,7058,8120,7999,7919,6492,6438,8349,6458,6887,6415,14418,7123,6936,7076,6494,6826,9978,7802,6895,14474,21661,6842,6824,7074,10412,6830,9788,6934,13668,13908,11466,6822,7171,6692,10518,6836,6897,6786,14477,6804,6775,8504,7019,6844,7801,6421,11057,6444,7756,8137,6441,6832,6682,6828,11616,9262,6777,7742,6928,20206,9202,20200,20202,21861,19861,13850,14617,20210,17805,20204,20209,6419,8104,12403,19890,6899,6889,6417,6490,10286,10415,6834,6893,20208,6784,6795,6814,20198,6690,6818,6783,7064,6838,7796],"class_list":{"0":"post-26282","1":"product","2":"type-product","3":"status-publish","4":"has-post-thumbnail","6":"product_brand-bm","7":"product_cat-schleifen-feilen-und-polieren","8":"product_tag-amsterdam","9":"product_tag-angebot","10":"product_tag-anhanger","11":"product_tag-anhanger-3","12":"product_tag-antik","13":"product_tag-arbeitsbeschreibung","14":"product_tag-armbander-2","15":"product_tag-artclay","16":"product_tag-artclaysilver","17":"product_tag-ascheschmuck","18":"product_tag-belgien","19":"product_tag-biegsames-silber","20":"product_tag-billig","21":"product_tag-braband","22":"product_tag-brucke","23":"product_tag-brussel","24":"product_tag-charme-2","25":"product_tag-diy","26":"product_tag-drenthe","27":"product_tag-edelmetall","28":"product_tag-enschede","29":"product_tag-es","30":"product_tag-fingerabdruck-2","31":"product_tag-finition","32":"product_tag-flevoland","33":"product_tag-friesland","34":"product_tag-gedenkschmuck","35":"product_tag-gedenkschmuck-2","36":"product_tag-gelderland","37":"product_tag-gemacht","38":"product_tag-gent","39":"product_tag-getreide","40":"product_tag-glanzen","41":"product_tag-grob","42":"product_tag-groningen","43":"product_tag-gut-2","44":"product_tag-handbuch","45":"product_tag-hochglanzpolitur","46":"product_tag-holland","47":"product_tag-ihr","48":"product_tag-kaufen","49":"product_tag-korn-2","50":"product_tag-kostenlos","51":"product_tag-kurzwarengeschaft","52":"product_tag-lager","53":"product_tag-liefert","54":"product_tag-limburg","55":"product_tag-maastricht","56":"product_tag-machen","57":"product_tag-materialien","58":"product_tag-metalclay","59":"product_tag-metall-2","60":"product_tag-metall-3","61":"product_tag-metallton","62":"product_tag-norden","63":"product_tag-ohrringe","64":"product_tag-overijssel","65":"product_tag-perlen-6","66":"product_tag-polieren","67":"product_tag-ringe","68":"product_tag-rostfreier-stahl","69":"product_tag-rotterdam","70":"product_tag-schleifbrett","71":"product_tag-schleifen-2","72":"product_tag-schleifkissen-2","73":"product_tag-schleiflamellen","74":"product_tag-schleiflamellen-2","75":"product_tag-schleifmittel","76":"product_tag-schleifpads","77":"product_tag-schleifpapier","78":"product_tag-schleifstabchen","79":"product_tag-schleifstreifen","80":"product_tag-schleifstreifen-2","81":"product_tag-schleifwerkzeuge-2","82":"product_tag-schmuck","83":"product_tag-schmuck-workshop","84":"product_tag-schmuckteile-2","85":"product_tag-sehr","86":"product_tag-selbst","87":"product_tag-shop","88":"product_tag-silber","89":"product_tag-silberton","90":"product_tag-speicher","91":"product_tag-speicher-2","92":"product_tag-sud","93":"product_tag-tun","94":"product_tag-ultra","95":"product_tag-unter-2","96":"product_tag-utrecht","97":"product_tag-webshop","98":"product_tag-werkstatt-schmuck","99":"product_tag-werkstatten","100":"product_tag-werkzeuge-2","101":"product_tag-wobei","102":"product_tag-workshop","103":"product_tag-zeeland","104":"product_tag-zwolle","105":"product_shipping_class-standard","106":"pa_korrel-20194","107":"pa_korrel-20190","108":"pa_korrel-20191","109":"pa_korrel-20193","110":"pa_korrel-20189","111":"pa_korrel-20195","112":"pa_korrel-20196","113":"pa_korrel-satz-320-1000-1200-2000","115":"first","116":"instock","117":"sale","118":"taxable","119":"shipping-taxable","120":"purchasable","121":"product-type-variable"},"acf":[],"_links":{"self":[{"href":"https:\/\/esquell.eu\/de\/wp-json\/wp\/v2\/product\/26282","targetHints":{"allow":["GET"]}}],"collection":[{"href":"https:\/\/esquell.eu\/de\/wp-json\/wp\/v2\/product"}],"about":[{"href":"https:\/\/esquell.eu\/de\/wp-json\/wp\/v2\/types\/product"}],"replies":[{"embeddable":true,"href":"https:\/\/esquell.eu\/de\/wp-json\/wp\/v2\/comments?post=26282"}],"wp:featuredmedia":[{"embeddable":true,"href":"https:\/\/esquell.eu\/de\/wp-json\/wp\/v2\/media\/26291"}],"wp:attachment":[{"href":"https:\/\/esquell.eu\/de\/wp-json\/wp\/v2\/media?parent=26282"}],"wp:term":[{"taxonomy":"more","embeddable":true,"href":"https:\/\/esquell.eu\/de\/wp-json\/wp\/v2\/more?post=26282"},{"taxonomy":"product_brand","embeddable":true,"href":"https:\/\/esquell.eu\/de\/wp-json\/wp\/v2\/product_brand?post=26282"},{"taxonomy":"product_cat","embeddable":true,"href":"https:\/\/esquell.eu\/de\/wp-json\/wp\/v2\/product_cat?post=26282"},{"taxonomy":"product_tag","embeddable":true,"href":"https:\/\/esquell.eu\/de\/wp-json\/wp\/v2\/product_tag?post=26282"}],"curies":[{"name":"wp","href":"https:\/\/api.w.org\/{rel}","templated":true}]}}