{"id":26251,"date":"2025-04-03T09:22:39","date_gmt":"2025-04-03T09:22:39","guid":{"rendered":"https:\/\/esquell.eu\/product\/edelstahl-polierbuerste-langhaar-f-0029\/"},"modified":"2025-12-22T11:14:19","modified_gmt":"2025-12-22T11:14:19","slug":"edelstahl-polierbuerste-langhaar-f-0029","status":"publish","type":"product","link":"https:\/\/esquell.eu\/de\/produkt\/edelstahl-polierbuerste-langhaar-f-0029\/","title":{"rendered":"Edelstahl Polierb\u00fcrste Langhaar (F-0029)"},"content":{"rendered":"<p>Polierb\u00fcrste zum Entfernen von Oxidation und Anlauffarben auf Metallen.<br \/>\nNach dem Erhitzen der Metallknete k\u00f6nnen Sie diese B\u00fcrste zum Polieren des Metalls verwenden, wodurch die Metallfarbe zum Vorschein kommt.<br \/>\nDas Finish ist dann matt.<br \/>\nF\u00fcr ein gl\u00e4nzendes Finish k\u00f6nnen Sie weiter schleifen, polieren und mit anderen Mitteln wie Schleifpads, Polierpads, Polierscheiben und Polierpaste und Achatstift oder Br\u00fcnettstahl polieren<\/p>\n","protected":false},"excerpt":{"rendered":"<p>Polierb\u00fcrste zum Entfernen von Oxidation und Beschl\u00e4gen auf Metallen. Nach dem Erhitzen der Metallknete k\u00f6nnen Sie diese B\u00fcrste verwenden, um das Metall zu polieren und die Metallfarbe wird sichtbar. Das Finish ist dann matt. F\u00fcr ein gl\u00e4nzendes Finish schleifen, polieren und polieren Sie weiter mit anderen Mitteln wie Schleifpads, Polierpads, Polierscheiben und Polierpaste und Achatstift oder Bronzestahl   <\/p>\n","protected":false},"featured_media":26252,"comment_status":"closed","ping_status":"closed","template":"","meta":{"_acf_changed":false,"_seopress_robots_primary_cat":"none","_seopress_titles_title":"","_seopress_titles_desc":"","_seopress_robots_index":""},"more":[],"product_brand":[6413],"product_cat":[7361],"product_tag":[6715,6375,14584,7017,14580,7171,8261,7377,7131,9539,8137,14578,9262,10504,6713,6419,7445,14582],"class_list":{"0":"post-26251","1":"product","2":"type-product","3":"status-publish","4":"has-post-thumbnail","6":"product_brand-acs","7":"product_cat-schleifen-feilen-und-polieren","8":"product_tag-arbeit","9":"product_tag-burste","10":"product_tag-bursten-2","11":"product_tag-fur","12":"product_tag-genau-2","13":"product_tag-gut-2","14":"product_tag-klein-2","15":"product_tag-klein","16":"product_tag-kupfer","17":"product_tag-messing","18":"product_tag-metall-3","19":"product_tag-polierburste-2","20":"product_tag-polieren","21":"product_tag-polnisch-3","22":"product_tag-prazision","23":"product_tag-schmuck","24":"product_tag-stahl","25":"product_tag-werke","26":"product_shipping_class-standard","28":"first","29":"instock","30":"taxable","31":"shipping-taxable","32":"purchasable","33":"product-type-simple"},"acf":[],"_links":{"self":[{"href":"https:\/\/esquell.eu\/de\/wp-json\/wp\/v2\/product\/26251","targetHints":{"allow":["GET"]}}],"collection":[{"href":"https:\/\/esquell.eu\/de\/wp-json\/wp\/v2\/product"}],"about":[{"href":"https:\/\/esquell.eu\/de\/wp-json\/wp\/v2\/types\/product"}],"replies":[{"embeddable":true,"href":"https:\/\/esquell.eu\/de\/wp-json\/wp\/v2\/comments?post=26251"}],"wp:featuredmedia":[{"embeddable":true,"href":"https:\/\/esquell.eu\/de\/wp-json\/wp\/v2\/media\/26252"}],"wp:attachment":[{"href":"https:\/\/esquell.eu\/de\/wp-json\/wp\/v2\/media?parent=26251"}],"wp:term":[{"taxonomy":"more","embeddable":true,"href":"https:\/\/esquell.eu\/de\/wp-json\/wp\/v2\/more?post=26251"},{"taxonomy":"product_brand","embeddable":true,"href":"https:\/\/esquell.eu\/de\/wp-json\/wp\/v2\/product_brand?post=26251"},{"taxonomy":"product_cat","embeddable":true,"href":"https:\/\/esquell.eu\/de\/wp-json\/wp\/v2\/product_cat?post=26251"},{"taxonomy":"product_tag","embeddable":true,"href":"https:\/\/esquell.eu\/de\/wp-json\/wp\/v2\/product_tag?post=26251"}],"curies":[{"name":"wp","href":"https:\/\/api.w.org\/{rel}","templated":true}]}}