{"id":26207,"date":"2025-04-03T09:22:39","date_gmt":"2025-04-03T09:22:39","guid":{"rendered":"https:\/\/esquell.eu\/product\/polierscheiben-fuer-metalle-4er-set-geeignet-fuer-multitools\/"},"modified":"2026-01-25T14:21:42","modified_gmt":"2026-01-25T14:21:42","slug":"polierscheiben-fuer-metalle-4er-set-geeignet-fuer-multitools","status":"publish","type":"product","link":"https:\/\/esquell.eu\/de\/produkt\/polierscheiben-fuer-metalle-4er-set-geeignet-fuer-multitools\/","title":{"rendered":"Polierscheiben f\u00fcr Metalle, 4er-Set Geeignet f\u00fcr Multitools."},"content":{"rendered":"<p>Set mit 4 Polierpads f\u00fcr Multitools<\/p>\n<p>Schwarz 300er Korn &#8211; Rot 240er Korn &#8211; Gr\u00fcn 150er Korn &#8211; Braun 80er Korn<\/p>\n<p>Die B\u00fcrsten haben einen Durchmesser von 25mm<\/p>\n<p>Schaft 2,35 mm<\/p>\n<p>In Kombination mit Polierpaste verwenden<\/p>\n","protected":false},"excerpt":{"rendered":"<p>Set mit 4 Polierpads f\u00fcr Multitools<\/p>\n<p>Schwarz 300er Korn &#8211; Rot 240er Korn &#8211; Gr\u00fcn 150er Korn &#8211; Braun 80er Korn<\/p>\n<p>Die B\u00fcrsten haben einen Durchmesser von 25mm<\/p>\n<p>Schaft 2,35 mm<\/p>\n<p>In Kombination mit Polierpaste verwenden<\/p>\n","protected":false},"featured_media":4273,"comment_status":"closed","ping_status":"closed","template":"","meta":{"_acf_changed":false,"_seopress_robots_primary_cat":"none","_seopress_titles_title":"","_seopress_titles_desc":"","_seopress_robots_index":""},"more":[],"product_brand":[6365],"product_cat":[7361],"product_tag":[7803,6948,6817,6684,7919,20152,6944,7812,6458,6790,6929,6840,7387,6375,7810,7128,6494,9375,10633,14478,20138,6826,8502,7747,8512,8477,7802,21661,6842,6824,6830,6767,6822,9678,8124,10514,10518,6836,6786,6885,14477,7131,8504,6932,6950,6844,7801,6421,6444,7756,8137,6441,10053,6455,7797,6832,6682,12099,6788,6891,7806,6828,9262,13899,20154,19751,20140,6777,6928,20146,9202,13850,14617,6419,20142,20144,6558,6417,6490,20150,6834,9672,6784,7811,6795,7575,8673,20148,7373,6818,6783,6838,7796],"class_list":{"0":"post-26207","1":"product","2":"type-product","3":"status-publish","4":"has-post-thumbnail","6":"product_brand-l1","7":"product_cat-schleifen-feilen-und-polieren","8":"product_tag-almelo","9":"product_tag-almere","10":"product_tag-amsterdam","11":"product_tag-anhanger","12":"product_tag-armbander-2","13":"product_tag-artclay-polieren","14":"product_tag-assen","15":"product_tag-beilen","16":"product_tag-belgien","17":"product_tag-bestellung","18":"product_tag-blei","19":"product_tag-brabant","20":"product_tag-bronze","21":"product_tag-burste","22":"product_tag-coevorden","23":"product_tag-den-haag","24":"product_tag-diy","25":"product_tag-drachten","26":"product_tag-drehbar","27":"product_tag-dremel","28":"product_tag-dremel-polieren","29":"product_tag-drenthe","30":"product_tag-dronten","31":"product_tag-einstellen","32":"product_tag-emmeloord","33":"product_tag-emmen","34":"product_tag-enschede","35":"product_tag-finition","36":"product_tag-flevoland","37":"product_tag-friesland","38":"product_tag-gelderland","39":"product_tag-gold","40":"product_tag-groningen","41":"product_tag-hardenberg","42":"product_tag-harderwijk","43":"product_tag-hochglanz","44":"product_tag-hochglanzpolitur","45":"product_tag-holland","46":"product_tag-kaufen","47":"product_tag-kaufen-2","48":"product_tag-korn-2","49":"product_tag-kupfer","50":"product_tag-lager","51":"product_tag-leeuwarden","52":"product_tag-lelystad","53":"product_tag-limburg","54":"product_tag-maastricht","55":"product_tag-machen","56":"product_tag-metalclay","57":"product_tag-metall-2","58":"product_tag-metall-3","59":"product_tag-metallton","60":"product_tag-multitool","61":"product_tag-niederlande","62":"product_tag-nijmegen","63":"product_tag-norden","64":"product_tag-ohrringe","65":"product_tag-ommen-2","66":"product_tag-online","67":"product_tag-online-shop","68":"product_tag-oss","69":"product_tag-overijssel","70":"product_tag-polieren","71":"product_tag-polieren-3","72":"product_tag-polieren-von-metallton","73":"product_tag-polierteller","74":"product_tag-polierteller-3","75":"product_tag-ringe","76":"product_tag-rotterdam","77":"product_tag-scheuerschwamme","78":"product_tag-schleifen-2","79":"product_tag-schleifpads","80":"product_tag-schleifpapier","81":"product_tag-schmuck","82":"product_tag-schmuck-polieren","83":"product_tag-schwamme","84":"product_tag-sie-selbst","85":"product_tag-silber","86":"product_tag-silberton","87":"product_tag-silberton-polieren","88":"product_tag-sud","89":"product_tag-tiel","90":"product_tag-unter-2","91":"product_tag-urk","92":"product_tag-utrecht","93":"product_tag-uv-harz","94":"product_tag-watteninseln","95":"product_tag-webshiop","96":"product_tag-werkzeug","97":"product_tag-werkzeuge-2","98":"product_tag-wobei","99":"product_tag-zeeland","100":"product_tag-zwolle","101":"product_shipping_class-standard","103":"first","104":"instock","105":"taxable","106":"shipping-taxable","107":"purchasable","108":"product-type-simple"},"acf":[],"_links":{"self":[{"href":"https:\/\/esquell.eu\/de\/wp-json\/wp\/v2\/product\/26207","targetHints":{"allow":["GET"]}}],"collection":[{"href":"https:\/\/esquell.eu\/de\/wp-json\/wp\/v2\/product"}],"about":[{"href":"https:\/\/esquell.eu\/de\/wp-json\/wp\/v2\/types\/product"}],"replies":[{"embeddable":true,"href":"https:\/\/esquell.eu\/de\/wp-json\/wp\/v2\/comments?post=26207"}],"wp:featuredmedia":[{"embeddable":true,"href":"https:\/\/esquell.eu\/de\/wp-json\/wp\/v2\/media\/4273"}],"wp:attachment":[{"href":"https:\/\/esquell.eu\/de\/wp-json\/wp\/v2\/media?parent=26207"}],"wp:term":[{"taxonomy":"more","embeddable":true,"href":"https:\/\/esquell.eu\/de\/wp-json\/wp\/v2\/more?post=26207"},{"taxonomy":"product_brand","embeddable":true,"href":"https:\/\/esquell.eu\/de\/wp-json\/wp\/v2\/product_brand?post=26207"},{"taxonomy":"product_cat","embeddable":true,"href":"https:\/\/esquell.eu\/de\/wp-json\/wp\/v2\/product_cat?post=26207"},{"taxonomy":"product_tag","embeddable":true,"href":"https:\/\/esquell.eu\/de\/wp-json\/wp\/v2\/product_tag?post=26207"}],"curies":[{"name":"wp","href":"https:\/\/api.w.org\/{rel}","templated":true}]}}