{"id":26191,"date":"2025-04-03T09:22:39","date_gmt":"2025-04-03T09:22:39","guid":{"rendered":"https:\/\/esquell.eu\/product\/edelstahl-polierbuerste-kurzhaar-f-030\/"},"modified":"2026-03-05T16:32:09","modified_gmt":"2026-03-05T16:32:09","slug":"edelstahl-polierbuerste-kurzhaar-f-030","status":"publish","type":"product","link":"https:\/\/esquell.eu\/de\/produkt\/edelstahl-polierbuerste-kurzhaar-f-030\/","title":{"rendered":"Edelstahl Polierb\u00fcrste Kurzhaar (F-030)"},"content":{"rendered":"<p>Polierb\u00fcrste zum Entfernen von Oxidation und Zunder auf Metallen.<\/p>\n<p>Nach dem Erhitzen der Metallknete k\u00f6nnen Sie diese B\u00fcrste zum Polieren des Metalls verwenden und die silberne Farbe erscheint. F\u00fcr ein gl\u00e4nzendes Finish schleifen, polieren und polieren Sie mit anderen Mitteln und Werkzeugen wie Schleif- und Polierpads, Polierpaste, Polierscheiben auf dem Rotationswerkzeug oder Dremel o.\u00e4. weiter. <\/p>\n","protected":false},"excerpt":{"rendered":"<p>Polierb\u00fcrste zum Entfernen von Oxidation und Zunder auf Metallen.<\/p>\n<p>Nach dem Erhitzen der Metallknete k\u00f6nnen Sie diese B\u00fcrste zum Polieren des Metalls verwenden und die silberne Farbe erscheint. F\u00fcr ein gl\u00e4nzendes Finish schleifen, polieren und polieren Sie mit anderen Mitteln und Werkzeugen wie Schleif- und Polierpads, Polierpaste, Polierscheiben auf dem Rotationswerkzeug oder Dremel o.\u00e4. weiter. <\/p>\n","protected":false},"featured_media":26192,"comment_status":"closed","ping_status":"closed","template":"","meta":{"_acf_changed":false,"_seopress_robots_primary_cat":"none","_seopress_titles_title":"","_seopress_titles_desc":"","_seopress_robots_index":""},"more":[],"product_brand":[6413],"product_cat":[7361],"product_tag":[6446,6715,8599,6375,14584,6494,8577,10209,7017,14580,7171,6673,7377,8261,7131,9539,8137,14578,9262,10504,6713,6419,6820,10470,6779,7445,14582],"class_list":{"0":"post-26191","1":"product","2":"type-product","3":"status-publish","4":"has-post-thumbnail","6":"product_brand-acs","7":"product_cat-schleifen-feilen-und-polieren","8":"product_tag-aida","9":"product_tag-arbeit","10":"product_tag-benelux","11":"product_tag-burste","12":"product_tag-bursten-2","13":"product_tag-diy","14":"product_tag-eu","15":"product_tag-europa-2","16":"product_tag-fur","17":"product_tag-genau-2","18":"product_tag-gut-2","19":"product_tag-japan","20":"product_tag-klein","21":"product_tag-klein-2","22":"product_tag-kupfer","23":"product_tag-messing","24":"product_tag-metall-3","25":"product_tag-polierburste-2","26":"product_tag-polieren","27":"product_tag-polnisch-3","28":"product_tag-prazision","29":"product_tag-schmuck","30":"product_tag-schmuck-2","31":"product_tag-schmuckherstellung-2","32":"product_tag-selbstgemacht","33":"product_tag-stahl","34":"product_tag-werke","35":"product_shipping_class-standard","37":"first","38":"instock","39":"taxable","40":"shipping-taxable","41":"purchasable","42":"product-type-simple"},"acf":[],"_links":{"self":[{"href":"https:\/\/esquell.eu\/de\/wp-json\/wp\/v2\/product\/26191","targetHints":{"allow":["GET"]}}],"collection":[{"href":"https:\/\/esquell.eu\/de\/wp-json\/wp\/v2\/product"}],"about":[{"href":"https:\/\/esquell.eu\/de\/wp-json\/wp\/v2\/types\/product"}],"replies":[{"embeddable":true,"href":"https:\/\/esquell.eu\/de\/wp-json\/wp\/v2\/comments?post=26191"}],"wp:featuredmedia":[{"embeddable":true,"href":"https:\/\/esquell.eu\/de\/wp-json\/wp\/v2\/media\/26192"}],"wp:attachment":[{"href":"https:\/\/esquell.eu\/de\/wp-json\/wp\/v2\/media?parent=26191"}],"wp:term":[{"taxonomy":"more","embeddable":true,"href":"https:\/\/esquell.eu\/de\/wp-json\/wp\/v2\/more?post=26191"},{"taxonomy":"product_brand","embeddable":true,"href":"https:\/\/esquell.eu\/de\/wp-json\/wp\/v2\/product_brand?post=26191"},{"taxonomy":"product_cat","embeddable":true,"href":"https:\/\/esquell.eu\/de\/wp-json\/wp\/v2\/product_cat?post=26191"},{"taxonomy":"product_tag","embeddable":true,"href":"https:\/\/esquell.eu\/de\/wp-json\/wp\/v2\/product_tag?post=26191"}],"curies":[{"name":"wp","href":"https:\/\/api.w.org\/{rel}","templated":true}]}}