{"id":26176,"date":"2025-04-03T09:22:26","date_gmt":"2025-04-03T09:22:26","guid":{"rendered":"https:\/\/esquell.eu\/product\/hagerty-polierpaste-fuer-silber-5-gramm-f-0036\/"},"modified":"2026-01-10T14:32:44","modified_gmt":"2026-01-10T14:32:44","slug":"hagerty-polierpaste-fuer-silber-5-gramm-f-0036","status":"publish","type":"product","link":"https:\/\/esquell.eu\/de\/produkt\/hagerty-polierpaste-fuer-silber-5-gramm-f-0036\/","title":{"rendered":"Hagerty Polierpaste f\u00fcr Silber 5 Gramm F-0036"},"content":{"rendered":"<p>Hagerty Politur f\u00fcr Silber 5 Gramm<\/p>\n<p>Extra fein f\u00fcr Spiegelglanz<\/p>\n<p>F\u00fcr Silberbesteck und Silberzubeh\u00f6r.<\/p>\n<p>Reinigt, poliert und sch\u00fctzt. Lang anhaltender Glanz. <\/p>\n","protected":false},"excerpt":{"rendered":"<p>Hagerty Politur f\u00fcr Silber 5 Gramm<\/p>\n<p>Extra fein f\u00fcr Spiegelglanz<\/p>\n<p>F\u00fcr Silberbesteck und Silberzubeh\u00f6r. Reinigt, poliert und sch\u00fctzt. Lang anhaltender Glanz.  <\/p>\n","protected":false},"featured_media":26183,"comment_status":"closed","ping_status":"closed","template":"","meta":{"_acf_changed":false,"_seopress_robots_primary_cat":"none","_seopress_titles_title":"","_seopress_titles_desc":"","_seopress_robots_index":""},"more":[],"product_brand":[6413],"product_cat":[6596,7361],"product_tag":[8609,6715,6375,14584,7017,14580,20120,6800,7171,20119,7377,8261,7131,9539,8137,7134,14578,20118,9262,13899,13914,10482,10504,6713,10007,6419,6812,6417,7445,7402,14582],"class_list":{"0":"post-26176","1":"product","2":"type-product","3":"status-publish","4":"has-post-thumbnail","6":"product_brand-acs","7":"product_cat-grundlegende-werkzeuge","8":"product_cat-schleifen-feilen-und-polieren","9":"product_tag-8609","10":"product_tag-arbeit","11":"product_tag-burste","12":"product_tag-bursten-2","13":"product_tag-fur","14":"product_tag-genau-2","15":"product_tag-gramm-2","16":"product_tag-gramm","17":"product_tag-gut-2","18":"product_tag-hagerty","19":"product_tag-klein","20":"product_tag-klein-2","21":"product_tag-kupfer","22":"product_tag-messing","23":"product_tag-metall-3","24":"product_tag-nudeln","25":"product_tag-polierburste-2","26":"product_tag-poliercreme","27":"product_tag-polieren","28":"product_tag-polieren-3","29":"product_tag-polierpaste","30":"product_tag-polnisch-2","31":"product_tag-polnisch-3","32":"product_tag-prazision","33":"product_tag-ressource","34":"product_tag-schmuck","35":"product_tag-silber-3","36":"product_tag-silber","37":"product_tag-stahl","38":"product_tag-verpackung","39":"product_tag-werke","40":"product_shipping_class-standard","42":"first","43":"instock","44":"taxable","45":"shipping-taxable","46":"purchasable","47":"product-type-simple"},"acf":[],"_links":{"self":[{"href":"https:\/\/esquell.eu\/de\/wp-json\/wp\/v2\/product\/26176","targetHints":{"allow":["GET"]}}],"collection":[{"href":"https:\/\/esquell.eu\/de\/wp-json\/wp\/v2\/product"}],"about":[{"href":"https:\/\/esquell.eu\/de\/wp-json\/wp\/v2\/types\/product"}],"replies":[{"embeddable":true,"href":"https:\/\/esquell.eu\/de\/wp-json\/wp\/v2\/comments?post=26176"}],"wp:featuredmedia":[{"embeddable":true,"href":"https:\/\/esquell.eu\/de\/wp-json\/wp\/v2\/media\/26183"}],"wp:attachment":[{"href":"https:\/\/esquell.eu\/de\/wp-json\/wp\/v2\/media?parent=26176"}],"wp:term":[{"taxonomy":"more","embeddable":true,"href":"https:\/\/esquell.eu\/de\/wp-json\/wp\/v2\/more?post=26176"},{"taxonomy":"product_brand","embeddable":true,"href":"https:\/\/esquell.eu\/de\/wp-json\/wp\/v2\/product_brand?post=26176"},{"taxonomy":"product_cat","embeddable":true,"href":"https:\/\/esquell.eu\/de\/wp-json\/wp\/v2\/product_cat?post=26176"},{"taxonomy":"product_tag","embeddable":true,"href":"https:\/\/esquell.eu\/de\/wp-json\/wp\/v2\/product_tag?post=26176"}],"curies":[{"name":"wp","href":"https:\/\/api.w.org\/{rel}","templated":true}]}}