{"id":26164,"date":"2025-04-03T09:22:26","date_gmt":"2025-04-03T09:22:26","guid":{"rendered":"https:\/\/esquell.eu\/product\/bohrfutter-mit-bohrern-und-fraesern-set-micro-tool\/"},"modified":"2025-04-03T09:22:26","modified_gmt":"2025-04-03T09:22:26","slug":"bohrfutter-mit-bohrern-und-fraesern-set-micro-tool","status":"publish","type":"product","link":"https:\/\/esquell.eu\/de\/produkt\/bohrfutter-mit-bohrern-und-fraesern-set-micro-tool\/","title":{"rendered":"Bohrfutter mit Bohrern und Fr\u00e4sern Set micro tool"},"content":{"rendered":"<div class=\"product-addition-content\">\n<p>Mini-Handbohrer-Set mit 4 Bohrern und 6 Fr\u00e4sern. Mikro-Werkzeug <\/p>\n<p>Mikrobohrer, Mikrowerkzeug<\/p>\n<p>HSS-Fr\u00e4ser und -Bohrer<\/p>\n<p>Geeignet f\u00fcr die Herstellung von L\u00f6chern in Silberton und gebranntem Silberton. Die Ausstecher sind auch f\u00fcr die Herstellung von Fassungen f\u00fcr Zirkonia geeignet. <\/p>\n<\/div>\n","protected":false},"excerpt":{"rendered":"<p>Mini-Handbohrer-Set mit 4 Bohrern und 6 Fr\u00e4sern. Mikro-Werkzeug <\/p>\n<p>Mikrobohrer, Mikrowerkzeug<\/p>\n<p>HSS-Fr\u00e4ser und -Bohrer<\/p>\n<p>Geeignet f\u00fcr die Herstellung von L\u00f6chern in Silberton und abgegrenztem Silberton. Die Ausstecher eignen sich auch f\u00fcr die Herstellung von Setboxen f\u00fcr Zirkoniumdioxid. <\/p>\n","protected":false},"featured_media":7383,"comment_status":"closed","ping_status":"closed","template":"","meta":{"_acf_changed":false,"_seopress_robots_primary_cat":"none","_seopress_titles_title":"","_seopress_titles_desc":"","_seopress_robots_index":""},"more":[],"product_brand":[6365],"product_cat":[8215,10426,7361],"product_tag":[6488,6506,6942,6948,6817,6773,7999,6797,6492,6944,6458,6415,14904,20010,20089,6840,7387,20095,7123,6936,6883,6494,10633,6826,17989,6895,7555,14614,20093,6824,6830,6934,7095,6767,6822,20085,20087,6946,6836,14689,6696,6897,6786,12196,17273,6498,7131,8394,7137,8583,6775,17248,6932,6950,20084,7019,6844,9664,6421,6444,9198,6455,6832,6828,6424,6926,14529,6928,6419,6899,6889,9195,6901,6417,6490,6920,6834,6781,6556,20091,6893,6784,6795,7072,6814,6690,7373,7441,6605,6783,6838],"class_list":{"0":"post-26164","1":"product","2":"type-product","3":"status-publish","4":"has-post-thumbnail","6":"product_brand-l1","7":"product_cat-lehm","8":"product_cat-metall","9":"product_cat-schleifen-feilen-und-polieren","10":"product_tag-6488","11":"product_tag-6506","12":"product_tag-alkmaar","13":"product_tag-almere","14":"product_tag-amsterdam","15":"product_tag-antwerpen","16":"product_tag-arbeitsbeschreibung","17":"product_tag-arnheim","18":"product_tag-artclay","19":"product_tag-assen","20":"product_tag-belgien","21":"product_tag-billig","22":"product_tag-bohren-3","23":"product_tag-bohrfutter","24":"product_tag-bohrfutter-2","25":"product_tag-brabant","26":"product_tag-bronze","27":"product_tag-bronzeclay-2","28":"product_tag-brucke","29":"product_tag-brussel","30":"product_tag-deutschland","31":"product_tag-diy","32":"product_tag-drehbar","33":"product_tag-drenthe","34":"product_tag-entwurf","35":"product_tag-es","36":"product_tag-formbare","37":"product_tag-frasen","38":"product_tag-freezjes","39":"product_tag-friesland","40":"product_tag-gelderland","41":"product_tag-gent","42":"product_tag-gold-2","43":"product_tag-gold","44":"product_tag-groningen","45":"product_tag-handbohrmaschine","46":"product_tag-handbohrmaschine-2","47":"product_tag-heerenveen","48":"product_tag-holland","49":"product_tag-ideen-2","50":"product_tag-ideen","51":"product_tag-ihr","52":"product_tag-kaufen","53":"product_tag-klassen","54":"product_tag-kleine-locher","55":"product_tag-kunst","56":"product_tag-kupfer","57":"product_tag-kupfer-3","58":"product_tag-kupferton-2","59":"product_tag-kurs","60":"product_tag-kurzwarengeschaft","61":"product_tag-kutter-7","62":"product_tag-leeuwarden","63":"product_tag-lelystad","64":"product_tag-lernprogramm","65":"product_tag-liefert","66":"product_tag-limburg","67":"product_tag-loch","68":"product_tag-machen","69":"product_tag-metalclay","70":"product_tag-mikro","71":"product_tag-niederlande","72":"product_tag-norden","73":"product_tag-overijssel","74":"product_tag-rein","75":"product_tag-rein-2","76":"product_tag-rotarytool","77":"product_tag-rotterdam","78":"product_tag-schmuck","79":"product_tag-selbst","80":"product_tag-shop","81":"product_tag-shop-2","82":"product_tag-sie-selbst-2","83":"product_tag-silber","84":"product_tag-silberton","85":"product_tag-sterling","86":"product_tag-sud","87":"product_tag-teile","88":"product_tag-ton-3","89":"product_tag-ton-metall","90":"product_tag-tun","91":"product_tag-unter-2","92":"product_tag-utrecht","93":"product_tag-wattenmeer","94":"product_tag-webshop","95":"product_tag-werkstatten","96":"product_tag-werkzeug","97":"product_tag-werkzeug-2","98":"product_tag-werkzeuge","99":"product_tag-wobei","100":"product_tag-zeeland","101":"product_shipping_class-standard","103":"first","104":"instock","105":"taxable","106":"shipping-taxable","107":"purchasable","108":"product-type-simple"},"acf":[],"_links":{"self":[{"href":"https:\/\/esquell.eu\/de\/wp-json\/wp\/v2\/product\/26164","targetHints":{"allow":["GET"]}}],"collection":[{"href":"https:\/\/esquell.eu\/de\/wp-json\/wp\/v2\/product"}],"about":[{"href":"https:\/\/esquell.eu\/de\/wp-json\/wp\/v2\/types\/product"}],"replies":[{"embeddable":true,"href":"https:\/\/esquell.eu\/de\/wp-json\/wp\/v2\/comments?post=26164"}],"wp:featuredmedia":[{"embeddable":true,"href":"https:\/\/esquell.eu\/de\/wp-json\/wp\/v2\/media\/7383"}],"wp:attachment":[{"href":"https:\/\/esquell.eu\/de\/wp-json\/wp\/v2\/media?parent=26164"}],"wp:term":[{"taxonomy":"more","embeddable":true,"href":"https:\/\/esquell.eu\/de\/wp-json\/wp\/v2\/more?post=26164"},{"taxonomy":"product_brand","embeddable":true,"href":"https:\/\/esquell.eu\/de\/wp-json\/wp\/v2\/product_brand?post=26164"},{"taxonomy":"product_cat","embeddable":true,"href":"https:\/\/esquell.eu\/de\/wp-json\/wp\/v2\/product_cat?post=26164"},{"taxonomy":"product_tag","embeddable":true,"href":"https:\/\/esquell.eu\/de\/wp-json\/wp\/v2\/product_tag?post=26164"}],"curies":[{"name":"wp","href":"https:\/\/api.w.org\/{rel}","templated":true}]}}