{"id":26163,"date":"2025-04-03T09:22:26","date_gmt":"2025-04-03T09:22:26","guid":{"rendered":"https:\/\/esquell.eu\/product\/bohrfutter\/"},"modified":"2025-04-03T09:22:26","modified_gmt":"2025-04-03T09:22:26","slug":"bohrfutter","status":"publish","type":"product","link":"https:\/\/esquell.eu\/de\/produkt\/bohrfutter\/","title":{"rendered":"Bohrfutter"},"content":{"rendered":"<div class=\"product-addition-content\">\n<p>Bohrfutter<\/p>\n<p>Handbohrfutter. Geeignet f\u00fcr verschiedene Bohrergr\u00f6\u00dfen. Mikro-Werkzeug.  <\/p>\n<p>Mit diesem Handbohrer k\u00f6nnen Sie kleine L\u00f6cher in getrockneten und gebrannten Metallton bohren.<\/p>\n<p>Ausgenommen Bohrer<\/p>\n<\/div>\n","protected":false},"excerpt":{"rendered":"<p>Bohrfutter<\/p>\n<p>Handbohrfutter. Geeignet f\u00fcr verschiedene Bohrergr\u00f6\u00dfen. Mikro-Werkzeug.  <\/p>\n<p>Mit diesem Handbohrer k\u00f6nnen Sie kleine L\u00f6cher in getrockneten und gebrannten Metallton bohren.<\/p>\n<p>Ausgenommen Bohrer<\/p>\n","protected":false},"featured_media":7385,"comment_status":"closed","ping_status":"closed","template":"","meta":{"_acf_changed":false,"_seopress_robots_primary_cat":"none","_seopress_titles_title":"","_seopress_titles_desc":"","_seopress_robots_index":""},"more":[],"product_brand":[6365],"product_cat":[7361],"product_tag":[6488,6506,6948,6817,6802,6773,6799,7999,6797,8543,6458,6415,14904,20090,12092,20010,20094,6840,7387,7392,7123,6936,6603,8559,13142,6883,6494,6826,17989,8027,6895,6842,20083,6824,6830,6934,6767,7095,7109,6822,20086,20085,20087,20092,6692,6836,6696,14689,6897,20097,6786,17273,20088,6498,7131,8394,7137,6950,6844,9664,7801,6421,6444,7557,6441,6455,6832,6828,8001,6928,6419,10398,6899,6889,9195,6558,6901,6417,6812,8022,6490,6834,6500,6893,20096,6784,6795,6814,7373,7441,6605,6818,9818,6783,7064,6838],"class_list":{"0":"post-26163","1":"product","2":"type-product","3":"status-publish","4":"has-post-thumbnail","6":"product_brand-l1","7":"product_cat-schleifen-feilen-und-polieren","8":"product_tag-6488","9":"product_tag-6506","10":"product_tag-almere","11":"product_tag-amsterdam","12":"product_tag-angebot","13":"product_tag-antwerpen","14":"product_tag-apeldoorn","15":"product_tag-arbeitsbeschreibung","16":"product_tag-arnheim","17":"product_tag-aussie","18":"product_tag-belgien","19":"product_tag-billig","20":"product_tag-bohren-3","21":"product_tag-bohren-4","22":"product_tag-bohrer","23":"product_tag-bohrfutter","24":"product_tag-bohrfutter-3","25":"product_tag-brabant","26":"product_tag-bronze","27":"product_tag-bronzeclay","28":"product_tag-brucke","29":"product_tag-brussel","30":"product_tag-cool","31":"product_tag-cooltools","32":"product_tag-de-artclaysilvershop","33":"product_tag-deutschland","34":"product_tag-diy","35":"product_tag-drenthe","36":"product_tag-entwurf","37":"product_tag-erklarung","38":"product_tag-es","39":"product_tag-flevoland","40":"product_tag-frace","41":"product_tag-friesland","42":"product_tag-gelderland","43":"product_tag-gent","44":"product_tag-gold","45":"product_tag-gold-2","46":"product_tag-goldclay","47":"product_tag-groningen","48":"product_tag-handbohrfutter","49":"product_tag-handbohrmaschine","50":"product_tag-handbohrmaschine-2","51":"product_tag-handbohrmaschinen","52":"product_tag-handbuch","53":"product_tag-holland","54":"product_tag-ideen","55":"product_tag-ideen-2","56":"product_tag-ihr","57":"product_tag-juwelen-3","58":"product_tag-kaufen","59":"product_tag-kleine-locher","60":"product_tag-kleines-loch","61":"product_tag-kunst","62":"product_tag-kupfer","63":"product_tag-kupfer-3","64":"product_tag-kupferton-2","65":"product_tag-lelystad","66":"product_tag-limburg","67":"product_tag-loch","68":"product_tag-maastricht","69":"product_tag-machen","70":"product_tag-metalclay","71":"product_tag-metall","72":"product_tag-metallton","73":"product_tag-niederlande","74":"product_tag-norden","75":"product_tag-overijssel","76":"product_tag-pmc","77":"product_tag-rotterdam","78":"product_tag-schmuck","79":"product_tag-schmuck-6","80":"product_tag-selbst","81":"product_tag-shop","82":"product_tag-shop-2","83":"product_tag-sie-selbst","84":"product_tag-sie-selbst-2","85":"product_tag-silber","86":"product_tag-silber-3","87":"product_tag-silberlehm","88":"product_tag-silberton","89":"product_tag-sud","90":"product_tag-ton-2","91":"product_tag-tun","92":"product_tag-tutorials","93":"product_tag-unter-2","94":"product_tag-utrecht","95":"product_tag-webshop","96":"product_tag-werkzeug","97":"product_tag-werkzeug-2","98":"product_tag-werkzeuge","99":"product_tag-werkzeuge-2","100":"product_tag-wertvoll","101":"product_tag-wobei","102":"product_tag-workshop","103":"product_tag-zeeland","104":"product_shipping_class-standard","106":"first","107":"instock","108":"taxable","109":"shipping-taxable","110":"purchasable","111":"product-type-simple"},"acf":[],"_links":{"self":[{"href":"https:\/\/esquell.eu\/de\/wp-json\/wp\/v2\/product\/26163","targetHints":{"allow":["GET"]}}],"collection":[{"href":"https:\/\/esquell.eu\/de\/wp-json\/wp\/v2\/product"}],"about":[{"href":"https:\/\/esquell.eu\/de\/wp-json\/wp\/v2\/types\/product"}],"replies":[{"embeddable":true,"href":"https:\/\/esquell.eu\/de\/wp-json\/wp\/v2\/comments?post=26163"}],"wp:featuredmedia":[{"embeddable":true,"href":"https:\/\/esquell.eu\/de\/wp-json\/wp\/v2\/media\/7385"}],"wp:attachment":[{"href":"https:\/\/esquell.eu\/de\/wp-json\/wp\/v2\/media?parent=26163"}],"wp:term":[{"taxonomy":"more","embeddable":true,"href":"https:\/\/esquell.eu\/de\/wp-json\/wp\/v2\/more?post=26163"},{"taxonomy":"product_brand","embeddable":true,"href":"https:\/\/esquell.eu\/de\/wp-json\/wp\/v2\/product_brand?post=26163"},{"taxonomy":"product_cat","embeddable":true,"href":"https:\/\/esquell.eu\/de\/wp-json\/wp\/v2\/product_cat?post=26163"},{"taxonomy":"product_tag","embeddable":true,"href":"https:\/\/esquell.eu\/de\/wp-json\/wp\/v2\/product_tag?post=26163"}],"curies":[{"name":"wp","href":"https:\/\/api.w.org\/{rel}","templated":true}]}}