{"id":26116,"date":"2025-04-03T09:22:26","date_gmt":"2025-04-03T09:22:26","guid":{"rendered":"https:\/\/esquell.eu\/product\/polierpaste-weisses-rouge-4000\/"},"modified":"2025-04-03T09:22:26","modified_gmt":"2025-04-03T09:22:26","slug":"polierpaste-weisses-rouge-4000","status":"publish","type":"product","link":"https:\/\/esquell.eu\/de\/produkt\/polierpaste-weisses-rouge-4000\/","title":{"rendered":"Polierpaste wei\u00dfes Rouge #4000"},"content":{"rendered":"<p>Polierpaste #4000<\/p>\n<p>Hergestellt in Japan<\/p>\n<p>Eine ausgew\u00e4hlte Qualit\u00e4tspolierpaste f\u00fcr die ultraklare Endbearbeitung von Silber. Gleichm\u00e4\u00dfig gemischt und unter strenger Qualit\u00e4tskontrolle hergestellt. Au\u00dfergew\u00f6hnliche Haftung auf Poliermitteln, B\u00fcrsten und Filzen. Haarkratzer verschwinden leicht. Hochgl\u00e4nzendes Finish.    <\/p>\n","protected":false},"excerpt":{"rendered":"<p>Polierpaste #4000<\/p>\n<p>Hergestellt in Japan<\/p>\n<p>Eine ausgew\u00e4hlte Qualit\u00e4tspolierpaste f\u00fcr die ultraklare Endbearbeitung von Silber. Gleichm\u00e4\u00dfig gemischt und unter strenger Qualit\u00e4tskontrolle hergestellt. Au\u00dfergew\u00f6hnliche Haftung auf Poliermitteln, B\u00fcrsten und Filzen. Haarkratzer verschwinden leicht. Hochgl\u00e4nzendes Finish.    <\/p>\n<p>&nbsp;<\/p>\n","protected":false},"featured_media":7399,"comment_status":"closed","ping_status":"closed","template":"","meta":{"_acf_changed":false,"_seopress_robots_primary_cat":"none","_seopress_titles_title":"","_seopress_titles_desc":"","_seopress_robots_index":""},"more":[],"product_brand":[6413],"product_cat":[7361],"product_tag":[20070,11870,10516,14899,9858,20018,10524,10514,10518,6673,7204,6704,7756,13899,13914,10504,8144,6417,20069,14537],"class_list":{"0":"post-26116","1":"product","2":"type-product","3":"status-publish","4":"has-post-thumbnail","6":"product_brand-acs","7":"product_cat-schleifen-feilen-und-polieren","8":"product_tag-bar-2","9":"product_tag-block","10":"product_tag-finishing","11":"product_tag-flachsack","12":"product_tag-glanzend","13":"product_tag-glanzend-4","14":"product_tag-glatt","15":"product_tag-hochglanz","16":"product_tag-hochglanzpolitur","17":"product_tag-japan","18":"product_tag-japanisch","19":"product_tag-loschen","20":"product_tag-metall-2","21":"product_tag-polieren-3","22":"product_tag-polierpaste","23":"product_tag-polnisch-3","24":"product_tag-professionell-2","25":"product_tag-silber","26":"product_tag-super","27":"product_tag-verbindung","28":"product_shipping_class-standard","30":"first","31":"instock","32":"taxable","33":"shipping-taxable","34":"purchasable","35":"product-type-simple"},"acf":[],"_links":{"self":[{"href":"https:\/\/esquell.eu\/de\/wp-json\/wp\/v2\/product\/26116","targetHints":{"allow":["GET"]}}],"collection":[{"href":"https:\/\/esquell.eu\/de\/wp-json\/wp\/v2\/product"}],"about":[{"href":"https:\/\/esquell.eu\/de\/wp-json\/wp\/v2\/types\/product"}],"replies":[{"embeddable":true,"href":"https:\/\/esquell.eu\/de\/wp-json\/wp\/v2\/comments?post=26116"}],"wp:featuredmedia":[{"embeddable":true,"href":"https:\/\/esquell.eu\/de\/wp-json\/wp\/v2\/media\/7399"}],"wp:attachment":[{"href":"https:\/\/esquell.eu\/de\/wp-json\/wp\/v2\/media?parent=26116"}],"wp:term":[{"taxonomy":"more","embeddable":true,"href":"https:\/\/esquell.eu\/de\/wp-json\/wp\/v2\/more?post=26116"},{"taxonomy":"product_brand","embeddable":true,"href":"https:\/\/esquell.eu\/de\/wp-json\/wp\/v2\/product_brand?post=26116"},{"taxonomy":"product_cat","embeddable":true,"href":"https:\/\/esquell.eu\/de\/wp-json\/wp\/v2\/product_cat?post=26116"},{"taxonomy":"product_tag","embeddable":true,"href":"https:\/\/esquell.eu\/de\/wp-json\/wp\/v2\/product_tag?post=26116"}],"curies":[{"name":"wp","href":"https:\/\/api.w.org\/{rel}","templated":true}]}}