{"id":26082,"date":"2025-04-03T09:22:26","date_gmt":"2025-04-03T09:22:26","guid":{"rendered":"https:\/\/esquell.eu\/product\/professionelle-diamantfeilen-rund-verschiedene-groessen-08-10-12-15mm-f-1377\/"},"modified":"2025-04-03T09:22:26","modified_gmt":"2025-04-03T09:22:26","slug":"professionelle-diamantfeilen-rund-verschiedene-groessen-08-10-12-15mm-f-1377","status":"publish","type":"product","link":"https:\/\/esquell.eu\/de\/produkt\/professionelle-diamantfeilen-rund-verschiedene-groessen-08-10-12-15mm-f-1377\/","title":{"rendered":"Professionelle Diamantfeilen rund verschiedene Gr\u00f6\u00dfen 0,8\/1,0\/1,2\/1,5mm (F-1377)"},"content":{"rendered":"<p>Professionelle hochwertige Diamantfeilen, Handfeilen, klein.<\/p>\n<p>Unter anderem f\u00fcr die Schmuckherstellung.<\/p>\n<p>Pro Set 4 St\u00fcck mit verschiedenen Gr\u00f6\u00dfen.<\/p>\n<p>Mikrofeilen<\/p>\n<p>0,8\/1,0\/1,2\/1,5mm.<\/p>\n<p>Diamant-Handfeile<\/p>\n","protected":false},"excerpt":{"rendered":"<p>Professionelle hochwertige Diamantfeilen, Handfeilen, klein. F\u00fcr z.B. die Schmuckherstellung. Pro Set 4 St\u00fcck in verschiedenen Gr\u00f6\u00dfen. Mikro-Feilen   <\/p>\n<p>0.8\/1.0\/1.2\/1.5mm.<\/p>\n<p>Diamant-Handfeile. Feilen pro Set. <\/p>\n","protected":false},"featured_media":4297,"comment_status":"closed","ping_status":"closed","template":"","meta":{"_acf_changed":false,"_seopress_robots_primary_cat":"none","_seopress_titles_title":"","_seopress_titles_desc":"","_seopress_robots_index":""},"more":[],"product_brand":[6413],"product_cat":[7361],"product_tag":[10701,6446,6684,6715,6438,6458,6677,8599,6887,7387,6675,14640,19850,20049,10744,14568,19848,6494,7747,10034,8577,8574,10209,6909,21661,7555,6680,7547,7808,6767,7095,7331,9609,9865,6907,6673,6498,7131,8394,7019,6679,7545,6421,6441,9198,6373,6455,6682,8643,9262,8005,11375,6713,6777,20052,9202,6419,6820,6779,9417,6417,6812,7086,6490,20051,7340,6913,6781,6500,7511,10391,20050,14582,6818],"class_list":{"0":"post-26082","1":"product","2":"type-product","3":"status-publish","4":"has-post-thumbnail","6":"product_brand-acs","7":"product_cat-schleifen-feilen-und-polieren","8":"product_tag-10701","9":"product_tag-aida","10":"product_tag-anhanger","11":"product_tag-arbeit","12":"product_tag-artclaysilver","13":"product_tag-belgien","14":"product_tag-belgien-2","15":"product_tag-benelux","16":"product_tag-biegsames-silber","17":"product_tag-bronze","18":"product_tag-craftlines","19":"product_tag-datei","20":"product_tag-datei-2","21":"product_tag-datei-3","22":"product_tag-dateien","23":"product_tag-dateien-2","24":"product_tag-dateien-3","25":"product_tag-diy","26":"product_tag-einstellen","27":"product_tag-epoxid","28":"product_tag-eu","29":"product_tag-europa","30":"product_tag-europa-2","31":"product_tag-facebook","32":"product_tag-finition","33":"product_tag-formbare","34":"product_tag-frankreich","35":"product_tag-frankreich-2","36":"product_tag-glas","37":"product_tag-gold","38":"product_tag-gold-2","39":"product_tag-gold-3","40":"product_tag-harz","41":"product_tag-harz-2","42":"product_tag-instagram","43":"product_tag-japan","44":"product_tag-kunst","45":"product_tag-kupfer","46":"product_tag-kupfer-3","47":"product_tag-liefert","48":"product_tag-luxemburg","49":"product_tag-luxemburg-2","50":"product_tag-machen","51":"product_tag-metallton","52":"product_tag-mikro","53":"product_tag-mini","54":"product_tag-niederlande","55":"product_tag-ohrringe","56":"product_tag-pinterest","57":"product_tag-polieren","58":"product_tag-porzellan-2","59":"product_tag-porzellan-3","60":"product_tag-prazision","61":"product_tag-ringe","62":"product_tag-sandsturm-2","63":"product_tag-schleifen-2","64":"product_tag-schmuck","65":"product_tag-schmuck-2","66":"product_tag-selbstgemacht","67":"product_tag-selbstgemachter-schmuck","68":"product_tag-silber","69":"product_tag-silber-3","70":"product_tag-silberschmiede","71":"product_tag-silberton","72":"product_tag-silberton-3","73":"product_tag-silverclay-co-uk","74":"product_tag-silveribelgie","75":"product_tag-teile","76":"product_tag-ton-2","77":"product_tag-tonschmuck","78":"product_tag-uv","79":"product_tag-verschiedene-grosen","80":"product_tag-werke","81":"product_tag-werkzeuge-2","82":"product_shipping_class-standard","84":"first","85":"instock","86":"taxable","87":"shipping-taxable","88":"purchasable","89":"product-type-simple"},"acf":[],"_links":{"self":[{"href":"https:\/\/esquell.eu\/de\/wp-json\/wp\/v2\/product\/26082","targetHints":{"allow":["GET"]}}],"collection":[{"href":"https:\/\/esquell.eu\/de\/wp-json\/wp\/v2\/product"}],"about":[{"href":"https:\/\/esquell.eu\/de\/wp-json\/wp\/v2\/types\/product"}],"replies":[{"embeddable":true,"href":"https:\/\/esquell.eu\/de\/wp-json\/wp\/v2\/comments?post=26082"}],"wp:featuredmedia":[{"embeddable":true,"href":"https:\/\/esquell.eu\/de\/wp-json\/wp\/v2\/media\/4297"}],"wp:attachment":[{"href":"https:\/\/esquell.eu\/de\/wp-json\/wp\/v2\/media?parent=26082"}],"wp:term":[{"taxonomy":"more","embeddable":true,"href":"https:\/\/esquell.eu\/de\/wp-json\/wp\/v2\/more?post=26082"},{"taxonomy":"product_brand","embeddable":true,"href":"https:\/\/esquell.eu\/de\/wp-json\/wp\/v2\/product_brand?post=26082"},{"taxonomy":"product_cat","embeddable":true,"href":"https:\/\/esquell.eu\/de\/wp-json\/wp\/v2\/product_cat?post=26082"},{"taxonomy":"product_tag","embeddable":true,"href":"https:\/\/esquell.eu\/de\/wp-json\/wp\/v2\/product_tag?post=26082"}],"curies":[{"name":"wp","href":"https:\/\/api.w.org\/{rel}","templated":true}]}}