{"id":26075,"date":"2025-04-03T09:22:26","date_gmt":"2025-04-03T09:22:26","guid":{"rendered":"https:\/\/esquell.eu\/product\/messing-polierbuerste-kurzhaarig-f-2061-acs\/"},"modified":"2026-02-14T10:21:51","modified_gmt":"2026-02-14T10:21:51","slug":"messing-polierbuerste-kurzhaarig-f-2061-acs","status":"publish","type":"product","link":"https:\/\/esquell.eu\/de\/produkt\/messing-polierbuerste-kurzhaarig-f-2061-acs\/","title":{"rendered":"Messing-Polierb\u00fcrste kurzhaarig (F-2061) ACS"},"content":{"rendered":"<p>Die Messing-Polierb\u00fcrste verleiht Silber einen dunkleren und w\u00e4rmeren Glanz als die Stahl-Polierb\u00fcrste<br \/>\nPolierb\u00fcrste zum Entfernen von Oxidation und Anlauffarben auf Metallen.<\/p>\n<p>Nach dem Erhitzen der Metallknete k\u00f6nnen Sie diese B\u00fcrste zum Polieren des Metalls verwenden und die silberne Farbe wird sichtbar.<br \/>\nF\u00fcr ein gl\u00e4nzendes Finish schleifen, polieren und polieren Sie mit anderen Mitteln und Werkzeugen wie Schleif- und Polierpads, Polierpaste, Polierscheiben auf dem Rotationswerkzeug oder Dremel oder \u00e4hnlichem weiter.<\/p>\n","protected":false},"excerpt":{"rendered":"<p>Die Messingpolierb\u00fcrste verleiht Silber einen dunkleren und w\u00e4rmeren Glanz als die Stahlpolierb\u00fcrste<br \/>\nPolierb\u00fcrste zum Entfernen von Oxidation und Anlauffarben auf Metallen.<\/p>\n<p>Nach dem Erhitzen der Metallknete k\u00f6nnen Sie diese B\u00fcrste zum Polieren des Metalls verwenden und die silberne Farbe erscheint. F\u00fcr ein gl\u00e4nzendes Finish schleifen, polieren und polieren Sie mit anderen Mitteln und Werkzeugen wie Schleif- und Polierpads, Polierpaste, Polierscheiben auf dem Rotationswerkzeug oder Dremel o.\u00e4. weiter. <\/p>\n","protected":false},"featured_media":26078,"comment_status":"closed","ping_status":"closed","template":"","meta":{"_acf_changed":false,"_seopress_robots_primary_cat":"none","_seopress_titles_title":"","_seopress_titles_desc":"","_seopress_robots_index":""},"more":[],"product_brand":[6413],"product_cat":[7361,7882],"product_tag":[6446,6715,8599,6375,14584,6494,8577,10209,7017,14580,7171,6673,7377,8261,7131,9539,8137,14578,9262,10504,6713,6419,6820,10470,6779,7445,14582],"class_list":{"0":"post-26075","1":"product","2":"type-product","3":"status-publish","4":"has-post-thumbnail","6":"product_brand-acs","7":"product_cat-schleifen-feilen-und-polieren","8":"product_cat-werkzeuge-fur-ringe","9":"product_tag-aida","10":"product_tag-arbeit","11":"product_tag-benelux","12":"product_tag-burste","13":"product_tag-bursten-2","14":"product_tag-diy","15":"product_tag-eu","16":"product_tag-europa-2","17":"product_tag-fur","18":"product_tag-genau-2","19":"product_tag-gut-2","20":"product_tag-japan","21":"product_tag-klein","22":"product_tag-klein-2","23":"product_tag-kupfer","24":"product_tag-messing","25":"product_tag-metall-3","26":"product_tag-polierburste-2","27":"product_tag-polieren","28":"product_tag-polnisch-3","29":"product_tag-prazision","30":"product_tag-schmuck","31":"product_tag-schmuck-2","32":"product_tag-schmuckherstellung-2","33":"product_tag-selbstgemacht","34":"product_tag-stahl","35":"product_tag-werke","36":"product_shipping_class-standard","38":"first","39":"instock","40":"taxable","41":"shipping-taxable","42":"purchasable","43":"product-type-simple"},"acf":[],"_links":{"self":[{"href":"https:\/\/esquell.eu\/de\/wp-json\/wp\/v2\/product\/26075","targetHints":{"allow":["GET"]}}],"collection":[{"href":"https:\/\/esquell.eu\/de\/wp-json\/wp\/v2\/product"}],"about":[{"href":"https:\/\/esquell.eu\/de\/wp-json\/wp\/v2\/types\/product"}],"replies":[{"embeddable":true,"href":"https:\/\/esquell.eu\/de\/wp-json\/wp\/v2\/comments?post=26075"}],"wp:featuredmedia":[{"embeddable":true,"href":"https:\/\/esquell.eu\/de\/wp-json\/wp\/v2\/media\/26078"}],"wp:attachment":[{"href":"https:\/\/esquell.eu\/de\/wp-json\/wp\/v2\/media?parent=26075"}],"wp:term":[{"taxonomy":"more","embeddable":true,"href":"https:\/\/esquell.eu\/de\/wp-json\/wp\/v2\/more?post=26075"},{"taxonomy":"product_brand","embeddable":true,"href":"https:\/\/esquell.eu\/de\/wp-json\/wp\/v2\/product_brand?post=26075"},{"taxonomy":"product_cat","embeddable":true,"href":"https:\/\/esquell.eu\/de\/wp-json\/wp\/v2\/product_cat?post=26075"},{"taxonomy":"product_tag","embeddable":true,"href":"https:\/\/esquell.eu\/de\/wp-json\/wp\/v2\/product_tag?post=26075"}],"curies":[{"name":"wp","href":"https:\/\/api.w.org\/{rel}","templated":true}]}}