{"id":26062,"date":"2025-04-03T09:22:26","date_gmt":"2025-04-03T09:22:26","guid":{"rendered":"https:\/\/esquell.eu\/product\/biegsame-feilen-flexible-schleifstreifen-5er-set\/"},"modified":"2026-02-14T10:22:10","modified_gmt":"2026-02-14T10:22:10","slug":"biegsame-feilen-flexible-schleifstreifen-5er-set","status":"publish","type":"product","link":"https:\/\/esquell.eu\/de\/produkt\/biegsame-feilen-flexible-schleifstreifen-5er-set\/","title":{"rendered":"Biegsame Feilen. flexible Schleifstreifen 5er Set"},"content":{"rendered":"<div class=\"product-addition-content\">\n<p>Biegsame Schleiffeilen Flexible Schleifstifte mit einem Aluminiumkern. Diese Schmirgelfeilen sind biegsam! <\/p>\n<p>Biegen Sie die Ordner so, dass sie in jeden Raum und jede Form passen.<\/p>\n<p>Jede Packung enth\u00e4lt 5 Schleiffeilen, 1 St\u00fcck pro Korn: Braunes Korn 100, dunkelgraues Korn 120, hellbraunes Korn 220, wei\u00dfes Korn 320 und schwarzes Korn 400. Zum Verfeinern von Metallton und zur Endbearbeitung aller Metalle. <\/p>\n<p>Diese Pads eignen sich besonders gut zum Formen von ungebranntem, trockenem Metallton.<\/p>\n<\/div>\n","protected":false},"excerpt":{"rendered":"<p>Biegsame Schleiffeilen Flexible Schleifstifte mit einem Aluminiumkern. Diese Schmirgelfeilen sind biegsam! <\/p>\n<p>&nbsp;<\/p>\n<p>Biegen Sie die Ordner so, dass sie in jeden Raum und jede Form passen.<\/p>\n<p>&nbsp;<\/p>\n<p>Jede Packung enth\u00e4lt 5 Schleiffeilen, 1 St\u00fcck pro Korn: Braunes Korn 100, dunkelgraues Korn 120, hellbraunes Korn 220, wei\u00dfes Korn 320 und schwarzes Korn 400. Zum Verfeinern von Metallton und zur Endbearbeitung aller Metalle. <\/p>\n<p>Diese Pads eignen sich besonders gut zum Formen von ungebranntem, trockenem Metallton.<\/p>\n","protected":false},"featured_media":26063,"comment_status":"closed","ping_status":"closed","template":"","meta":{"_acf_changed":false,"_seopress_robots_primary_cat":"none","_seopress_titles_title":"","_seopress_titles_desc":"","_seopress_robots_index":""},"more":[],"product_brand":[6595],"product_cat":[8215,7361],"product_tag":[9197,9298,9301,9305,6446,6492,6699,6438,8543,6887,6903,20020,11699,6675,6494,12422,8545,10034,14264,21661,8217,11697,20018,7808,10524,14507,7331,6769,8679,20016,9609,9865,10514,6673,9265,6498,8019,6905,6421,19772,7557,20012,8001,9262,20014,8005,7133,7342,9202,6419,7465,6671,6812,8022,7086,6490,7340,7445,7334,6500,15040,11105,6449,11180],"class_list":{"0":"post-26062","1":"product","2":"type-product","3":"status-publish","4":"has-post-thumbnail","6":"product_brand-coole-tools","7":"product_cat-lehm","8":"product_cat-schleifen-feilen-und-polieren","9":"product_tag-9197","10":"product_tag-achat","11":"product_tag-achatnadel","12":"product_tag-achatstein","13":"product_tag-aida","14":"product_tag-artclay","15":"product_tag-artclayacademy","16":"product_tag-artclaysilver","17":"product_tag-aussie","18":"product_tag-biegsames-silber","19":"product_tag-bronze-ton","20":"product_tag-brunette","21":"product_tag-byoux","22":"product_tag-craftlines","23":"product_tag-diy","24":"product_tag-draht-2","25":"product_tag-einkaufen-3","26":"product_tag-epoxid","27":"product_tag-fimo-polymer-clay","28":"product_tag-finition","29":"product_tag-flex","30":"product_tag-fur-manner","31":"product_tag-glanzend-4","32":"product_tag-glas","33":"product_tag-glatt","34":"product_tag-glatt-2","35":"product_tag-gold-3","36":"product_tag-goldton","37":"product_tag-google","38":"product_tag-grunde","39":"product_tag-harz","40":"product_tag-harz-2","41":"product_tag-hochglanz","42":"product_tag-japan","43":"product_tag-juwelier","44":"product_tag-kunst","45":"product_tag-kupfer-2","46":"product_tag-kupferton","47":"product_tag-machen","48":"product_tag-messing-4","49":"product_tag-metall","50":"product_tag-modern-2","51":"product_tag-pmc","52":"product_tag-polieren","53":"product_tag-poliernadel","54":"product_tag-porzellan-2","55":"product_tag-prometheus","56":"product_tag-sandsturm","57":"product_tag-schleifen-2","58":"product_tag-schmuck","59":"product_tag-schmuckwerkzeuge","60":"product_tag-silber-2","61":"product_tag-silber-3","62":"product_tag-silberlehm","63":"product_tag-silberschmiede","64":"product_tag-silberton","65":"product_tag-silverclay-co-uk","66":"product_tag-stahl","67":"product_tag-stein-2","68":"product_tag-ton-2","69":"product_tag-tone","70":"product_tag-und","71":"product_tag-verteiler","72":"product_tag-wirewrapping","73":"product_shipping_class-standard","75":"first","76":"instock","77":"taxable","78":"shipping-taxable","79":"purchasable","80":"product-type-simple"},"acf":[],"_links":{"self":[{"href":"https:\/\/esquell.eu\/de\/wp-json\/wp\/v2\/product\/26062","targetHints":{"allow":["GET"]}}],"collection":[{"href":"https:\/\/esquell.eu\/de\/wp-json\/wp\/v2\/product"}],"about":[{"href":"https:\/\/esquell.eu\/de\/wp-json\/wp\/v2\/types\/product"}],"replies":[{"embeddable":true,"href":"https:\/\/esquell.eu\/de\/wp-json\/wp\/v2\/comments?post=26062"}],"wp:featuredmedia":[{"embeddable":true,"href":"https:\/\/esquell.eu\/de\/wp-json\/wp\/v2\/media\/26063"}],"wp:attachment":[{"href":"https:\/\/esquell.eu\/de\/wp-json\/wp\/v2\/media?parent=26062"}],"wp:term":[{"taxonomy":"more","embeddable":true,"href":"https:\/\/esquell.eu\/de\/wp-json\/wp\/v2\/more?post=26062"},{"taxonomy":"product_brand","embeddable":true,"href":"https:\/\/esquell.eu\/de\/wp-json\/wp\/v2\/product_brand?post=26062"},{"taxonomy":"product_cat","embeddable":true,"href":"https:\/\/esquell.eu\/de\/wp-json\/wp\/v2\/product_cat?post=26062"},{"taxonomy":"product_tag","embeddable":true,"href":"https:\/\/esquell.eu\/de\/wp-json\/wp\/v2\/product_tag?post=26062"}],"curies":[{"name":"wp","href":"https:\/\/api.w.org\/{rel}","templated":true}]}}