{"id":26040,"date":"2025-04-03T09:22:26","date_gmt":"2025-04-03T09:22:26","guid":{"rendered":"https:\/\/esquell.eu\/product\/hagerty-silver-clean-fuer-den-professionellen-einsatz\/"},"modified":"2025-12-22T11:13:57","modified_gmt":"2025-12-22T11:13:57","slug":"hagerty-silver-clean-fuer-den-professionellen-einsatz","status":"publish","type":"product","link":"https:\/\/esquell.eu\/de\/produkt\/hagerty-silver-clean-fuer-den-professionellen-einsatz\/","title":{"rendered":"Hagerty Silver Clean f\u00fcr den professionellen Einsatz."},"content":{"rendered":"<div class=\"product-addition-content\">\n<p><strong>Welchen Schmuck reinigen Sie mit Silver Clean?<\/strong><\/p>\n<p>Dieses Reinigungsmittel gibt angeschlagenen Ringen, Armb\u00e4ndern und anderem silbernen und versilberten Schmuck seinen Glanz zur\u00fcck. Das Reinigungsbad sch\u00fctzt und reinigt Broschen, Halsketten, Ohrringe und andere wertvolle Gegenst\u00e4nde. Es reinigt und pflegt die silberne oder versilberte Oberfl\u00e4che sehr gr\u00fcndlich. Das Bad duftet au\u00dferdem zart und bringt den Schmuck zum Gl\u00e4nzen.   <\/p>\n<p><strong>Wie reinigt dieser Reiniger Ihren Silberschmuck?<\/strong><\/p>\n<p>In der Verpackung finden Sie ein sogenanntes Tauchbad. Dieses Tauchbad enth\u00e4lt einen kleinen Korb, in den Sie den Schmuck zur einfachen Anwendung legen k\u00f6nnen. Feuchthaltemittel dringen in den Schmutz ein und garantieren eine effiziente Reinigung. Das Bad hat fast sofortige Ergebnisse und verursacht keine Mikrokratzer oder Flecken auf Silber und versilbertem Schmuck.   <\/p>\n<p><strong>Anleitung zur Reinigung von Silber:<\/strong><\/p>\n<p>In der Verpackung finden Sie sowohl den Tauchkorb als auch das Tauchbad:<\/p>\n<p>Legen Sie den Schmuck in den Tauchkorb und tauchen Sie ihn in das Bad;<\/p>\n<p>2 Minuten stehen lassen.<\/p>\n<p>Verwenden Sie f\u00fcr stark verschmutzte Teile einen weichen, mit dem Produkt getr\u00e4nkten Schwamm;<\/p>\n<p>Sp\u00fclen Sie es mit warmem Wasser ab und trocknen Sie es mit einem weichen Tuch;<\/p>\n<p>Reinigen Sie Ihr Silber in einem gut bel\u00fcfteten Bereich und tragen Sie Handschuhe;<\/p>\n<p>Lesen Sie vor dem Gebrauch die Sicherheitshinweise.<\/p>\n<\/div>\n","protected":false},"excerpt":{"rendered":"<p><strong>Welchen Schmuck reinigen Sie mit Silver Clean?<\/strong><\/p>\n<p>Dieses Reinigungsmittel gibt angeschlagenen Ringen, Armb\u00e4ndern und anderem silbernen und versilberten Schmuck seinen Glanz zur\u00fcck. Das Reinigungsbad sch\u00fctzt und reinigt Broschen, Halsketten, Ohrringe und andere wertvolle Gegenst\u00e4nde. Es reinigt und pflegt die silberne oder versilberte Oberfl\u00e4che sehr gr\u00fcndlich. Das Bad duftet au\u00dferdem zart und bringt den Schmuck zum Gl\u00e4nzen.   <\/p>\n<p>&nbsp;<\/p>\n<p><strong>Wie reinigt dieser Reiniger Ihren Silberschmuck?<\/strong><\/p>\n<p>In der Verpackung finden Sie ein sogenanntes Tauchbad. Dieses Tauchbad enth\u00e4lt einen kleinen Korb, in den Sie den Schmuck zur einfachen Anwendung legen k\u00f6nnen. Feuchthaltemittel dringen in den Schmutz ein und garantieren eine effiziente Reinigung. Das Bad hat fast sofortige Ergebnisse und verursacht keine Mikrokratzer oder Flecken auf Silber und versilbertem Schmuck.   <\/p>\n<p>&nbsp;<\/p>\n<p><strong>Anleitung zur Reinigung von Silber:<\/strong><\/p>\n<p>In der Verpackung finden Sie sowohl den Tauchkorb als auch das Tauchbad:<\/p>\n<p>Legen Sie den Schmuck in den Tauchkorb und tauchen Sie ihn in das Bad;<\/p>\n<p>2 Minuten stehen lassen.<\/p>\n<p>Verwenden Sie f\u00fcr stark verschmutzte Teile einen weichen, mit dem Produkt getr\u00e4nkten Schwamm;<\/p>\n<p>Sp\u00fclen Sie es mit warmem Wasser ab und trocknen Sie es mit einem weichen Tuch;<\/p>\n<p>Reinigen Sie Ihr Silber in einem gut bel\u00fcfteten Bereich und tragen Sie Handschuhe;<\/p>\n<p>Lesen Sie vor dem Gebrauch die Sicherheitshinweise.<\/p>\n","protected":false},"featured_media":26044,"comment_status":"closed","ping_status":"closed","template":"","meta":{"_acf_changed":false,"_seopress_robots_primary_cat":"none","_seopress_titles_title":"","_seopress_titles_desc":"","_seopress_robots_index":""},"more":[],"product_brand":[6703],"product_cat":[7361],"product_tag":[7017,19987,7552,7992,8144,6384,19988,14569,6419,6417,6812,17148,19989],"class_list":{"0":"post-26040","1":"product","2":"type-product","3":"status-publish","4":"has-post-thumbnail","6":"product_brand-bm","7":"product_cat-schleifen-feilen-und-polieren","8":"product_tag-fur","9":"product_tag-hagarty","10":"product_tag-mit","11":"product_tag-professionell","12":"product_tag-professionell-2","13":"product_tag-reinigung","14":"product_tag-sauber-2","15":"product_tag-sauberer","16":"product_tag-schmuck","17":"product_tag-silber","18":"product_tag-silber-3","19":"product_tag-silber-6","20":"product_tag-silverclean","21":"product_shipping_class-standard","23":"first","24":"instock","25":"taxable","26":"shipping-taxable","27":"purchasable","28":"product-type-simple"},"acf":[],"_links":{"self":[{"href":"https:\/\/esquell.eu\/de\/wp-json\/wp\/v2\/product\/26040","targetHints":{"allow":["GET"]}}],"collection":[{"href":"https:\/\/esquell.eu\/de\/wp-json\/wp\/v2\/product"}],"about":[{"href":"https:\/\/esquell.eu\/de\/wp-json\/wp\/v2\/types\/product"}],"replies":[{"embeddable":true,"href":"https:\/\/esquell.eu\/de\/wp-json\/wp\/v2\/comments?post=26040"}],"wp:featuredmedia":[{"embeddable":true,"href":"https:\/\/esquell.eu\/de\/wp-json\/wp\/v2\/media\/26044"}],"wp:attachment":[{"href":"https:\/\/esquell.eu\/de\/wp-json\/wp\/v2\/media?parent=26040"}],"wp:term":[{"taxonomy":"more","embeddable":true,"href":"https:\/\/esquell.eu\/de\/wp-json\/wp\/v2\/more?post=26040"},{"taxonomy":"product_brand","embeddable":true,"href":"https:\/\/esquell.eu\/de\/wp-json\/wp\/v2\/product_brand?post=26040"},{"taxonomy":"product_cat","embeddable":true,"href":"https:\/\/esquell.eu\/de\/wp-json\/wp\/v2\/product_cat?post=26040"},{"taxonomy":"product_tag","embeddable":true,"href":"https:\/\/esquell.eu\/de\/wp-json\/wp\/v2\/product_tag?post=26040"}],"curies":[{"name":"wp","href":"https:\/\/api.w.org\/{rel}","templated":true}]}}