{"id":26027,"date":"2025-04-03T09:22:12","date_gmt":"2025-04-03T09:22:12","guid":{"rendered":"https:\/\/esquell.eu\/product\/schleifpad-diamant-koernung-400-koernung-600\/"},"modified":"2025-12-22T11:13:39","modified_gmt":"2025-12-22T11:13:39","slug":"schleifpad-diamant-koernung-400-koernung-600","status":"publish","type":"product","link":"https:\/\/esquell.eu\/de\/produkt\/schleifpad-diamant-koernung-400-koernung-600\/","title":{"rendered":"Schleifpad Diamant (K\u00f6rnung 400, K\u00f6rnung 600)"},"content":{"rendered":"<p>Strapazierf\u00e4hige, handliche Schleifplatte zum Schleifen von getrocknetem Ton und Metallen.<\/p>\n<p>B\u00fcrsten Sie nach dem Gebrauch alle Metall- oder Tonreste ab und die Platte kann wieder verwendet werden.<\/p>\n<p>Gr\u00f6\u00dfe: 170mm x 75mm, erh\u00e4ltlich in den K\u00f6rnungen 400 und 600.<\/p>\n","protected":false},"excerpt":{"rendered":"<p>Strapazierf\u00e4hige, handliche Schleifplatte zum Schleifen von getrocknetem Ton und Metallen.<\/p>\n<p>B\u00fcrsten Sie nach dem Gebrauch alle Metall- oder Tonreste ab und die Platte kann wieder verwendet werden.<\/p>\n<p>Gr\u00f6\u00dfe: 170mm x 75mm, erh\u00e4ltlich in den K\u00f6rnungen 400 und 600.<\/p>\n<p>&nbsp;<\/p>\n","protected":false},"featured_media":26041,"comment_status":"closed","ping_status":"closed","template":"","meta":{"_acf_changed":false,"_seopress_robots_primary_cat":"none","_seopress_titles_title":"","_seopress_titles_desc":"","_seopress_robots_index":""},"more":[],"product_brand":[6365],"product_cat":[8215,10426,7361,7717],"product_tag":[14259,19981,19971,21857,8017,19961,21147,19977,8579,19963,19985,19986,19984,16752,19983,19965,19969,9202,19973,21414,19975,14481,19979,7373,7441,19967,11959],"class_list":{"0":"post-26027","1":"product","2":"type-product","3":"status-publish","4":"has-post-thumbnail","6":"product_brand-l1","7":"product_cat-lehm","8":"product_cat-metall","9":"product_cat-schleifen-feilen-und-polieren","10":"product_cat-verkauf","11":"product_tag-bild-2","12":"product_tag-dauerhaft-2","13":"product_tag-diamantplatte","14":"product_tag-diamantplatte-2","15":"product_tag-handlich","16":"product_tag-handlich-3","17":"product_tag-handlich-4","18":"product_tag-langlebig","19":"product_tag-nachhaltig","20":"product_tag-outil","21":"product_tag-plakette","22":"product_tag-plaque-de-diamant","23":"product_tag-plaque-de-poncage","24":"product_tag-platte-2","25":"product_tag-poncage","26":"product_tag-pratique","27":"product_tag-scheune","28":"product_tag-schleifen-2","29":"product_tag-schleifen-3","30":"product_tag-schleifen-4","31":"product_tag-schleifplatte","32":"product_tag-schleifteller","33":"product_tag-schleifteller-2","34":"product_tag-werkzeug","35":"product_tag-werkzeug-2","36":"product_tag-werkzeug-4","37":"product_tag-wohnung-2","38":"product_shipping_class-standard","39":"pa_korrel-korn-400","40":"pa_korrel-kornung-600","42":"first","43":"instock","44":"sale","45":"taxable","46":"shipping-taxable","47":"purchasable","48":"product-type-variable"},"acf":[],"_links":{"self":[{"href":"https:\/\/esquell.eu\/de\/wp-json\/wp\/v2\/product\/26027","targetHints":{"allow":["GET"]}}],"collection":[{"href":"https:\/\/esquell.eu\/de\/wp-json\/wp\/v2\/product"}],"about":[{"href":"https:\/\/esquell.eu\/de\/wp-json\/wp\/v2\/types\/product"}],"replies":[{"embeddable":true,"href":"https:\/\/esquell.eu\/de\/wp-json\/wp\/v2\/comments?post=26027"}],"wp:featuredmedia":[{"embeddable":true,"href":"https:\/\/esquell.eu\/de\/wp-json\/wp\/v2\/media\/26041"}],"wp:attachment":[{"href":"https:\/\/esquell.eu\/de\/wp-json\/wp\/v2\/media?parent=26027"}],"wp:term":[{"taxonomy":"more","embeddable":true,"href":"https:\/\/esquell.eu\/de\/wp-json\/wp\/v2\/more?post=26027"},{"taxonomy":"product_brand","embeddable":true,"href":"https:\/\/esquell.eu\/de\/wp-json\/wp\/v2\/product_brand?post=26027"},{"taxonomy":"product_cat","embeddable":true,"href":"https:\/\/esquell.eu\/de\/wp-json\/wp\/v2\/product_cat?post=26027"},{"taxonomy":"product_tag","embeddable":true,"href":"https:\/\/esquell.eu\/de\/wp-json\/wp\/v2\/product_tag?post=26027"}],"curies":[{"name":"wp","href":"https:\/\/api.w.org\/{rel}","templated":true}]}}