{"id":26003,"date":"2025-04-03T09:22:12","date_gmt":"2025-04-03T09:22:12","guid":{"rendered":"https:\/\/esquell.eu\/product\/eve-poliertuch-2400-4000-12000-3er-set-9881\/"},"modified":"2025-04-03T09:22:12","modified_gmt":"2025-04-03T09:22:12","slug":"eve-poliertuch-2400-4000-12000-3er-set-9881","status":"publish","type":"product","link":"https:\/\/esquell.eu\/de\/produkt\/eve-poliertuch-2400-4000-12000-3er-set-9881\/","title":{"rendered":"EVE Poliertuch #2400\/#4000\/#12000 3er Set (9881)"},"content":{"rendered":"<p>Dieses Set von Textilt\u00fcchern ist hochflexibel und extra fjin diamantimpr\u00e4gniert f\u00fcr das Polieren aller Arten von Metall und Acryl, wie UV-Harz.<br \/>\nDas Set besteht aus den drei Rillen #2400, #4000, #12000. Die Abmessungen sind 140x75mm. <\/p>\n","protected":false},"excerpt":{"rendered":"<p>Dieses Set von Textilt\u00fcchern ist hochflexibel und extra fjin diamantimpr\u00e4gniert zum Polieren aller Arten von Metall und Acryl, wie z.B. UV-Harz. Das Set besteht aus den drei Rillen #2400, #4000, #12000. Die Abmessungen sind 140x75mm.  <\/p>\n","protected":false},"featured_media":7432,"comment_status":"closed","ping_status":"closed","template":"","meta":{"_acf_changed":false,"_seopress_robots_primary_cat":"none","_seopress_titles_title":"","_seopress_titles_desc":"","_seopress_robots_index":""},"more":[],"product_brand":[6703],"product_cat":[7361],"product_tag":[19891,6924,6438,17072,19894,7387,8949,8953,7676,10034,19888,7672,10516,7809,19898,13668,9858,10524,14507,6767,7331,7349,7350,7171,10778,6693,9609,6691,14477,19900,7131,8019,7019,6421,8137,19892,13338,8542,6682,19896,19908,9262,10325,19902,10504,7674,19906,6723,8092,6777,6419,7465,19890,6779,6558,6417,6671,6812,7354,9790,7086,7352,6490,6556,15040,19889,19904,10391,7575,14582,7441,6605,6818,19774,8142],"class_list":{"0":"post-26003","1":"product","2":"type-product","3":"status-publish","4":"has-post-thumbnail","6":"product_brand-bm","7":"product_cat-schleifen-feilen-und-polieren","8":"product_tag-acry","9":"product_tag-anhanger-2","10":"product_tag-artclaysilver","11":"product_tag-bereich","12":"product_tag-boches","13":"product_tag-bronze","14":"product_tag-brosche","15":"product_tag-brosche-2","16":"product_tag-cernit","17":"product_tag-epoxid","18":"product_tag-eve","19":"product_tag-fimo","20":"product_tag-finishing","21":"product_tag-flexibel","22":"product_tag-genau-3","23":"product_tag-getreide","24":"product_tag-glanzend","25":"product_tag-glatt","26":"product_tag-glatt-2","27":"product_tag-gold","28":"product_tag-gold-3","29":"product_tag-goldschmied","30":"product_tag-goldschmiede","31":"product_tag-gut-2","32":"product_tag-gut-4","33":"product_tag-halskette","34":"product_tag-harz","35":"product_tag-kette","36":"product_tag-korn-2","37":"product_tag-korn-3","38":"product_tag-kupfer","39":"product_tag-kupfer-2","40":"product_tag-liefert","41":"product_tag-machen","42":"product_tag-metall-3","43":"product_tag-metallarten","44":"product_tag-metallbearbeitung-2","45":"product_tag-modellbau","46":"product_tag-ohrringe","47":"product_tag-percies","48":"product_tag-poli","49":"product_tag-polieren","50":"product_tag-polieren-2","51":"product_tag-poliertuch-3","52":"product_tag-polnisch-3","53":"product_tag-polymer-clay","54":"product_tag-polytuch","55":"product_tag-prazisionsarbeit","56":"product_tag-ring","57":"product_tag-ringe","58":"product_tag-schmuck","59":"product_tag-schmuckwerkzeuge","60":"product_tag-sehr","61":"product_tag-selbstgemacht","62":"product_tag-sie-selbst","63":"product_tag-silber","64":"product_tag-silber-2","65":"product_tag-silber-3","66":"product_tag-silberschmied","67":"product_tag-silberschmied-2","68":"product_tag-silberschmiede","69":"product_tag-silberschmiede-2","70":"product_tag-silberton","71":"product_tag-ton-3","72":"product_tag-tone","73":"product_tag-tucher","74":"product_tag-tucher-eva","75":"product_tag-uv","76":"product_tag-uv-harz","77":"product_tag-werke","78":"product_tag-werkzeug-2","79":"product_tag-werkzeuge","80":"product_tag-werkzeuge-2","81":"product_tag-wischtucher","82":"product_tag-zusatzlich","83":"product_shipping_class-standard","85":"first","86":"instock","87":"taxable","88":"shipping-taxable","89":"purchasable","90":"product-type-simple"},"acf":[],"_links":{"self":[{"href":"https:\/\/esquell.eu\/de\/wp-json\/wp\/v2\/product\/26003","targetHints":{"allow":["GET"]}}],"collection":[{"href":"https:\/\/esquell.eu\/de\/wp-json\/wp\/v2\/product"}],"about":[{"href":"https:\/\/esquell.eu\/de\/wp-json\/wp\/v2\/types\/product"}],"replies":[{"embeddable":true,"href":"https:\/\/esquell.eu\/de\/wp-json\/wp\/v2\/comments?post=26003"}],"wp:featuredmedia":[{"embeddable":true,"href":"https:\/\/esquell.eu\/de\/wp-json\/wp\/v2\/media\/7432"}],"wp:attachment":[{"href":"https:\/\/esquell.eu\/de\/wp-json\/wp\/v2\/media?parent=26003"}],"wp:term":[{"taxonomy":"more","embeddable":true,"href":"https:\/\/esquell.eu\/de\/wp-json\/wp\/v2\/more?post=26003"},{"taxonomy":"product_brand","embeddable":true,"href":"https:\/\/esquell.eu\/de\/wp-json\/wp\/v2\/product_brand?post=26003"},{"taxonomy":"product_cat","embeddable":true,"href":"https:\/\/esquell.eu\/de\/wp-json\/wp\/v2\/product_cat?post=26003"},{"taxonomy":"product_tag","embeddable":true,"href":"https:\/\/esquell.eu\/de\/wp-json\/wp\/v2\/product_tag?post=26003"}],"curies":[{"name":"wp","href":"https:\/\/api.w.org\/{rel}","templated":true}]}}