{"id":25987,"date":"2025-04-03T09:22:12","date_gmt":"2025-04-03T09:22:12","guid":{"rendered":"https:\/\/esquell.eu\/product\/art-clay-pro-poliertuecher-10-stueck-f-0853\/"},"modified":"2026-02-14T10:43:55","modified_gmt":"2026-02-14T10:43:55","slug":"art-clay-pro-poliertuecher-10-stueck-f-0853","status":"publish","type":"product","link":"https:\/\/esquell.eu\/de\/produkt\/art-clay-pro-poliertuecher-10-stueck-f-0853\/","title":{"rendered":"Art Clay Pro Poliert\u00fccher, 10 St\u00fcck F-0853"},"content":{"rendered":"<p>Diese Polierpads eignen sich zum Polieren und Br\u00fcnieren von Platin, Gold, Silber, Messing, Kupfer und anderen Metallen.<br \/>\nDiese Pads eignen sich hervorragend zum Hervorheben eines antiken Finishs, zum schnellen Auffrischen und zum einfachen Entfernen von Anlauffarben auf altem Schmuck, auch ohne Verwendung von Polierpaste.<br \/>\nPolieren Sie bei Bedarf mit etwas Wasser und entfernen Sie Anlauffarben von Metallschmuckteilen.<br \/>\nDie 5 cm gro\u00dfen Quadrate bestehen aus fest gebundenem Zellschaum mit dauerhaft gebundenen Mikroschleifmitteln.<br \/>\n* Nicht f\u00fcr vergoldeten Schmuck verwenden.<\/p>\n","protected":false},"excerpt":{"rendered":"<p>Diese Polierpads eignen sich zum Polieren und Br\u00fcnieren von Platin, Gold, Silber, Messing, Kupfer und anderen Metallen. Diese Pads eignen sich hervorragend zum Hervorheben eines antiken Finishs, zum schnellen Auffrischen und zum einfachen Entfernen von Anlauffarben auf altem Schmuck, auch ohne Verwendung von Polierpaste. Polieren Sie bei Bedarf mit etwas Wasser und entfernen Sie Anlaufspuren von Metallschmuckst\u00fccken. Die 5 cm gro\u00dfen Quadrate bestehen aus fest verbundenem Zellschaum mit fest gebundenen Mikroschleifk\u00f6rpern. * Nicht f\u00fcr vergoldeten Schmuck verwenden.    <\/p>\n","protected":false},"featured_media":25990,"comment_status":"closed","ping_status":"closed","template":"","meta":{"_acf_changed":false,"_seopress_robots_primary_cat":"none","_seopress_titles_title":"","_seopress_titles_desc":"","_seopress_robots_index":""},"more":[],"product_brand":[6413],"product_cat":[7361],"product_tag":[9298,9301,9305,9862,6492,6438,6458,6677,7387,19773,13701,6680,7547,6767,10514,7131,6679,7545,19772,6441,7552,6455,6682,10315,14532,8001,9262,10325,13899,19780,13914,13913,19871,10504,6419,6417,6490,19778,19776,9914,19774],"class_list":{"0":"post-25987","1":"product","2":"type-product","3":"status-publish","4":"has-post-thumbnail","6":"product_brand-acs","7":"product_cat-schleifen-feilen-und-polieren","8":"product_tag-achat","9":"product_tag-achatnadel","10":"product_tag-achatstein","11":"product_tag-angreifen","12":"product_tag-artclay","13":"product_tag-artclaysilver","14":"product_tag-belgien","15":"product_tag-belgien-2","16":"product_tag-bronze","17":"product_tag-bruneren","18":"product_tag-ergebnis-2","19":"product_tag-frankreich","20":"product_tag-frankreich-2","21":"product_tag-gold","22":"product_tag-hochglanz","23":"product_tag-kupfer","24":"product_tag-luxemburg","25":"product_tag-luxemburg-2","26":"product_tag-messing-4","27":"product_tag-metallton","28":"product_tag-mit","29":"product_tag-niederlande","30":"product_tag-ohrringe","31":"product_tag-oxidation","32":"product_tag-oxidationsschicht","33":"product_tag-pmc","34":"product_tag-polieren","35":"product_tag-polieren-2","36":"product_tag-polieren-3","37":"product_tag-polierpads","38":"product_tag-polierpaste","39":"product_tag-poliertuch","40":"product_tag-poliertuch-2","41":"product_tag-polnisch-3","42":"product_tag-schmuck","43":"product_tag-silber","44":"product_tag-silberton","45":"product_tag-tuch","46":"product_tag-tucher-zum-polieren","47":"product_tag-wasser","48":"product_tag-wischtucher","49":"product_shipping_class-standard","51":"first","52":"instock","53":"taxable","54":"shipping-taxable","55":"purchasable","56":"product-type-simple"},"acf":[],"_links":{"self":[{"href":"https:\/\/esquell.eu\/de\/wp-json\/wp\/v2\/product\/25987","targetHints":{"allow":["GET"]}}],"collection":[{"href":"https:\/\/esquell.eu\/de\/wp-json\/wp\/v2\/product"}],"about":[{"href":"https:\/\/esquell.eu\/de\/wp-json\/wp\/v2\/types\/product"}],"replies":[{"embeddable":true,"href":"https:\/\/esquell.eu\/de\/wp-json\/wp\/v2\/comments?post=25987"}],"wp:featuredmedia":[{"embeddable":true,"href":"https:\/\/esquell.eu\/de\/wp-json\/wp\/v2\/media\/25990"}],"wp:attachment":[{"href":"https:\/\/esquell.eu\/de\/wp-json\/wp\/v2\/media?parent=25987"}],"wp:term":[{"taxonomy":"more","embeddable":true,"href":"https:\/\/esquell.eu\/de\/wp-json\/wp\/v2\/more?post=25987"},{"taxonomy":"product_brand","embeddable":true,"href":"https:\/\/esquell.eu\/de\/wp-json\/wp\/v2\/product_brand?post=25987"},{"taxonomy":"product_cat","embeddable":true,"href":"https:\/\/esquell.eu\/de\/wp-json\/wp\/v2\/product_cat?post=25987"},{"taxonomy":"product_tag","embeddable":true,"href":"https:\/\/esquell.eu\/de\/wp-json\/wp\/v2\/product_tag?post=25987"}],"curies":[{"name":"wp","href":"https:\/\/api.w.org\/{rel}","templated":true}]}}