{"id":25981,"date":"2025-04-03T09:22:12","date_gmt":"2025-04-03T09:22:12","guid":{"rendered":"https:\/\/esquell.eu\/product\/diamantfraeser-satz-30-stueck-schaft-235-mm-zum-schleifen-schmirgeln-polieren\/"},"modified":"2026-01-17T04:48:40","modified_gmt":"2026-01-17T04:48:40","slug":"diamantfraeser-satz-30-stueck-schaft-235-mm-zum-schleifen-schmirgeln-polieren","status":"publish","type":"product","link":"https:\/\/esquell.eu\/de\/produkt\/diamantfraeser-satz-30-stueck-schaft-235-mm-zum-schleifen-schmirgeln-polieren\/","title":{"rendered":"Diamantfr\u00e4ser. Satz 30 St\u00fcck. Schaft 2,35 mm zum Schleifen, Schmirgeln, Polieren."},"content":{"rendered":"<div class=\"product-addition-content\">\n<p>Dieses 30-teilige Set kleiner Diamantfr\u00e4ser mit einem 2,35-mm-Schaft eignet sich besonders gut f\u00fcr kleine Detailarbeiten und ist daher das ideale Werkzeug f\u00fcr die Schmuckherstellung.<\/p>\n<p>Geeignet u.a. f\u00fcr Metall, Keramik, Kunststoff, Ton und Holz.<\/p>\n<p>Hergestellt aus HSS-Stahl. Langlebig im Gebrauch. Die verschiedenen Enden sind f\u00fcr alle Arten von Schleif-, Feil- und Polierarbeiten geeignet. Auch kleine Ecken und L\u00f6cher k\u00f6nnen erreicht werden.   <\/p>\n<\/div>\n","protected":false},"excerpt":{"rendered":"<p>Dieses 30-teilige Set kleiner Diamantfr\u00e4ser mit einem 2,35-mm-Schaft eignet sich besonders gut f\u00fcr kleine Detailarbeiten und ist daher das ideale Werkzeug f\u00fcr die Schmuckherstellung.<\/p>\n<p>Geeignet u.a. f\u00fcr Metall, Keramik, Kunststoff, Ton und Holz.<\/p>\n<p>Hergestellt aus HSS-Stahl. Langlebig im Gebrauch. Die verschiedenen Enden sind f\u00fcr alle Arten von Schleif-, Feil- und Polierarbeiten geeignet. Selbst kleine Ecken und L\u00f6cher k\u00f6nnen erreicht werden.   <\/p>\n","protected":false},"featured_media":25992,"comment_status":"closed","ping_status":"closed","template":"","meta":{"_acf_changed":false,"_seopress_robots_primary_cat":"none","_seopress_titles_title":"","_seopress_titles_desc":"","_seopress_robots_index":""},"more":[],"product_brand":[6365],"product_cat":[8215,10426,7361],"product_tag":[19858,6488,6506,6446,6802,13627,7543,6458,6790,6415,7387,7123,6936,6675,10744,19864,6883,14570,19868,6494,10633,14478,6826,6793,7747,10034,10516,21661,6842,14614,6824,6830,6934,9858,14507,6767,7349,6822,6452,19866,9609,9865,11691,14616,6786,6885,7377,8261,9183,19855,7131,6905,6844,6952,7813,6421,9198,6373,8542,10053,6455,6832,6682,6788,6938,6828,9262,8005,6496,6777,7742,9202,19861,14550,6419,6417,7354,7086,7352,6490,7340,6913,10495,6920,19853,6556,6784,6795,6814,7373,7441,6818,6783,7410,6911],"class_list":{"0":"post-25981","1":"product","2":"type-product","3":"status-publish","4":"has-post-thumbnail","6":"product_brand-l1","7":"product_cat-lehm","8":"product_cat-metall","9":"product_cat-schleifen-feilen-und-polieren","10":"product_tag-3d-druck-3","11":"product_tag-6488","12":"product_tag-6506","13":"product_tag-aida","14":"product_tag-angebot","15":"product_tag-asseccoires","16":"product_tag-ausbilder-2","17":"product_tag-belgien","18":"product_tag-bestellung","19":"product_tag-billig","20":"product_tag-bronze","21":"product_tag-brucke","22":"product_tag-brussel","23":"product_tag-craftlines","24":"product_tag-dateien","25":"product_tag-detailliert","26":"product_tag-deutschland","27":"product_tag-diamantfeilen","28":"product_tag-diamantschleifer","29":"product_tag-diy","30":"product_tag-drehbar","31":"product_tag-dremel","32":"product_tag-drenthe","33":"product_tag-einkaufen","34":"product_tag-einstellen","35":"product_tag-epoxid","36":"product_tag-finishing","37":"product_tag-finition","38":"product_tag-flevoland","39":"product_tag-frasen","40":"product_tag-friesland","41":"product_tag-gelderland","42":"product_tag-gent","43":"product_tag-glanzend","44":"product_tag-glatt-2","45":"product_tag-gold","46":"product_tag-goldschmied","47":"product_tag-groningen","48":"product_tag-groshandel","49":"product_tag-handwerkzeuge","50":"product_tag-harz","51":"product_tag-harz-2","52":"product_tag-holz","53":"product_tag-hss","54":"product_tag-kaufen","55":"product_tag-kaufen-2","56":"product_tag-klein","57":"product_tag-klein-2","58":"product_tag-kunststoff-2","59":"product_tag-kunststoffe","60":"product_tag-kupfer","61":"product_tag-kupferton","62":"product_tag-limburg","63":"product_tag-luttich","64":"product_tag-luttich-2","65":"product_tag-machen","66":"product_tag-mikro","67":"product_tag-mini","68":"product_tag-modellbau","69":"product_tag-multitool","70":"product_tag-niederlande","71":"product_tag-norden","72":"product_tag-ohrringe","73":"product_tag-online","74":"product_tag-ostende","75":"product_tag-overijssel","76":"product_tag-polieren","77":"product_tag-porzellan-2","78":"product_tag-recycelt","79":"product_tag-ringe","80":"product_tag-rostfreier-stahl","81":"product_tag-schleifen-2","82":"product_tag-schleifmittel","83":"product_tag-schleifwerkzeuge","84":"product_tag-schmuck","85":"product_tag-silber","86":"product_tag-silberschmied","87":"product_tag-silberschmiede","88":"product_tag-silberschmiede-2","89":"product_tag-silberton","90":"product_tag-silverclay-co-uk","91":"product_tag-silveribelgie","92":"product_tag-stahl-2","93":"product_tag-sterling","94":"product_tag-sud-brabant","95":"product_tag-ton-3","96":"product_tag-unter-2","97":"product_tag-utrecht","98":"product_tag-webshop","99":"product_tag-werkzeug","100":"product_tag-werkzeug-2","101":"product_tag-werkzeuge-2","102":"product_tag-wobei","103":"product_tag-zertifiziert","104":"product_tag-zilverkleinederland","105":"product_shipping_class-standard","107":"first","108":"instock","109":"taxable","110":"shipping-taxable","111":"purchasable","112":"product-type-simple"},"acf":[],"_links":{"self":[{"href":"https:\/\/esquell.eu\/de\/wp-json\/wp\/v2\/product\/25981","targetHints":{"allow":["GET"]}}],"collection":[{"href":"https:\/\/esquell.eu\/de\/wp-json\/wp\/v2\/product"}],"about":[{"href":"https:\/\/esquell.eu\/de\/wp-json\/wp\/v2\/types\/product"}],"replies":[{"embeddable":true,"href":"https:\/\/esquell.eu\/de\/wp-json\/wp\/v2\/comments?post=25981"}],"wp:featuredmedia":[{"embeddable":true,"href":"https:\/\/esquell.eu\/de\/wp-json\/wp\/v2\/media\/25992"}],"wp:attachment":[{"href":"https:\/\/esquell.eu\/de\/wp-json\/wp\/v2\/media?parent=25981"}],"wp:term":[{"taxonomy":"more","embeddable":true,"href":"https:\/\/esquell.eu\/de\/wp-json\/wp\/v2\/more?post=25981"},{"taxonomy":"product_brand","embeddable":true,"href":"https:\/\/esquell.eu\/de\/wp-json\/wp\/v2\/product_brand?post=25981"},{"taxonomy":"product_cat","embeddable":true,"href":"https:\/\/esquell.eu\/de\/wp-json\/wp\/v2\/product_cat?post=25981"},{"taxonomy":"product_tag","embeddable":true,"href":"https:\/\/esquell.eu\/de\/wp-json\/wp\/v2\/product_tag?post=25981"}],"curies":[{"name":"wp","href":"https:\/\/api.w.org\/{rel}","templated":true}]}}