{"id":25975,"date":"2025-04-03T09:22:12","date_gmt":"2025-04-03T09:22:12","guid":{"rendered":"https:\/\/esquell.eu\/product\/polierscheibe-fuer-rotationswerkzeug-welle-3mm\/"},"modified":"2025-04-03T09:22:12","modified_gmt":"2025-04-03T09:22:12","slug":"polierscheibe-fuer-rotationswerkzeug-welle-3mm","status":"publish","type":"product","link":"https:\/\/esquell.eu\/de\/produkt\/polierscheibe-fuer-rotationswerkzeug-welle-3mm\/","title":{"rendered":"Polierscheibe f\u00fcr Rotationswerkzeug. Welle 3mm"},"content":{"rendered":"<p>Polierscheibe f\u00fcr ein Multitool wie Dremel oder ein \u00e4hnliches Ger\u00e4t<\/p>\n<p>Polierpaste kann auf die Scheibe aufgetragen werden.<\/p>\n<p>Siehe 2. Foto f\u00fcr weitere Abmessungen.<\/p>\n<p>Polierpaste<\/p>\n<p>Kombinieren Sie mit Spannzangen, um die Gr\u00f6\u00dfe an Ihr Multitool anzupassen<\/p>\n","protected":false},"excerpt":{"rendered":"<p>Polierscheibe f\u00fcr ein Multitool wie einen Dremel oder ein \u00e4hnliches Ger\u00e4t<\/p>\n<p>Polierpaste kann auf die Scheibe aufgetragen werden.<\/p>\n<p>&nbsp;<\/p>\n<p>Siehe 2. Foto f\u00fcr weitere Abmessungen.<\/p>\n<p>&nbsp;<\/p>\n<p><a href=\"https:\/\/www.esquell.nl\/p\/polijstpasta-voor-metalen-150-gram-acs-zf-311\">Polierpaste<\/a><\/p>\n<p>&nbsp;<\/p>\n<p><a href=\"https:\/\/www.esquell.nl\/p\/set-van-spantangen-boorkopjes-passtukjes-voor-dremel-of-andere-multitool\">Schauen Sie hier nach Spannzangen, um die Gr\u00f6\u00dfe an Ihr Multitool anzupassen<\/a><\/p>\n","protected":false},"featured_media":7435,"comment_status":"closed","ping_status":"closed","template":"","meta":{"_acf_changed":false,"_seopress_robots_primary_cat":"none","_seopress_titles_title":"","_seopress_titles_desc":"","_seopress_robots_index":""},"more":[],"product_brand":[6365],"product_cat":[7361],"product_tag":[10696,10699,8609,6492,13627,6790,7387,6494,10633,14478,10520,6767,7349,19834,10514,6673,6885,7131,6421,6444,7756,6441,10628,10053,6788,9262,13914,19828,14512,10482,6419,7465,13481,6417,7354,19831,6490,6781,6449,14525,7373,7441],"class_list":{"0":"post-25975","1":"product","2":"type-product","3":"status-publish","4":"has-post-thumbnail","6":"product_brand-l1","7":"product_cat-schleifen-feilen-und-polieren","8":"product_tag-10696","9":"product_tag-10699","10":"product_tag-8609","11":"product_tag-artclay","12":"product_tag-asseccoires","13":"product_tag-bestellung","14":"product_tag-bronze","15":"product_tag-diy","16":"product_tag-drehbar","17":"product_tag-dremel","18":"product_tag-glanz","19":"product_tag-gold","20":"product_tag-goldschmied","21":"product_tag-goldschmiedewerkzeug-schaufel","22":"product_tag-hochglanz","23":"product_tag-japan","24":"product_tag-kaufen-2","25":"product_tag-kupfer","26":"product_tag-machen","27":"product_tag-metalclay","28":"product_tag-metall-2","29":"product_tag-metallton","30":"product_tag-mm","31":"product_tag-multitool","32":"product_tag-online","33":"product_tag-polieren","34":"product_tag-polierpaste","35":"product_tag-polierteller-2","36":"product_tag-polierwerkzeug","37":"product_tag-polnisch-2","38":"product_tag-schmuck","39":"product_tag-schmuckwerkzeuge","40":"product_tag-schmuckwerkzeuge-4","41":"product_tag-silber","42":"product_tag-silberschmied","43":"product_tag-silberschmiedewerkzeuge","44":"product_tag-silberton","45":"product_tag-teile","46":"product_tag-verteiler","47":"product_tag-welle","48":"product_tag-werkzeug","49":"product_tag-werkzeug-2","50":"product_shipping_class-standard","52":"first","53":"instock","54":"taxable","55":"shipping-taxable","56":"purchasable","57":"product-type-simple"},"acf":[],"_links":{"self":[{"href":"https:\/\/esquell.eu\/de\/wp-json\/wp\/v2\/product\/25975","targetHints":{"allow":["GET"]}}],"collection":[{"href":"https:\/\/esquell.eu\/de\/wp-json\/wp\/v2\/product"}],"about":[{"href":"https:\/\/esquell.eu\/de\/wp-json\/wp\/v2\/types\/product"}],"replies":[{"embeddable":true,"href":"https:\/\/esquell.eu\/de\/wp-json\/wp\/v2\/comments?post=25975"}],"wp:featuredmedia":[{"embeddable":true,"href":"https:\/\/esquell.eu\/de\/wp-json\/wp\/v2\/media\/7435"}],"wp:attachment":[{"href":"https:\/\/esquell.eu\/de\/wp-json\/wp\/v2\/media?parent=25975"}],"wp:term":[{"taxonomy":"more","embeddable":true,"href":"https:\/\/esquell.eu\/de\/wp-json\/wp\/v2\/more?post=25975"},{"taxonomy":"product_brand","embeddable":true,"href":"https:\/\/esquell.eu\/de\/wp-json\/wp\/v2\/product_brand?post=25975"},{"taxonomy":"product_cat","embeddable":true,"href":"https:\/\/esquell.eu\/de\/wp-json\/wp\/v2\/product_cat?post=25975"},{"taxonomy":"product_tag","embeddable":true,"href":"https:\/\/esquell.eu\/de\/wp-json\/wp\/v2\/product_tag?post=25975"}],"curies":[{"name":"wp","href":"https:\/\/api.w.org\/{rel}","templated":true}]}}