{"id":25919,"date":"2025-04-03T09:24:09","date_gmt":"2025-04-03T09:24:09","guid":{"rendered":"https:\/\/esquell.eu\/product\/silikonformschluessel-und-schluesselloch-und-schloss\/"},"modified":"2025-11-20T23:48:50","modified_gmt":"2025-11-20T23:48:50","slug":"silikonformschluessel-und-schluesselloch-und-schloss","status":"publish","type":"product","link":"https:\/\/esquell.eu\/de\/produkt\/silikonformschluessel-und-schluesselloch-und-schloss\/","title":{"rendered":"Silikonformschl\u00fcssel und Schl\u00fcsselloch und Schloss"},"content":{"rendered":"<div class=\"product-addition-content\">\n<p>Silikonform mit Schl\u00fcssel, Schl\u00fcsselloch und Herzschloss.<\/p>\n<p>Gr\u00f6\u00dfe der gesamten Form 5,6*7,4.<\/p>\n<p>Gr\u00f6\u00dfe des Schl\u00fcssellochs 1.3<\/p>\n<p>Schl\u00fcssell\u00e4nge 4,4 und 4,7 cm<\/p>\n<p>Geeignet f\u00fcr Silberton, Metallton, Ton, UV-Harz, Harz, Acryl, Epoxid usw.<\/p>\n<p>Spr\u00fchen Sie vor der Verwendung mit Silberknete zuerst ein Antihaftmittel auf. Zum Beispiel Oliven\u00f6l oder <strong>Coolslip<\/strong> <\/p>\n<\/div>\n","protected":false},"excerpt":{"rendered":"<p>Silikonform mit Schl\u00fcssel, Schl\u00fcsselloch und Herzschloss.<\/p>\n<p>Gr\u00f6\u00dfe der gesamten Form 5,6*7,4.<\/p>\n<p>Gr\u00f6\u00dfe des Schl\u00fcssellochs 1.3<\/p>\n<p>Schl\u00fcssell\u00e4nge 4,4 und 4,7 cm<\/p>\n<p>Geeignet f\u00fcr Silberton, Metallton, Ton, UV-Harz, Harz, Acryl, Epoxid usw.<\/p>\n<p>Spr\u00fchen Sie vor der Verwendung mit Silberknete zuerst ein Antihaftmittel auf. Zum Beispiel Oliven\u00f6l oder <strong>Coolslip<\/strong> <\/p>\n","protected":false},"featured_media":25921,"comment_status":"closed","ping_status":"closed","template":"","meta":{"_acf_changed":false,"_seopress_robots_primary_cat":"none","_seopress_titles_title":"","_seopress_titles_desc":"","_seopress_robots_index":""},"more":[],"product_brand":[],"product_cat":[15620,7717],"product_tag":[6684,6924,19701,6458,6677,6790,6494,6793,8545,15083,6680,7547,19705,15759,15784,6885,6498,7019,6679,7545,6421,6455,6682,6788,6777,10284,19703,19704,6419,6558,6812,6490,14707,16469,19702,19700,6435,6500,6556,8547,19707,12821,7511,7561,15628,16266,6818],"class_list":{"0":"post-25919","1":"product","2":"type-product","3":"status-publish","4":"has-post-thumbnail","6":"product_cat-schimmelpilze","7":"product_cat-verkauf","8":"product_tag-anhanger","9":"product_tag-anhanger-2","10":"product_tag-beldels","11":"product_tag-belgien","12":"product_tag-belgien-2","13":"product_tag-bestellung","14":"product_tag-diy","15":"product_tag-einkaufen","16":"product_tag-einkaufen-3","17":"product_tag-formen-2","18":"product_tag-frankreich","19":"product_tag-frankreich-2","20":"product_tag-google-einkaufen","21":"product_tag-herz","22":"product_tag-herz-2","23":"product_tag-kaufen-2","24":"product_tag-kunst","25":"product_tag-liefert","26":"product_tag-luxemburg","27":"product_tag-luxemburg-2","28":"product_tag-machen","29":"product_tag-niederlande","30":"product_tag-ohrringe","31":"product_tag-online","32":"product_tag-ringe","33":"product_tag-schimmelpilz-2","34":"product_tag-schlussel","35":"product_tag-schlusselloch","36":"product_tag-schmuck","37":"product_tag-sie-selbst","38":"product_tag-silber-3","39":"product_tag-silberton","40":"product_tag-silikon","41":"product_tag-sperren-4","42":"product_tag-symbolisch","43":"product_tag-tasten-4","44":"product_tag-ton","45":"product_tag-ton-2","46":"product_tag-ton-3","47":"product_tag-ton-ohrringe","48":"product_tag-ton-texturen-2","49":"product_tag-tonringe","50":"product_tag-tonschmuck","51":"product_tag-tonschmuck-2","52":"product_tag-vorlage-2","53":"product_tag-vorlagen-3","54":"product_tag-werkzeuge-2","55":"product_shipping_class-standard","57":"first","58":"outofstock","59":"sale","60":"taxable","61":"shipping-taxable","62":"purchasable","63":"product-type-simple"},"acf":[],"_links":{"self":[{"href":"https:\/\/esquell.eu\/de\/wp-json\/wp\/v2\/product\/25919","targetHints":{"allow":["GET"]}}],"collection":[{"href":"https:\/\/esquell.eu\/de\/wp-json\/wp\/v2\/product"}],"about":[{"href":"https:\/\/esquell.eu\/de\/wp-json\/wp\/v2\/types\/product"}],"replies":[{"embeddable":true,"href":"https:\/\/esquell.eu\/de\/wp-json\/wp\/v2\/comments?post=25919"}],"wp:featuredmedia":[{"embeddable":true,"href":"https:\/\/esquell.eu\/de\/wp-json\/wp\/v2\/media\/25921"}],"wp:attachment":[{"href":"https:\/\/esquell.eu\/de\/wp-json\/wp\/v2\/media?parent=25919"}],"wp:term":[{"taxonomy":"more","embeddable":true,"href":"https:\/\/esquell.eu\/de\/wp-json\/wp\/v2\/more?post=25919"},{"taxonomy":"product_brand","embeddable":true,"href":"https:\/\/esquell.eu\/de\/wp-json\/wp\/v2\/product_brand?post=25919"},{"taxonomy":"product_cat","embeddable":true,"href":"https:\/\/esquell.eu\/de\/wp-json\/wp\/v2\/product_cat?post=25919"},{"taxonomy":"product_tag","embeddable":true,"href":"https:\/\/esquell.eu\/de\/wp-json\/wp\/v2\/product_tag?post=25919"}],"curies":[{"name":"wp","href":"https:\/\/api.w.org\/{rel}","templated":true}]}}