{"id":25908,"date":"2025-04-03T09:23:47","date_gmt":"2025-04-03T09:23:47","guid":{"rendered":"https:\/\/esquell.eu\/product\/silikonform-kugeln-diamant-7-45-1-cm\/"},"modified":"2026-03-23T20:19:28","modified_gmt":"2026-03-23T20:19:28","slug":"silikonform-kugeln-diamant-7-45-1-cm","status":"publish","type":"product","link":"https:\/\/esquell.eu\/de\/produkt\/silikonform-kugeln-diamant-7-45-1-cm\/","title":{"rendered":"Silikonform Kugeln, Diamant 7* 4,5 * 1 cm"},"content":{"rendered":"<div class=\"product-addition-content\">\n<p>Silikonform Kugel, Diamant 7* 4,5 *1 cm<\/p>\n<p>Flexible Silikonform mit Kugeln in verschiedenen Gr\u00f6\u00dfen. Kleinste ca. 5mm, gr\u00f6\u00dfte ca. 15mm <\/p>\n<\/div>\n","protected":false},"excerpt":{"rendered":"<p>Silikonform Kugel, Diamant 7* 4,5 *1 cm<\/p>\n<p>Flexible Silikonform mit Kugeln in verschiedenen Gr\u00f6\u00dfen. Kleinste ca. 5mm, gr\u00f6\u00dfte ca. 15mm <\/p>\n","protected":false},"featured_media":25909,"comment_status":"closed","ping_status":"closed","template":"","meta":{"_acf_changed":false,"_seopress_robots_primary_cat":"none","_seopress_titles_title":"","_seopress_titles_desc":"","_seopress_robots_index":""},"more":[],"product_brand":[6365],"product_cat":[15620],"product_tag":[10393,6942,6948,6817,6797,6438,6458,6790,6887,6840,6903,7123,6936,7676,6494,6895,7672,6842,8774,7555,9196,15083,7680,6824,6769,6822,9609,9865,8544,9490,6836,6897,6786,6885,6804,6498,6905,6775,6932,6950,6844,6421,6444,6441,17467,19670,6455,6832,6682,6788,6891,6828,7524,8510,8001,7674,8092,6777,6928,10284,6419,7021,10470,7539,19672,6899,6779,7509,6558,6901,6417,6671,6812,6490,14707,18394,6834,6435,6500,6556,19668,6893,6784,6795,10391,7575,16266,7072,6814,6783,6838,7735,7796],"class_list":{"0":"post-25908","1":"product","2":"type-product","3":"status-publish","4":"has-post-thumbnail","6":"product_brand-l1","7":"product_cat-schimmelpilze","8":"product_tag-acrylharz","9":"product_tag-alkmaar","10":"product_tag-almere","11":"product_tag-amsterdam","12":"product_tag-arnheim","13":"product_tag-artclaysilver","14":"product_tag-belgien","15":"product_tag-bestellung","16":"product_tag-biegsames-silber","17":"product_tag-brabant","18":"product_tag-bronze-ton","19":"product_tag-brucke","20":"product_tag-brussel","21":"product_tag-cernit","22":"product_tag-diy","23":"product_tag-es","24":"product_tag-fimo","25":"product_tag-flevoland","26":"product_tag-fondant","27":"product_tag-formbare","28":"product_tag-formen","29":"product_tag-formen-2","30":"product_tag-formulare","31":"product_tag-friesland","32":"product_tag-goldton","33":"product_tag-groningen","34":"product_tag-harz","35":"product_tag-harz-2","36":"product_tag-hobby","37":"product_tag-hobby-shop-2","38":"product_tag-holland","39":"product_tag-ihr","40":"product_tag-kaufen","41":"product_tag-kaufen-2","42":"product_tag-kostenlos","43":"product_tag-kunst","44":"product_tag-kupferton","45":"product_tag-kurzwarengeschaft","46":"product_tag-leeuwarden","47":"product_tag-lelystad","48":"product_tag-limburg","49":"product_tag-machen","50":"product_tag-metalclay","51":"product_tag-metallton","52":"product_tag-modelle","53":"product_tag-muffins","54":"product_tag-niederlande","55":"product_tag-norden","56":"product_tag-ohrringe","57":"product_tag-online","58":"product_tag-online-shop","59":"product_tag-overijssel","60":"product_tag-perlen-2","61":"product_tag-perlenladen","62":"product_tag-pmc","63":"product_tag-polymer-clay","64":"product_tag-ring","65":"product_tag-ringe","66":"product_tag-rotterdam","67":"product_tag-schimmelpilz-2","68":"product_tag-schmuck","69":"product_tag-schmuck-3","70":"product_tag-schmuckherstellung-2","71":"product_tag-schmuckteile","72":"product_tag-schmuckzubehor-7","73":"product_tag-selbst","74":"product_tag-selbstgemacht","75":"product_tag-senden","76":"product_tag-sie-selbst","77":"product_tag-sie-selbst-2","78":"product_tag-silber","79":"product_tag-silber-2","80":"product_tag-silber-3","81":"product_tag-silberton","82":"product_tag-silikon","83":"product_tag-silikonform","84":"product_tag-sud","85":"product_tag-ton","86":"product_tag-ton-2","87":"product_tag-ton-3","88":"product_tag-torten","89":"product_tag-tun","90":"product_tag-unter-2","91":"product_tag-utrecht","92":"product_tag-uv","93":"product_tag-uv-harz","94":"product_tag-vorlagen-3","95":"product_tag-wattenmeer","96":"product_tag-webshop","97":"product_tag-wobei","98":"product_tag-zeeland","99":"product_tag-zu-verkaufen","100":"product_tag-zwolle","101":"product_shipping_class-standard","103":"first","104":"instock","105":"taxable","106":"shipping-taxable","107":"purchasable","108":"product-type-simple"},"acf":[],"_links":{"self":[{"href":"https:\/\/esquell.eu\/de\/wp-json\/wp\/v2\/product\/25908","targetHints":{"allow":["GET"]}}],"collection":[{"href":"https:\/\/esquell.eu\/de\/wp-json\/wp\/v2\/product"}],"about":[{"href":"https:\/\/esquell.eu\/de\/wp-json\/wp\/v2\/types\/product"}],"replies":[{"embeddable":true,"href":"https:\/\/esquell.eu\/de\/wp-json\/wp\/v2\/comments?post=25908"}],"wp:featuredmedia":[{"embeddable":true,"href":"https:\/\/esquell.eu\/de\/wp-json\/wp\/v2\/media\/25909"}],"wp:attachment":[{"href":"https:\/\/esquell.eu\/de\/wp-json\/wp\/v2\/media?parent=25908"}],"wp:term":[{"taxonomy":"more","embeddable":true,"href":"https:\/\/esquell.eu\/de\/wp-json\/wp\/v2\/more?post=25908"},{"taxonomy":"product_brand","embeddable":true,"href":"https:\/\/esquell.eu\/de\/wp-json\/wp\/v2\/product_brand?post=25908"},{"taxonomy":"product_cat","embeddable":true,"href":"https:\/\/esquell.eu\/de\/wp-json\/wp\/v2\/product_cat?post=25908"},{"taxonomy":"product_tag","embeddable":true,"href":"https:\/\/esquell.eu\/de\/wp-json\/wp\/v2\/product_tag?post=25908"}],"curies":[{"name":"wp","href":"https:\/\/api.w.org\/{rel}","templated":true}]}}