{"id":25836,"date":"2025-04-03T09:24:09","date_gmt":"2025-04-03T09:24:09","guid":{"rendered":"https:\/\/esquell.eu\/product\/silikonform-mit-verschiedenen-blaettern-und-zweigen\/"},"modified":"2026-02-14T10:22:52","modified_gmt":"2026-02-14T10:22:52","slug":"silikonform-mit-verschiedenen-blaettern-und-zweigen","status":"publish","type":"product","link":"https:\/\/esquell.eu\/de\/produkt\/silikonform-mit-verschiedenen-blaettern-und-zweigen\/","title":{"rendered":"Silikonform mit unterschiedlich gro\u00dfen Herzen"},"content":{"rendered":"<div class=\"product-addition-content\">\n<p>Silikonform mit unterschiedlich gro\u00dfen Herzen<\/p>\n<p>Die Gr\u00f6\u00dfe der gesamten Form betr\u00e4gt ca. 8*9cm<\/p>\n<p>Geeignet f\u00fcr Silberton und andere Arten von Metallton<\/p>\n<p>Bei Verwendung mit Metallton:<\/p>\n<p>Spr\u00fchen Sie vor dem Gebrauch immer mit der Coolslip Anti-Haft-Formel. Dies verhindert, dass der Ton an den Formen klebt. <\/p>\n<\/div>\n","protected":false},"excerpt":{"rendered":"<p>Silikonform mit unterschiedlich gro\u00dfen Herzen<\/p>\n<p>Die Gr\u00f6\u00dfe der gesamten Form betr\u00e4gt ca. 8*9cm<\/p>\n<p>Geeignet f\u00fcr Silberton und andere Arten von Metallton<\/p>\n<p>Bei Verwendung mit Metallton:<\/p>\n<p>Spr\u00fchen Sie vor dem Gebrauch immer mit der Coolslip Anti-Haft-Formel. Dies verhindert, dass der Ton an den Formen klebt. <\/p>\n<p>&nbsp;<\/p>\n<p>Spr\u00fchen Sie vor dem Gebrauch immer mit der Coolslip Anti-Haft-Formel. Dies verhindert, dass der Ton an den Formen klebt. <\/p>\n","protected":false},"featured_media":30090,"comment_status":"closed","ping_status":"closed","template":"","meta":{"_acf_changed":false,"_seopress_robots_primary_cat":"none","_seopress_titles_title":"","_seopress_titles_desc":"","_seopress_robots_index":""},"more":[],"product_brand":[6365],"product_cat":[11955,15620],"product_tag":[9187,7803,9902,6773,6492,8126,6944,17962,6458,6887,7667,8634,6840,7387,6903,7123,6936,7676,6494,6826,9820,18147,7799,8014,7802,18358,7672,6842,15083,6824,6830,6934,6822,18376,18357,6836,18378,8640,6611,6786,6498,7131,8504,6932,6844,7801,6421,6444,7557,18192,6455,8392,6832,6788,6891,6938,6828,8643,8001,7674,18375,10284,15624,6419,6889,9195,6812,6490,14707,7340,6834,6500,6556,18381,18194,6784,6795,18245,16266,6814,9818,6783,6838,17427,18547,19015,7796],"class_list":{"0":"post-25836","1":"product","2":"type-product","3":"status-publish","4":"has-post-thumbnail","6":"product_brand-l1","7":"product_cat-neu","8":"product_cat-schimmelpilze","9":"product_tag-co-uk","10":"product_tag-almelo","11":"product_tag-antihaftmittel","12":"product_tag-antwerpen","13":"product_tag-artclay","14":"product_tag-artclaysilvershop","15":"product_tag-assen","16":"product_tag-beispiele","17":"product_tag-belgien","18":"product_tag-biegsames-silber","19":"product_tag-blatt","20":"product_tag-blatter-2","21":"product_tag-brabant","22":"product_tag-bronze","23":"product_tag-bronze-ton","24":"product_tag-brucke","25":"product_tag-brussel","26":"product_tag-cernit","27":"product_tag-diy","28":"product_tag-drenthe","29":"product_tag-edelmetall-lehm","30":"product_tag-eichhornchen","31":"product_tag-eindhoven","32":"product_tag-einkaufen-2","33":"product_tag-enschede","34":"product_tag-eule","35":"product_tag-fimo","36":"product_tag-flevoland","37":"product_tag-formen-2","38":"product_tag-friesland","39":"product_tag-gelderland","40":"product_tag-gent","41":"product_tag-groningen","42":"product_tag-hase","43":"product_tag-hirsche","44":"product_tag-holland","45":"product_tag-igel","46":"product_tag-inspiration","47":"product_tag-kalteschutz","48":"product_tag-kaufen","49":"product_tag-kunst","50":"product_tag-kupfer","51":"product_tag-lager","52":"product_tag-leeuwarden","53":"product_tag-limburg","54":"product_tag-maastricht","55":"product_tag-machen","56":"product_tag-metalclay","57":"product_tag-metall","58":"product_tag-nevisas","59":"product_tag-niederlande","60":"product_tag-nop","61":"product_tag-norden","62":"product_tag-online","63":"product_tag-online-shop","64":"product_tag-ostende","65":"product_tag-overijssel","66":"product_tag-pinterest","67":"product_tag-pmc","68":"product_tag-polymer-clay","69":"product_tag-ruckeln","70":"product_tag-schimmelpilz-2","71":"product_tag-schmetterling","72":"product_tag-schmuck","73":"product_tag-shop","74":"product_tag-shop-2","75":"product_tag-silber-3","76":"product_tag-silberton","77":"product_tag-silikon","78":"product_tag-silverclay-co-uk","79":"product_tag-sud","80":"product_tag-ton-2","81":"product_tag-ton-3","82":"product_tag-tor","83":"product_tag-traum","84":"product_tag-unter-2","85":"product_tag-utrecht","86":"product_tag-vogel","87":"product_tag-vorlagen-3","88":"product_tag-webshop","89":"product_tag-wertvoll","90":"product_tag-wobei","91":"product_tag-zeeland","92":"product_tag-zweige","93":"product_tag-zweige-2","94":"product_tag-zweigstelle","95":"product_tag-zwolle","96":"product_shipping_class-standard","98":"first","99":"instock","100":"taxable","101":"shipping-taxable","102":"purchasable","103":"product-type-simple"},"acf":[],"_links":{"self":[{"href":"https:\/\/esquell.eu\/de\/wp-json\/wp\/v2\/product\/25836","targetHints":{"allow":["GET"]}}],"collection":[{"href":"https:\/\/esquell.eu\/de\/wp-json\/wp\/v2\/product"}],"about":[{"href":"https:\/\/esquell.eu\/de\/wp-json\/wp\/v2\/types\/product"}],"replies":[{"embeddable":true,"href":"https:\/\/esquell.eu\/de\/wp-json\/wp\/v2\/comments?post=25836"}],"wp:featuredmedia":[{"embeddable":true,"href":"https:\/\/esquell.eu\/de\/wp-json\/wp\/v2\/media\/30090"}],"wp:attachment":[{"href":"https:\/\/esquell.eu\/de\/wp-json\/wp\/v2\/media?parent=25836"}],"wp:term":[{"taxonomy":"more","embeddable":true,"href":"https:\/\/esquell.eu\/de\/wp-json\/wp\/v2\/more?post=25836"},{"taxonomy":"product_brand","embeddable":true,"href":"https:\/\/esquell.eu\/de\/wp-json\/wp\/v2\/product_brand?post=25836"},{"taxonomy":"product_cat","embeddable":true,"href":"https:\/\/esquell.eu\/de\/wp-json\/wp\/v2\/product_cat?post=25836"},{"taxonomy":"product_tag","embeddable":true,"href":"https:\/\/esquell.eu\/de\/wp-json\/wp\/v2\/product_tag?post=25836"}],"curies":[{"name":"wp","href":"https:\/\/api.w.org\/{rel}","templated":true}]}}