{"id":25832,"date":"2025-04-03T09:23:58","date_gmt":"2025-04-03T09:23:58","guid":{"rendered":"https:\/\/esquell.eu\/product\/silikonformbuchstaben-mit-haengender-oese-f-1807\/"},"modified":"2025-04-03T09:23:58","modified_gmt":"2025-04-03T09:23:58","slug":"silikonformbuchstaben-mit-haengender-oese-f-1807","status":"publish","type":"product","link":"https:\/\/esquell.eu\/de\/produkt\/silikonformbuchstaben-mit-haengender-oese-f-1807\/","title":{"rendered":"Silikonformbuchstaben mit h\u00e4ngender \u00d6se (F-1807)"},"content":{"rendered":"<p>Weiche Silikonform mit Buchstaben. Die Buchstaben haben eine h\u00e4ngende \u00d6se. <\/p>\n<p>Geeignet f\u00fcr alle Arten von Metal Clay, Fimo, UV-Harz, Epoxy usw.<\/p>\n<p>Dr\u00fccken Sie den Ton in die Form und pressen Sie ihn gut an (z.B. mit Ihrem Tonmesser \/ Loomer), damit sich keine Luftblasen bilden.<\/p>\n<p>Schriftgr\u00f6\u00dfe zwischen 7 und 9 mm<\/p>\n","protected":false},"excerpt":{"rendered":"<p>Weiche Silikonform mit Buchstaben. Die Buchstaben haben eine h\u00e4ngende \u00d6se. <\/p>\n<p>Geeignet f\u00fcr alle Arten von Metal Clay, Fimo, UV-Harz, Epoxy usw.<\/p>\n<p>Dr\u00fccken Sie den Ton in die Form und pressen Sie ihn gut an (z.B. mit Ihrem Tonmesser \/ Loomer), damit sich keine Luftblasen bilden.<\/p>\n<p>Schriftgr\u00f6\u00dfe zwischen 7 und 9 mm<\/p>\n","protected":false},"featured_media":3991,"comment_status":"closed","ping_status":"closed","template":"","meta":{"_acf_changed":false,"_seopress_robots_primary_cat":"none","_seopress_titles_title":"","_seopress_titles_desc":"","_seopress_robots_index":""},"more":[],"product_brand":[6413],"product_cat":[15620],"product_tag":[19622,19621,8259,16267,19251,16144,7676,15563,10034,12326,7672,9423,9403,15083,9609,9865,6786,7552,12518,7674,10284,6490,14707,18394,18395,14986,6435,6556,7511,6784,10391,7575,11693,16266,6783],"class_list":{"0":"post-25832","1":"product","2":"type-product","3":"status-publish","4":"has-post-thumbnail","6":"product_brand-acs","7":"product_cat-schimmelpilze","8":"product_tag-abc","9":"product_tag-abcdefghijklmnopqrstuvwxyz","10":"product_tag-acryl","11":"product_tag-alphabet","12":"product_tag-alphabet-2","13":"product_tag-briefe","14":"product_tag-cernit","15":"product_tag-einschlieslich","16":"product_tag-epoxid","17":"product_tag-ey","18":"product_tag-fimo","19":"product_tag-fimo-knete","20":"product_tag-flexibel-2","21":"product_tag-formen-2","22":"product_tag-harz","23":"product_tag-harz-2","24":"product_tag-kaufen","25":"product_tag-mit","26":"product_tag-pendelauge-2","27":"product_tag-polymer-clay","28":"product_tag-schimmelpilz-2","29":"product_tag-silberton","30":"product_tag-silikon","31":"product_tag-silikonform","32":"product_tag-silikonformen-2","33":"product_tag-soft-3","34":"product_tag-ton","35":"product_tag-ton-3","36":"product_tag-tonschmuck","37":"product_tag-unter-2","38":"product_tag-uv","39":"product_tag-uv-harz","40":"product_tag-uvresin","41":"product_tag-vorlagen-3","42":"product_tag-wobei","43":"product_shipping_class-standard","45":"first","46":"instock","47":"taxable","48":"shipping-taxable","49":"purchasable","50":"product-type-simple"},"acf":[],"_links":{"self":[{"href":"https:\/\/esquell.eu\/de\/wp-json\/wp\/v2\/product\/25832","targetHints":{"allow":["GET"]}}],"collection":[{"href":"https:\/\/esquell.eu\/de\/wp-json\/wp\/v2\/product"}],"about":[{"href":"https:\/\/esquell.eu\/de\/wp-json\/wp\/v2\/types\/product"}],"replies":[{"embeddable":true,"href":"https:\/\/esquell.eu\/de\/wp-json\/wp\/v2\/comments?post=25832"}],"wp:featuredmedia":[{"embeddable":true,"href":"https:\/\/esquell.eu\/de\/wp-json\/wp\/v2\/media\/3991"}],"wp:attachment":[{"href":"https:\/\/esquell.eu\/de\/wp-json\/wp\/v2\/media?parent=25832"}],"wp:term":[{"taxonomy":"more","embeddable":true,"href":"https:\/\/esquell.eu\/de\/wp-json\/wp\/v2\/more?post=25832"},{"taxonomy":"product_brand","embeddable":true,"href":"https:\/\/esquell.eu\/de\/wp-json\/wp\/v2\/product_brand?post=25832"},{"taxonomy":"product_cat","embeddable":true,"href":"https:\/\/esquell.eu\/de\/wp-json\/wp\/v2\/product_cat?post=25832"},{"taxonomy":"product_tag","embeddable":true,"href":"https:\/\/esquell.eu\/de\/wp-json\/wp\/v2\/product_tag?post=25832"}],"curies":[{"name":"wp","href":"https:\/\/api.w.org\/{rel}","templated":true}]}}