{"id":25828,"date":"2025-04-03T09:24:09","date_gmt":"2025-04-03T09:24:09","guid":{"rendered":"https:\/\/esquell.eu\/product\/silikonform-gaensebluemchen-gaensebluemchen-blumen-gross-und-klein\/"},"modified":"2025-04-03T09:24:09","modified_gmt":"2025-04-03T09:24:09","slug":"silikonform-gaensebluemchen-gaensebluemchen-blumen-gross-und-klein","status":"publish","type":"product","link":"https:\/\/esquell.eu\/de\/produkt\/silikonform-gaensebluemchen-gaensebluemchen-blumen-gross-und-klein\/","title":{"rendered":"Silikonform G\u00e4nsebl\u00fcmchen, G\u00e4nsebl\u00fcmchen. Blumen gro\u00df und klein"},"content":{"rendered":"<p>Silikonform mit G\u00e4nsebl\u00fcmchen, Daisy. flowers. <\/p>\n<p>Abmessungen ganze Form ca. 8,3*8,3 cm<\/p>\n<p>Bei Verwendung mit Metallton:<\/p>\n<p>Spr\u00fchen Sie vor dem Gebrauch immer mit der Coolslip Anti-Haft-Formel. Dies verhindert, dass der Ton an den Formen klebt.  (Wenn Sie die Form auf eine Trockenplatte stellen, m\u00fcssen Sie kein Antihaftmittel verwenden. Sobald sie trocken ist, l\u00f6st sich die Form von selbst).<\/p>\n<p>Weiterhin geeignet f\u00fcr die Herstellung eigener runder Cabochons aus Harz, Fimo, Harz, Epoxid, Ton usw., auch zum Kochen und Backen geeignet.<\/p>\n","protected":false},"excerpt":{"rendered":"<p>Silikonform mit G\u00e4nsebl\u00fcmchen, Daisy. flowers. <\/p>\n<p>Abmessungen ganze Form ca. 8,3*8,3 cm<\/p>\n<p>Bei Verwendung mit Metallton:<\/p>\n<p>Spr\u00fchen Sie vor dem Gebrauch immer mit der Coolslip Anti-Haft-Formel. Dies verhindert, dass der Ton an den Formen klebt.  (Wenn Sie die Form auf eine Trockenplatte stellen, m\u00fcssen Sie kein Antihaftmittel verwenden. Sobald sie trocken ist, l\u00f6st sich die Form von selbst).<\/p>\n<p>&nbsp;<\/p>\n<p>Weiterhin geeignet f\u00fcr die Herstellung eigener runder Cabochons aus Harz, Fimo, Harz, Epoxid, Ton usw., auch zum Kochen und Backen geeignet.<\/p>\n","protected":false},"featured_media":31518,"comment_status":"closed","ping_status":"closed","template":"","meta":{"_acf_changed":false,"_seopress_robots_primary_cat":"none","_seopress_titles_title":"","_seopress_titles_desc":"","_seopress_robots_index":""},"more":[],"product_brand":[6365],"product_cat":[11955,15620],"product_tag":[9187,7803,9902,6773,6492,8126,6944,17962,6458,6887,7667,8634,6840,7387,6903,7123,6936,7957,7676,6494,6826,9820,18147,7799,8014,7802,18358,7672,6842,15083,6824,19620,6830,6934,18195,18199,18356,6822,11520,18357,6836,8640,6611,6786,17362,6498,7131,8504,6932,6844,7801,6421,6444,7557,18192,6455,8392,6832,6788,6891,6938,6828,8643,8001,7674,10284,15624,6419,6889,9195,6812,6490,14707,7340,6834,6500,6556,18194,6784,6795,16266,6814,9818,6783,6838,7796],"class_list":{"0":"post-25828","1":"product","2":"type-product","3":"status-publish","4":"has-post-thumbnail","6":"product_brand-l1","7":"product_cat-neu","8":"product_cat-schimmelpilze","9":"product_tag-co-uk","10":"product_tag-almelo","11":"product_tag-antihaftmittel","12":"product_tag-antwerpen","13":"product_tag-artclay","14":"product_tag-artclaysilvershop","15":"product_tag-assen","16":"product_tag-beispiele","17":"product_tag-belgien","18":"product_tag-biegsames-silber","19":"product_tag-blatt","20":"product_tag-blatter-2","21":"product_tag-brabant","22":"product_tag-bronze","23":"product_tag-bronze-ton","24":"product_tag-brucke","25":"product_tag-brussel","26":"product_tag-cabochon","27":"product_tag-cernit","28":"product_tag-diy","29":"product_tag-drenthe","30":"product_tag-edelmetall-lehm","31":"product_tag-eichhornchen","32":"product_tag-eindhoven","33":"product_tag-einkaufen-2","34":"product_tag-enschede","35":"product_tag-eule","36":"product_tag-fimo","37":"product_tag-flevoland","38":"product_tag-formen-2","39":"product_tag-friesland","40":"product_tag-ganseblumchen-2","41":"product_tag-gelderland","42":"product_tag-gent","43":"product_tag-ginkgo","44":"product_tag-ginkgoblatt","45":"product_tag-gluhbirnen","46":"product_tag-groningen","47":"product_tag-halb-2","48":"product_tag-hirsche","49":"product_tag-holland","50":"product_tag-inspiration","51":"product_tag-kalteschutz","52":"product_tag-kaufen","53":"product_tag-kugel-2","54":"product_tag-kunst","55":"product_tag-kupfer","56":"product_tag-lager","57":"product_tag-leeuwarden","58":"product_tag-limburg","59":"product_tag-maastricht","60":"product_tag-machen","61":"product_tag-metalclay","62":"product_tag-metall","63":"product_tag-nevisas","64":"product_tag-niederlande","65":"product_tag-nop","66":"product_tag-norden","67":"product_tag-online","68":"product_tag-online-shop","69":"product_tag-ostende","70":"product_tag-overijssel","71":"product_tag-pinterest","72":"product_tag-pmc","73":"product_tag-polymer-clay","74":"product_tag-schimmelpilz-2","75":"product_tag-schmetterling","76":"product_tag-schmuck","77":"product_tag-shop","78":"product_tag-shop-2","79":"product_tag-silber-3","80":"product_tag-silberton","81":"product_tag-silikon","82":"product_tag-silverclay-co-uk","83":"product_tag-sud","84":"product_tag-ton-2","85":"product_tag-ton-3","86":"product_tag-traum","87":"product_tag-unter-2","88":"product_tag-utrecht","89":"product_tag-vorlagen-3","90":"product_tag-webshop","91":"product_tag-wertvoll","92":"product_tag-wobei","93":"product_tag-zeeland","94":"product_tag-zwolle","95":"product_shipping_class-standard","97":"first","98":"instock","99":"taxable","100":"shipping-taxable","101":"purchasable","102":"product-type-simple"},"acf":[],"_links":{"self":[{"href":"https:\/\/esquell.eu\/de\/wp-json\/wp\/v2\/product\/25828","targetHints":{"allow":["GET"]}}],"collection":[{"href":"https:\/\/esquell.eu\/de\/wp-json\/wp\/v2\/product"}],"about":[{"href":"https:\/\/esquell.eu\/de\/wp-json\/wp\/v2\/types\/product"}],"replies":[{"embeddable":true,"href":"https:\/\/esquell.eu\/de\/wp-json\/wp\/v2\/comments?post=25828"}],"wp:featuredmedia":[{"embeddable":true,"href":"https:\/\/esquell.eu\/de\/wp-json\/wp\/v2\/media\/31518"}],"wp:attachment":[{"href":"https:\/\/esquell.eu\/de\/wp-json\/wp\/v2\/media?parent=25828"}],"wp:term":[{"taxonomy":"more","embeddable":true,"href":"https:\/\/esquell.eu\/de\/wp-json\/wp\/v2\/more?post=25828"},{"taxonomy":"product_brand","embeddable":true,"href":"https:\/\/esquell.eu\/de\/wp-json\/wp\/v2\/product_brand?post=25828"},{"taxonomy":"product_cat","embeddable":true,"href":"https:\/\/esquell.eu\/de\/wp-json\/wp\/v2\/product_cat?post=25828"},{"taxonomy":"product_tag","embeddable":true,"href":"https:\/\/esquell.eu\/de\/wp-json\/wp\/v2\/product_tag?post=25828"}],"curies":[{"name":"wp","href":"https:\/\/api.w.org\/{rel}","templated":true}]}}