{"id":25782,"date":"2025-04-03T09:23:58","date_gmt":"2025-04-03T09:23:58","guid":{"rendered":"https:\/\/esquell.eu\/product\/silikonform-sterne\/"},"modified":"2025-11-20T23:49:00","modified_gmt":"2025-11-20T23:49:00","slug":"silikonform-sterne","status":"publish","type":"product","link":"https:\/\/esquell.eu\/de\/produkt\/silikonform-sterne\/","title":{"rendered":"Silikonform Sterne"},"content":{"rendered":"<p>Silikonform<br \/>\nSterne<\/p>\n<p>Gr\u00f6\u00dfen Form siehe Bilder<\/p>\n<p>Mit dieser einzigartigen Form k\u00f6nnen Sie ganz einfach den sch\u00f6nsten Schmuck herstellen und verzieren. Die Form ist aus hochwertigem Silikon hergestellt und enth\u00e4lt Sterne in verschiedenen Gr\u00f6\u00dfen. <\/p>\n<p>Das Silikonmaterial ist flexibel und langlebig, so dass die Form immer wieder verwendet werden kann. Dar\u00fcber hinaus ist das Material leicht zu reinigen und zu pflegen. So haben Sie immer eine saubere Form f\u00fcr die n\u00e4chste Kreation bereit.  <\/p>\n<p>Zur Verwendung mit Silberknete \/ Metallknete <strong><u>Coolslip <\/u><\/strong>wird als Anti-Haftmittel empfohlen<\/p>\n","protected":false},"excerpt":{"rendered":"<p>Silikonform<br \/>\nSterne<\/p>\n<p>&nbsp;<\/p>\n<p>Gr\u00f6\u00dfen Form siehe Bilder<\/p>\n<p>&nbsp;<\/p>\n<p>Mit dieser einzigartigen Form k\u00f6nnen Sie ganz einfach den sch\u00f6nsten Schmuck herstellen und verzieren. Die Form ist aus hochwertigem Silikon hergestellt und enth\u00e4lt Sterne in verschiedenen Gr\u00f6\u00dfen. <\/p>\n<p>Das Silikonmaterial ist flexibel und langlebig, so dass die Form immer wieder verwendet werden kann. Dar\u00fcber hinaus ist das Material leicht zu reinigen und zu pflegen. So haben Sie immer eine saubere Form f\u00fcr die n\u00e4chste Kreation bereit.  <\/p>\n<p>&nbsp;<\/p>\n<p>Zur Verwendung mit Silberknete \/ Emtaal-Knete <strong><u>Coolslip <\/u><\/strong>wird als Anti-Haftmittel empfohlen<\/p>\n<p>&nbsp;<\/p>\n<p>&nbsp;<\/p>\n","protected":false},"featured_media":25789,"comment_status":"closed","ping_status":"closed","template":"","meta":{"_acf_changed":false,"_seopress_robots_primary_cat":"none","_seopress_titles_title":"","_seopress_titles_desc":"","_seopress_robots_index":""},"more":[],"product_brand":[6365],"product_cat":[15620],"product_tag":[18529,8259,8713,6684,6458,6677,7076,6883,7733,6881,6494,11613,10034,6895,18531,15083,6680,7547,6452,9609,18532,6897,6804,7019,6679,6421,6444,6441,6455,7674,6806,10284,6419,6779,7509,6558,6490,14707,18617,19595,19593,19534,6556,6893,16266],"class_list":{"0":"post-25782","1":"product","2":"type-product","3":"status-publish","4":"has-post-thumbnail","6":"product_brand-l1","7":"product_cat-schimmelpilze","8":"product_tag-1cm","9":"product_tag-acryl","10":"product_tag-angebot-2","11":"product_tag-anhanger","12":"product_tag-belgien","13":"product_tag-belgien-2","14":"product_tag-charme-2","15":"product_tag-deutschland","16":"product_tag-deutschland-2","17":"product_tag-deutsland","18":"product_tag-diy","19":"product_tag-durchschnitt","20":"product_tag-epoxid","21":"product_tag-es","22":"product_tag-fexibel","23":"product_tag-formen-2","24":"product_tag-frankreich","25":"product_tag-frankreich-2","26":"product_tag-groshandel","27":"product_tag-harz","28":"product_tag-hitzebestandig-3","29":"product_tag-ihr","30":"product_tag-kostenlos","31":"product_tag-liefert","32":"product_tag-luxemburg","33":"product_tag-machen","34":"product_tag-metalclay","35":"product_tag-metallton","36":"product_tag-niederlande","37":"product_tag-polymer-clay","38":"product_tag-rabatt","39":"product_tag-schimmelpilz-2","40":"product_tag-schmuck","41":"product_tag-selbstgemacht","42":"product_tag-senden","43":"product_tag-sie-selbst","44":"product_tag-silberton","45":"product_tag-silikon","46":"product_tag-stern","47":"product_tag-stern-anhanger","48":"product_tag-stern-ohrringe","49":"product_tag-sterne","50":"product_tag-ton-3","51":"product_tag-tun","52":"product_tag-vorlagen-3","53":"product_shipping_class-standard","55":"first","56":"instock","57":"taxable","58":"shipping-taxable","59":"purchasable","60":"product-type-simple"},"acf":[],"_links":{"self":[{"href":"https:\/\/esquell.eu\/de\/wp-json\/wp\/v2\/product\/25782","targetHints":{"allow":["GET"]}}],"collection":[{"href":"https:\/\/esquell.eu\/de\/wp-json\/wp\/v2\/product"}],"about":[{"href":"https:\/\/esquell.eu\/de\/wp-json\/wp\/v2\/types\/product"}],"replies":[{"embeddable":true,"href":"https:\/\/esquell.eu\/de\/wp-json\/wp\/v2\/comments?post=25782"}],"wp:featuredmedia":[{"embeddable":true,"href":"https:\/\/esquell.eu\/de\/wp-json\/wp\/v2\/media\/25789"}],"wp:attachment":[{"href":"https:\/\/esquell.eu\/de\/wp-json\/wp\/v2\/media?parent=25782"}],"wp:term":[{"taxonomy":"more","embeddable":true,"href":"https:\/\/esquell.eu\/de\/wp-json\/wp\/v2\/more?post=25782"},{"taxonomy":"product_brand","embeddable":true,"href":"https:\/\/esquell.eu\/de\/wp-json\/wp\/v2\/product_brand?post=25782"},{"taxonomy":"product_cat","embeddable":true,"href":"https:\/\/esquell.eu\/de\/wp-json\/wp\/v2\/product_cat?post=25782"},{"taxonomy":"product_tag","embeddable":true,"href":"https:\/\/esquell.eu\/de\/wp-json\/wp\/v2\/product_tag?post=25782"}],"curies":[{"name":"wp","href":"https:\/\/api.w.org\/{rel}","templated":true}]}}