{"id":25703,"date":"2025-04-03T09:23:58","date_gmt":"2025-04-03T09:23:58","guid":{"rendered":"https:\/\/esquell.eu\/product\/silikonform-eidechse\/"},"modified":"2025-04-03T09:23:58","modified_gmt":"2025-04-03T09:23:58","slug":"silikonform-eidechse","status":"publish","type":"product","link":"https:\/\/esquell.eu\/de\/produkt\/silikonform-eidechse\/","title":{"rendered":"Silikonform Eidechse"},"content":{"rendered":"<p>Silikonform Eidechse, Eidechse.<\/p>\n<p>Die Eidechse ist ca. 2*7 cm gro\u00df. Sch\u00f6n f\u00fcr Anh\u00e4nger <\/p>\n<p>Geeignet f\u00fcr Silberton, Metallton, Ton, UV-Harz, Harz, Acryl, Epoxid usw.<\/p>\n","protected":false},"excerpt":{"rendered":"<p>Silikonform Eidechse, Eidechse.  <\/p>\n<p>Die Eidechse ist ca. 2*7 cm gro\u00df. Sch\u00f6n f\u00fcr Anh\u00e4nger <\/p>\n<p>Geeignet f\u00fcr Silberton, Metallton, Ton, UV-Harz, Harz, Acryl, Epoxid usw.<\/p>\n","protected":false},"featured_media":3990,"comment_status":"closed","ping_status":"closed","template":"","meta":{"_acf_changed":false,"_seopress_robots_primary_cat":"none","_seopress_titles_title":"","_seopress_titles_desc":"","_seopress_robots_index":""},"more":[],"product_brand":[],"product_cat":[15620],"product_tag":[9197,8259,10393,6942,6948,6817,6802,6924,7058,6773,6799,6689,7919,6797,15635,6944,8543,7812,6458,6415,6840,8955,7084,7387,6903,7392,7123,6936,7676,7076,9029,7810,7804,6494,6826,8502,19564,7799,8477,10034,15621,7672,6842,15634,6824,6830,6934,7095,6822,6693,9609,9865,6946,8544,6836,6696,6786,6691,8105,8394,7137,8504,6932,10074,6950,6844,6421,11057,8491,6444,7557,6441,7800,6455,6832,8770,6682,6938,6828,8001,7674,6806,8786,8092,6777,6928,15631,10284,10578,6419,6558,6417,6812,14707,15633,7340,6834,8580,6500,6556,15636,6784,6795,10391,7575,11693,15628,6783,6838,7796],"class_list":{"0":"post-25703","1":"product","2":"type-product","3":"status-publish","4":"has-post-thumbnail","6":"product_cat-schimmelpilze","7":"product_tag-9197","8":"product_tag-acryl","9":"product_tag-acrylharz","10":"product_tag-alkmaar","11":"product_tag-almere","12":"product_tag-amsterdam","13":"product_tag-angebot","14":"product_tag-anhanger-2","15":"product_tag-anhanger-3","16":"product_tag-antwerpen","17":"product_tag-apeldoorn","18":"product_tag-armband","19":"product_tag-armbander-2","20":"product_tag-arnheim","21":"product_tag-artclaysilver-co-uk-cooltools","22":"product_tag-assen","23":"product_tag-aussie","24":"product_tag-beilen","25":"product_tag-belgien","26":"product_tag-billig","27":"product_tag-brabant","28":"product_tag-brachelet","29":"product_tag-breda","30":"product_tag-bronze","31":"product_tag-bronze-ton","32":"product_tag-bronzeclay","33":"product_tag-brucke","34":"product_tag-brussel","35":"product_tag-cernit","36":"product_tag-charme-2","37":"product_tag-charme-4","38":"product_tag-coevorden","39":"product_tag-delft","40":"product_tag-diy","41":"product_tag-drenthe","42":"product_tag-dronten","43":"product_tag-eidechse","44":"product_tag-eindhoven","45":"product_tag-emmen","46":"product_tag-epoxid","47":"product_tag-epoxidharz","48":"product_tag-fimo","49":"product_tag-flevoland","50":"product_tag-formbarem-zivlver","51":"product_tag-friesland","52":"product_tag-gelderland","53":"product_tag-gent","54":"product_tag-gold-2","55":"product_tag-groningen","56":"product_tag-halskette","57":"product_tag-harz","58":"product_tag-harz-2","59":"product_tag-heerenveen","60":"product_tag-hobby","61":"product_tag-holland","62":"product_tag-ideen","63":"product_tag-kaufen","64":"product_tag-kette","65":"product_tag-kreativ","66":"product_tag-kupfer-3","67":"product_tag-kupferton-2","68":"product_tag-lager","69":"product_tag-leeuwarden","70":"product_tag-leim","71":"product_tag-lelystad","72":"product_tag-limburg","73":"product_tag-machen","74":"product_tag-materialien","75":"product_tag-meppel","76":"product_tag-metalclay","77":"product_tag-metall","78":"product_tag-metallton","79":"product_tag-middelburg","80":"product_tag-niederlande","81":"product_tag-norden","82":"product_tag-ohrring","83":"product_tag-ohrringe","84":"product_tag-ostende","85":"product_tag-overijssel","86":"product_tag-pmc","87":"product_tag-polymer-clay","88":"product_tag-rabatt","89":"product_tag-reichweite","90":"product_tag-ring","91":"product_tag-ringe","92":"product_tag-rotterdam","93":"product_tag-schimmel-schimmel","94":"product_tag-schimmelpilz-2","95":"product_tag-schimmelpilz-3","96":"product_tag-schmuck","97":"product_tag-sie-selbst","98":"product_tag-silber","99":"product_tag-silber-3","100":"product_tag-silikon","101":"product_tag-silikon-2","102":"product_tag-silverclay-co-uk","103":"product_tag-sud","104":"product_tag-tipps","105":"product_tag-ton-2","106":"product_tag-ton-3","107":"product_tag-tone-2","108":"product_tag-unter-2","109":"product_tag-utrecht","110":"product_tag-uv","111":"product_tag-uv-harz","112":"product_tag-uvresin","113":"product_tag-vorlage-2","114":"product_tag-wobei","115":"product_tag-zeeland","116":"product_tag-zwolle","117":"product_shipping_class-standard","119":"first","120":"instock","121":"taxable","122":"shipping-taxable","123":"purchasable","124":"product-type-simple"},"acf":[],"_links":{"self":[{"href":"https:\/\/esquell.eu\/de\/wp-json\/wp\/v2\/product\/25703","targetHints":{"allow":["GET"]}}],"collection":[{"href":"https:\/\/esquell.eu\/de\/wp-json\/wp\/v2\/product"}],"about":[{"href":"https:\/\/esquell.eu\/de\/wp-json\/wp\/v2\/types\/product"}],"replies":[{"embeddable":true,"href":"https:\/\/esquell.eu\/de\/wp-json\/wp\/v2\/comments?post=25703"}],"wp:featuredmedia":[{"embeddable":true,"href":"https:\/\/esquell.eu\/de\/wp-json\/wp\/v2\/media\/3990"}],"wp:attachment":[{"href":"https:\/\/esquell.eu\/de\/wp-json\/wp\/v2\/media?parent=25703"}],"wp:term":[{"taxonomy":"more","embeddable":true,"href":"https:\/\/esquell.eu\/de\/wp-json\/wp\/v2\/more?post=25703"},{"taxonomy":"product_brand","embeddable":true,"href":"https:\/\/esquell.eu\/de\/wp-json\/wp\/v2\/product_brand?post=25703"},{"taxonomy":"product_cat","embeddable":true,"href":"https:\/\/esquell.eu\/de\/wp-json\/wp\/v2\/product_cat?post=25703"},{"taxonomy":"product_tag","embeddable":true,"href":"https:\/\/esquell.eu\/de\/wp-json\/wp\/v2\/product_tag?post=25703"}],"curies":[{"name":"wp","href":"https:\/\/api.w.org\/{rel}","templated":true}]}}