{"id":25633,"date":"2025-04-03T09:23:47","date_gmt":"2025-04-03T09:23:47","guid":{"rendered":"https:\/\/esquell.eu\/product\/silikonform-mit-verschiedenen-knoepfen\/"},"modified":"2025-04-03T09:23:47","modified_gmt":"2025-04-03T09:23:47","slug":"silikonform-mit-verschiedenen-knoepfen","status":"publish","type":"product","link":"https:\/\/esquell.eu\/de\/produkt\/silikonform-mit-verschiedenen-knoepfen\/","title":{"rendered":"Silikonform mit verschiedenen Kn\u00f6pfen."},"content":{"rendered":"<p>Form f\u00fcr die Herstellung von Kn\u00f6pfen aus Ton, Epoxid, etc.<\/p>\n<p>Bei der Verwendung in Kombination mit Metal Clay empfehlen wir <u><strong>Coolslip Antihaft-Formel<br \/>\n<\/strong><\/u><\/p>\n<p><strong>Erstellen Sie einzigartige und personalisierte Kn\u00f6pfe mit dieser Silikonform<\/strong><\/p>\n<p>M\u00f6chten Sie einzigartige und personalisierte Kn\u00f6pfe f\u00fcr Ihre Kleidungsst\u00fccke herstellen? Dann ist diese Silikonform genau das Richtige f\u00fcr Sie! Mit dieser Form k\u00f6nnen Sie ganz einfach Kn\u00f6pfe aus verschiedenen Materialien wie Harz, Epoxid, Metallton, Silberton, Polymer-Ton oder anderen Arten von Ton herstellen.  <\/p>\n<p>Diese Silikonform ist sehr einfach zu verwenden und zu reinigen. Das Material ist flexibel und biegsam, so dass Sie die Knoten leicht herausl\u00f6sen k\u00f6nnen, ohne sie zu besch\u00e4digen. Nach dem Gebrauch k\u00f6nnen Sie die Form einfach mit etwas Wasser und Seife reinigen. So bleibt die Form lange Zeit in gutem Zustand und Sie k\u00f6nnen viele weitere Knoten machen.   <\/p>\n","protected":false},"excerpt":{"rendered":"<p>Form f\u00fcr die Herstellung von Kn\u00f6pfen aus Ton, Epoxid, etc.<\/p>\n<p>Bei der Verwendung in Kombination mit Metal Clay empfehlen wir <u><strong><a href=\"https:\/\/www.esquell.nl\/p\/coolslip-antiplak-formule\">Coolslip Antihaft-Formel <\/a><br \/>\n<\/strong><\/u> <\/p>\n<p><u><strong> <\/strong><\/u><\/p>\n<p><strong>Erstellen Sie einzigartige und personalisierte Kn\u00f6pfe mit dieser Silikonform<\/strong><\/p>\n<p>M\u00f6chten Sie einzigartige und personalisierte Kn\u00f6pfe f\u00fcr Ihre Kleidungsst\u00fccke herstellen? Dann ist diese Silikonform genau das Richtige f\u00fcr Sie! Mit dieser Form k\u00f6nnen Sie ganz einfach Kn\u00f6pfe aus verschiedenen Materialien wie Harz, Epoxid, Metallton, Silberton, Polymer-Ton oder anderen Arten von Ton herstellen.  <\/p>\n<p>&nbsp;<\/p>\n<p>Diese Silikonform ist sehr einfach zu verwenden und zu reinigen. Das Material ist flexibel und biegsam, so dass Sie die Knoten leicht herausl\u00f6sen k\u00f6nnen, ohne sie zu besch\u00e4digen. Nach dem Gebrauch k\u00f6nnen Sie die Form einfach mit etwas Wasser und Seife reinigen. So bleibt die Form lange Zeit in gutem Zustand und Sie k\u00f6nnen viele weitere Knoten machen.   <\/p>\n<p>&nbsp;<\/p>\n<p>&nbsp;<\/p>\n","protected":false},"featured_media":8487,"comment_status":"closed","ping_status":"closed","template":"","meta":{"_acf_changed":false,"_seopress_robots_primary_cat":"none","_seopress_titles_title":"","_seopress_titles_desc":"","_seopress_robots_index":""},"more":[],"product_brand":[6365],"product_cat":[15620],"product_tag":[15900,6942,7803,9110,12873,7798,18250,6817,6799,6797,6944,6458,10760,6929,7084,18270,6903,18256,7804,8471,7128,10748,9074,6494,9155,9125,9127,7799,8477,7802,6909,7672,9423,15083,9133,9788,18262,7331,12875,9113,9121,9982,9980,18248,6946,9136,9135,18246,7805,8487,8516,6907,18264,8019,6905,6932,18252,6950,7801,6421,7800,7553,6455,18260,7797,7806,7674,12877,9675,14173,6928,18268,6940,10284,18272,6558,6671,6490,9131,14176,19554,18258,6697,9667,18274,6435,6556,18266,9166,8483,18254,9129,9119,9117,9170,9123,7796],"class_list":{"0":"post-25633","1":"product","2":"type-product","3":"status-publish","4":"has-post-thumbnail","6":"product_brand-l1","7":"product_cat-schimmelpilze","8":"product_tag-hier-ist","9":"product_tag-alkmaar","10":"product_tag-almelo","11":"product_tag-almere-tilburg","12":"product_tag-alphen-aan-den-rijn","13":"product_tag-amersfoort","14":"product_tag-amstelveen","15":"product_tag-amsterdam","16":"product_tag-apeldoorn","17":"product_tag-arnheim","18":"product_tag-assen","19":"product_tag-belgien","20":"product_tag-bergen-op-zoom","21":"product_tag-blei","22":"product_tag-breda","23":"product_tag-bronze-knopfe","24":"product_tag-bronze-ton","25":"product_tag-capelle-aan-den-ijssel","26":"product_tag-delft","27":"product_tag-den-bosch","28":"product_tag-den-haag","29":"product_tag-den-helder","30":"product_tag-deventer","31":"product_tag-diy","32":"product_tag-doetinchem","33":"product_tag-dordrecht","34":"product_tag-ede","35":"product_tag-eindhoven","36":"product_tag-emmen","37":"product_tag-enschede","38":"product_tag-facebook","39":"product_tag-fimo","40":"product_tag-fimo-knete","41":"product_tag-formen-2","42":"product_tag-geleen","43":"product_tag-gemacht","44":"product_tag-gemacht-2","45":"product_tag-gold-3","46":"product_tag-gouda","47":"product_tag-haarlem","48":"product_tag-haarlemmermeer","49":"product_tag-hand","50":"product_tag-handgefertigt","51":"product_tag-handgefertigt-3","52":"product_tag-heerenveen","53":"product_tag-heerlen","54":"product_tag-helmond","55":"product_tag-hengelo","56":"product_tag-hilversum","57":"product_tag-hoogeveen","58":"product_tag-horn","59":"product_tag-instagram","60":"product_tag-katwijk","61":"product_tag-kupfer-2","62":"product_tag-kupferton","63":"product_tag-leeuwarden","64":"product_tag-leidschendam","65":"product_tag-lelystad","66":"product_tag-maastricht","67":"product_tag-machen","68":"product_tag-middelburg","69":"product_tag-modellierung","70":"product_tag-niederlande","71":"product_tag-nieuwegein","72":"product_tag-nijmegen","73":"product_tag-oss","74":"product_tag-polymer-clay","75":"product_tag-purmerend","76":"product_tag-roermond","77":"product_tag-roosendaal","78":"product_tag-rotterdam","79":"product_tag-schaltflachenvorlage","80":"product_tag-scheveningen","81":"product_tag-schimmelpilz-2","82":"product_tag-selbstknopfend","83":"product_tag-sie-selbst","84":"product_tag-silber-2","85":"product_tag-silberton","86":"product_tag-sittard","87":"product_tag-spijkenisse","88":"product_tag-taste-4","89":"product_tag-taste-2","90":"product_tag-tasten","91":"product_tag-tasten-2","92":"product_tag-tasten-3","93":"product_tag-ton","94":"product_tag-ton-3","95":"product_tag-tonknopfe","96":"product_tag-veenendaal","97":"product_tag-venlo","98":"product_tag-vlaardingen","99":"product_tag-westland","100":"product_tag-zaandam","101":"product_tag-zaanstad","102":"product_tag-zeist","103":"product_tag-zoetermeer","104":"product_tag-zwolle","105":"product_shipping_class-standard","107":"first","108":"instock","109":"taxable","110":"shipping-taxable","111":"purchasable","112":"product-type-simple"},"acf":[],"_links":{"self":[{"href":"https:\/\/esquell.eu\/de\/wp-json\/wp\/v2\/product\/25633","targetHints":{"allow":["GET"]}}],"collection":[{"href":"https:\/\/esquell.eu\/de\/wp-json\/wp\/v2\/product"}],"about":[{"href":"https:\/\/esquell.eu\/de\/wp-json\/wp\/v2\/types\/product"}],"replies":[{"embeddable":true,"href":"https:\/\/esquell.eu\/de\/wp-json\/wp\/v2\/comments?post=25633"}],"wp:featuredmedia":[{"embeddable":true,"href":"https:\/\/esquell.eu\/de\/wp-json\/wp\/v2\/media\/8487"}],"wp:attachment":[{"href":"https:\/\/esquell.eu\/de\/wp-json\/wp\/v2\/media?parent=25633"}],"wp:term":[{"taxonomy":"more","embeddable":true,"href":"https:\/\/esquell.eu\/de\/wp-json\/wp\/v2\/more?post=25633"},{"taxonomy":"product_brand","embeddable":true,"href":"https:\/\/esquell.eu\/de\/wp-json\/wp\/v2\/product_brand?post=25633"},{"taxonomy":"product_cat","embeddable":true,"href":"https:\/\/esquell.eu\/de\/wp-json\/wp\/v2\/product_cat?post=25633"},{"taxonomy":"product_tag","embeddable":true,"href":"https:\/\/esquell.eu\/de\/wp-json\/wp\/v2\/product_tag?post=25633"}],"curies":[{"name":"wp","href":"https:\/\/api.w.org\/{rel}","templated":true}]}}