{"id":25622,"date":"2025-04-03T09:23:47","date_gmt":"2025-04-03T09:23:47","guid":{"rendered":"https:\/\/esquell.eu\/product\/silikonform-haende-und-fuesse\/"},"modified":"2026-03-23T20:18:36","modified_gmt":"2026-03-23T20:18:36","slug":"silikonform-haende-und-fuesse","status":"publish","type":"product","link":"https:\/\/esquell.eu\/de\/produkt\/silikonform-haende-und-fuesse\/","title":{"rendered":"Silikonform H\u00e4nde und F\u00fc\u00dfe"},"content":{"rendered":"<p>Silikonform mit H\u00e4nden und F\u00fc\u00dfen<\/p>\n<p>F\u00fcr Harz, Ton, Schmuckherstellung usw.<\/p>\n<p>F\u00fcr Gr\u00f6\u00dfen siehe 2.<\/p>\n","protected":false},"excerpt":{"rendered":"<p>Silikonform mit H\u00e4nden und F\u00fc\u00dfen<\/p>\n<p>F\u00fcr Harz, Ton, Schmuckherstellung usw.<\/p>\n<p>F\u00fcr Gr\u00f6\u00dfen siehe 2.<\/p>\n<p>&nbsp;<\/p>\n","protected":false},"featured_media":25625,"comment_status":"closed","ping_status":"closed","template":"","meta":{"_acf_changed":false,"_seopress_robots_primary_cat":"none","_seopress_titles_title":"","_seopress_titles_desc":"","_seopress_robots_index":""},"more":[],"product_brand":[6365],"product_cat":[15620],"product_tag":[8259,12729,9609,9865,15759,15761,6421,10284,6419,6820,14707,6556,10391],"class_list":{"0":"post-25622","1":"product","2":"type-product","3":"status-publish","4":"has-post-thumbnail","6":"product_brand-l1","7":"product_cat-schimmelpilze","8":"product_tag-acryl","9":"product_tag-anmutig-2","10":"product_tag-harz","11":"product_tag-harz-2","12":"product_tag-herz","13":"product_tag-herzen","14":"product_tag-machen","15":"product_tag-schimmelpilz-2","16":"product_tag-schmuck","17":"product_tag-schmuck-2","18":"product_tag-silikon","19":"product_tag-ton-3","20":"product_tag-uv","21":"product_shipping_class-standard","23":"first","24":"outofstock","25":"taxable","26":"shipping-taxable","27":"purchasable","28":"product-type-simple"},"acf":[],"_links":{"self":[{"href":"https:\/\/esquell.eu\/de\/wp-json\/wp\/v2\/product\/25622","targetHints":{"allow":["GET"]}}],"collection":[{"href":"https:\/\/esquell.eu\/de\/wp-json\/wp\/v2\/product"}],"about":[{"href":"https:\/\/esquell.eu\/de\/wp-json\/wp\/v2\/types\/product"}],"replies":[{"embeddable":true,"href":"https:\/\/esquell.eu\/de\/wp-json\/wp\/v2\/comments?post=25622"}],"wp:featuredmedia":[{"embeddable":true,"href":"https:\/\/esquell.eu\/de\/wp-json\/wp\/v2\/media\/25625"}],"wp:attachment":[{"href":"https:\/\/esquell.eu\/de\/wp-json\/wp\/v2\/media?parent=25622"}],"wp:term":[{"taxonomy":"more","embeddable":true,"href":"https:\/\/esquell.eu\/de\/wp-json\/wp\/v2\/more?post=25622"},{"taxonomy":"product_brand","embeddable":true,"href":"https:\/\/esquell.eu\/de\/wp-json\/wp\/v2\/product_brand?post=25622"},{"taxonomy":"product_cat","embeddable":true,"href":"https:\/\/esquell.eu\/de\/wp-json\/wp\/v2\/product_cat?post=25622"},{"taxonomy":"product_tag","embeddable":true,"href":"https:\/\/esquell.eu\/de\/wp-json\/wp\/v2\/product_tag?post=25622"}],"curies":[{"name":"wp","href":"https:\/\/api.w.org\/{rel}","templated":true}]}}