{"id":25615,"date":"2025-04-03T09:23:47","date_gmt":"2025-04-03T09:23:47","guid":{"rendered":"https:\/\/esquell.eu\/product\/silikonform-mit-verschiedenen-engeln\/"},"modified":"2026-03-23T20:18:50","modified_gmt":"2026-03-23T20:18:50","slug":"silikonform-mit-verschiedenen-engeln","status":"publish","type":"product","link":"https:\/\/esquell.eu\/de\/produkt\/silikonform-mit-verschiedenen-engeln\/","title":{"rendered":"Silikonform mit verschiedenen Engeln"},"content":{"rendered":"<div class=\"product-addition-content\">\n<p>Silikonform mit verschiedenen Engeln<\/p>\n<p>Der Durchmesser der gesamten Form betr\u00e4gt 10 cm. Tiefe der Form ca. 15 mm <\/p>\n<p><strong>Hinweis<\/strong>: Die gro\u00dfen Formen sind tief und daher sind nur die kleinsten Formen, die weniger tief sind, f\u00fcr Silver Clay geeignet. Die gro\u00dfen Formen eignen sich jedoch hervorragend f\u00fcr Bronze Clay, Kupfer Clay, Fimo, Polymer Clay und Epoxy, LED- und UV-Harz, Harz usw. <\/p>\n<p>Die Farbe des Schimmels kann variieren.<\/p>\n<p>Bei Verwendung mit Metallton:<\/p>\n<p>Spr\u00fchen Sie vor dem Gebrauch immer mit der Coolslip Anti-Haft-Formel. Dies verhindert, dass der Ton an den Formen klebt. <\/p>\n<\/div>\n","protected":false},"excerpt":{"rendered":"<p>Silikonform mit verschiedenen Engeln<\/p>\n<p>&nbsp;<\/p>\n<p>Der Durchmesser der gesamten Form betr\u00e4gt 10 cm. Tiefe der Form ca. 15 mm <\/p>\n<p>&nbsp;<\/p>\n<p><strong>Hinweis<\/strong>: Die gro\u00dfen Formen sind tief und daher sind nur die kleinsten Formen, die weniger tief sind, f\u00fcr Silver Clay geeignet. Die gro\u00dfen Formen eignen sich jedoch hervorragend f\u00fcr Bronze Clay, Kupfer Clay, Fimo, Polymer Clay und Epoxy, LED- und UV-Harz, Harz usw. <\/p>\n<p>&nbsp;<\/p>\n<p>Die Farbe des Schimmels kann variieren.<\/p>\n<p>&nbsp;<\/p>\n<p>Bei Verwendung mit Metallton:<\/p>\n<p>Spr\u00fchen Sie vor dem Gebrauch immer mit der Coolslip Anti-Haft-Formel. Dies verhindert, dass der Ton an den Formen klebt. <\/p>\n","protected":false},"featured_media":25616,"comment_status":"closed","ping_status":"closed","template":"","meta":{"_acf_changed":false,"_seopress_robots_primary_cat":"none","_seopress_titles_title":"","_seopress_titles_desc":"","_seopress_robots_index":""},"more":[],"product_brand":[6365],"product_cat":[15620],"product_tag":[9187,7803,9902,6773,6492,8126,6944,17962,6458,6887,6840,7387,6903,7123,6936,7676,6494,6826,9820,18147,7799,8014,18506,18668,7802,18358,7672,6842,15083,6824,6830,6934,6822,18376,18357,6836,18378,8640,6611,6786,6498,7131,8504,6932,6844,7801,6421,6444,7557,18192,6455,8392,6832,6788,6891,6938,6828,8643,8001,7674,18375,10284,15624,6419,6889,9195,6812,6490,14707,7340,6834,6500,6556,18381,18194,6784,6795,18245,16266,6814,9818,6783,6838,7796],"class_list":{"0":"post-25615","1":"product","2":"type-product","3":"status-publish","4":"has-post-thumbnail","6":"product_brand-l1","7":"product_cat-schimmelpilze","8":"product_tag-co-uk","9":"product_tag-almelo","10":"product_tag-antihaftmittel","11":"product_tag-antwerpen","12":"product_tag-artclay","13":"product_tag-artclaysilvershop","14":"product_tag-assen","15":"product_tag-beispiele","16":"product_tag-belgien","17":"product_tag-biegsames-silber","18":"product_tag-brabant","19":"product_tag-bronze","20":"product_tag-bronze-ton","21":"product_tag-brucke","22":"product_tag-brussel","23":"product_tag-cernit","24":"product_tag-diy","25":"product_tag-drenthe","26":"product_tag-edelmetall-lehm","27":"product_tag-eichhornchen","28":"product_tag-eindhoven","29":"product_tag-einkaufen-2","30":"product_tag-engel","31":"product_tag-engel-2","32":"product_tag-enschede","33":"product_tag-eule","34":"product_tag-fimo","35":"product_tag-flevoland","36":"product_tag-formen-2","37":"product_tag-friesland","38":"product_tag-gelderland","39":"product_tag-gent","40":"product_tag-groningen","41":"product_tag-hase","42":"product_tag-hirsche","43":"product_tag-holland","44":"product_tag-igel","45":"product_tag-inspiration","46":"product_tag-kalteschutz","47":"product_tag-kaufen","48":"product_tag-kunst","49":"product_tag-kupfer","50":"product_tag-lager","51":"product_tag-leeuwarden","52":"product_tag-limburg","53":"product_tag-maastricht","54":"product_tag-machen","55":"product_tag-metalclay","56":"product_tag-metall","57":"product_tag-nevisas","58":"product_tag-niederlande","59":"product_tag-nop","60":"product_tag-norden","61":"product_tag-online","62":"product_tag-online-shop","63":"product_tag-ostende","64":"product_tag-overijssel","65":"product_tag-pinterest","66":"product_tag-pmc","67":"product_tag-polymer-clay","68":"product_tag-ruckeln","69":"product_tag-schimmelpilz-2","70":"product_tag-schmetterling","71":"product_tag-schmuck","72":"product_tag-shop","73":"product_tag-shop-2","74":"product_tag-silber-3","75":"product_tag-silberton","76":"product_tag-silikon","77":"product_tag-silverclay-co-uk","78":"product_tag-sud","79":"product_tag-ton-2","80":"product_tag-ton-3","81":"product_tag-tor","82":"product_tag-traum","83":"product_tag-unter-2","84":"product_tag-utrecht","85":"product_tag-vogel","86":"product_tag-vorlagen-3","87":"product_tag-webshop","88":"product_tag-wertvoll","89":"product_tag-wobei","90":"product_tag-zeeland","91":"product_tag-zwolle","92":"product_shipping_class-standard","94":"first","95":"instock","96":"taxable","97":"shipping-taxable","98":"purchasable","99":"product-type-simple"},"acf":[],"_links":{"self":[{"href":"https:\/\/esquell.eu\/de\/wp-json\/wp\/v2\/product\/25615","targetHints":{"allow":["GET"]}}],"collection":[{"href":"https:\/\/esquell.eu\/de\/wp-json\/wp\/v2\/product"}],"about":[{"href":"https:\/\/esquell.eu\/de\/wp-json\/wp\/v2\/types\/product"}],"replies":[{"embeddable":true,"href":"https:\/\/esquell.eu\/de\/wp-json\/wp\/v2\/comments?post=25615"}],"wp:featuredmedia":[{"embeddable":true,"href":"https:\/\/esquell.eu\/de\/wp-json\/wp\/v2\/media\/25616"}],"wp:attachment":[{"href":"https:\/\/esquell.eu\/de\/wp-json\/wp\/v2\/media?parent=25615"}],"wp:term":[{"taxonomy":"more","embeddable":true,"href":"https:\/\/esquell.eu\/de\/wp-json\/wp\/v2\/more?post=25615"},{"taxonomy":"product_brand","embeddable":true,"href":"https:\/\/esquell.eu\/de\/wp-json\/wp\/v2\/product_brand?post=25615"},{"taxonomy":"product_cat","embeddable":true,"href":"https:\/\/esquell.eu\/de\/wp-json\/wp\/v2\/product_cat?post=25615"},{"taxonomy":"product_tag","embeddable":true,"href":"https:\/\/esquell.eu\/de\/wp-json\/wp\/v2\/product_tag?post=25615"}],"curies":[{"name":"wp","href":"https:\/\/api.w.org\/{rel}","templated":true}]}}