{"id":25606,"date":"2025-04-03T09:23:47","date_gmt":"2025-04-03T09:23:47","guid":{"rendered":"https:\/\/esquell.eu\/product\/silikonform-blaetter-2\/"},"modified":"2026-03-23T20:19:20","modified_gmt":"2026-03-23T20:19:20","slug":"silikonform-blaetter-2","status":"publish","type":"product","link":"https:\/\/esquell.eu\/de\/produkt\/silikonform-blaetter-2\/","title":{"rendered":"Silikonform Bl\u00e4tter"},"content":{"rendered":"<div class=\"product-addition-content\">\n<p>Silikonform Bl\u00e4tter<\/p>\n<p>Ma\u00dfe ganze Form ca. 7,5cm x 6,3cm x 0,7cm<\/p>\n<p>Die Gr\u00f6\u00dfe von 1 Blatt betr\u00e4gt ca. 1,5 cm<\/p>\n<p>F\u00fcr Ohrstecker, Anh\u00e4nger, Charms, Ringe usw.<\/p>\n<p>Zur Verwendung mit Metal Clay, Silber Clay, Bronze Clay, Kupfer Clay, Fimo, Polymer Clay, Cernit usw.<\/p>\n<p>Spr\u00fchen Sie vor dem Gebrauch immer mit der Coolslip Anti-Haft-Formel. Dies verhindert, dass der Ton an den Formen klebt. <\/p>\n<\/div>\n","protected":false},"excerpt":{"rendered":"<p>Bl\u00e4tter aus Silikon<\/p>\n<p>Gr\u00f6\u00dfe der gesamten Form ca. 7,5 cm x 6,3 cm x 0,7 cm<\/p>\n<p>Die Gr\u00f6\u00dfe eines Blattes betr\u00e4gt ca. 1,5 cm<\/p>\n<p>F\u00fcr Ohrstecker, Anh\u00e4nger, Charms, Ringe usw.<\/p>\n<p>Kann mit Metal Clay, Silber Clay, Bronze Clay, Kupfer Clay, Fimo, Polymer Clay, Cernit usw. verwendet werden.<\/p>\n<p>Spr\u00fchen Sie vor dem Gebrauch immer mit der <a href=\"http:\/\/www.esquell.nl\/epages\/83636376.sf\/nl_NL\/?ObjectPath=\/Shops\/83636376\/Products\/AM0007\">Antihaft-Formel Coolslip.<\/a> Dies verhindert, dass die Knete an den Formen kleben bleibt.<\/p>\n","protected":false},"featured_media":25608,"comment_status":"closed","ping_status":"closed","template":"","meta":{"_acf_changed":false,"_seopress_robots_primary_cat":"none","_seopress_titles_title":"","_seopress_titles_desc":"","_seopress_robots_index":""},"more":[],"product_brand":[6365],"product_cat":[15620],"product_tag":[9187,7803,9902,6773,6492,8126,6944,18202,17962,6458,6887,7667,6840,7387,6903,7123,6936,7676,6494,6826,9820,7799,8014,7802,7672,6842,15083,7680,6824,6830,6934,18195,18201,18199,18197,6822,6836,6696,8640,6611,6786,6498,7131,8504,6932,7019,6844,7801,6421,6444,7557,18192,6455,8392,6832,6788,6891,6938,6828,19544,19543,19545,8643,8001,7674,10284,15624,6419,9195,6889,6812,6490,14707,7340,6622,6834,6556,6500,18194,6784,6795,16266,6814,6818,6605,9818,6783,6838,7796],"class_list":{"0":"post-25606","1":"product","2":"type-product","3":"status-publish","4":"has-post-thumbnail","6":"product_brand-l1","7":"product_cat-schimmelpilze","8":"product_tag-co-uk","9":"product_tag-almelo","10":"product_tag-antihaftmittel","11":"product_tag-antwerpen","12":"product_tag-artclay","13":"product_tag-artclaysilvershop","14":"product_tag-assen","15":"product_tag-baum","16":"product_tag-beispiele","17":"product_tag-belgien","18":"product_tag-biegsames-silber","19":"product_tag-blatt","20":"product_tag-brabant","21":"product_tag-bronze","22":"product_tag-bronze-ton","23":"product_tag-brucke","24":"product_tag-brussel","25":"product_tag-cernit","26":"product_tag-diy","27":"product_tag-drenthe","28":"product_tag-edelmetall-lehm","29":"product_tag-eindhoven","30":"product_tag-einkaufen-2","31":"product_tag-enschede","32":"product_tag-fimo","33":"product_tag-flevoland","34":"product_tag-formen-2","35":"product_tag-formulare","36":"product_tag-friesland","37":"product_tag-gelderland","38":"product_tag-gent","39":"product_tag-ginkgo","40":"product_tag-ginkgobaum","41":"product_tag-ginkgoblatt","42":"product_tag-ginko","43":"product_tag-groningen","44":"product_tag-holland","45":"product_tag-ideen","46":"product_tag-inspiration","47":"product_tag-kalteschutz","48":"product_tag-kaufen","49":"product_tag-kunst","50":"product_tag-kupfer","51":"product_tag-lager","52":"product_tag-leeuwarden","53":"product_tag-liefert","54":"product_tag-limburg","55":"product_tag-maastricht","56":"product_tag-machen","57":"product_tag-metalclay","58":"product_tag-metall","59":"product_tag-nevisas","60":"product_tag-niederlande","61":"product_tag-nop","62":"product_tag-norden","63":"product_tag-online","64":"product_tag-online-shop","65":"product_tag-ostende","66":"product_tag-overijssel","67":"product_tag-palmblatt","68":"product_tag-palme","69":"product_tag-palmen","70":"product_tag-pinterest","71":"product_tag-pmc","72":"product_tag-polymer-clay","73":"product_tag-schimmelpilz-2","74":"product_tag-schmetterling","75":"product_tag-schmuck","76":"product_tag-shop-2","77":"product_tag-shop","78":"product_tag-silber-3","79":"product_tag-silberton","80":"product_tag-silikon","81":"product_tag-silverclay-co-uk","82":"product_tag-strukturen","83":"product_tag-sud","84":"product_tag-ton-3","85":"product_tag-ton-2","86":"product_tag-traum","87":"product_tag-unter-2","88":"product_tag-utrecht","89":"product_tag-vorlagen-3","90":"product_tag-webshop","91":"product_tag-werkzeuge-2","92":"product_tag-werkzeuge","93":"product_tag-wertvoll","94":"product_tag-wobei","95":"product_tag-zeeland","96":"product_tag-zwolle","97":"product_shipping_class-standard","99":"first","100":"outofstock","101":"taxable","102":"shipping-taxable","103":"purchasable","104":"product-type-simple"},"acf":[],"_links":{"self":[{"href":"https:\/\/esquell.eu\/de\/wp-json\/wp\/v2\/product\/25606","targetHints":{"allow":["GET"]}}],"collection":[{"href":"https:\/\/esquell.eu\/de\/wp-json\/wp\/v2\/product"}],"about":[{"href":"https:\/\/esquell.eu\/de\/wp-json\/wp\/v2\/types\/product"}],"replies":[{"embeddable":true,"href":"https:\/\/esquell.eu\/de\/wp-json\/wp\/v2\/comments?post=25606"}],"wp:featuredmedia":[{"embeddable":true,"href":"https:\/\/esquell.eu\/de\/wp-json\/wp\/v2\/media\/25608"}],"wp:attachment":[{"href":"https:\/\/esquell.eu\/de\/wp-json\/wp\/v2\/media?parent=25606"}],"wp:term":[{"taxonomy":"more","embeddable":true,"href":"https:\/\/esquell.eu\/de\/wp-json\/wp\/v2\/more?post=25606"},{"taxonomy":"product_brand","embeddable":true,"href":"https:\/\/esquell.eu\/de\/wp-json\/wp\/v2\/product_brand?post=25606"},{"taxonomy":"product_cat","embeddable":true,"href":"https:\/\/esquell.eu\/de\/wp-json\/wp\/v2\/product_cat?post=25606"},{"taxonomy":"product_tag","embeddable":true,"href":"https:\/\/esquell.eu\/de\/wp-json\/wp\/v2\/product_tag?post=25606"}],"curies":[{"name":"wp","href":"https:\/\/api.w.org\/{rel}","templated":true}]}}