{"id":25554,"date":"2025-04-03T09:23:40","date_gmt":"2025-04-03T09:23:40","guid":{"rendered":"https:\/\/esquell.eu\/product\/schimmelpilz-federn-f-1766\/"},"modified":"2026-03-23T20:23:14","modified_gmt":"2026-03-23T20:23:14","slug":"schimmelpilz-federn-f-1766","status":"publish","type":"product","link":"https:\/\/esquell.eu\/de\/produkt\/schimmelpilz-federn-f-1766\/","title":{"rendered":"Schimmelpilz-Federn (F-1766)"},"content":{"rendered":"<p>Diese Formen eignen sich hervorragend f\u00fcr Anf\u00e4nger, die ihre ersten Erfahrungen mit Metal Clay machen und einen Ring herstellen m\u00f6chten.<br \/>\nDiese durchsichtige Silikonform eignet sich hervorragend, um den Ton sparsam zu verwenden. Aufgrund des flexiblen Materials k\u00f6nnen Sie den Ton leicht aus der Form entfernen. <\/p>\n","protected":false},"excerpt":{"rendered":"<p>  Diese Formen sind ideal f\u00fcr Anf\u00e4nger, die ihre ersten Erfahrungen mit Metal Clay machen und einen Ring herstellen m\u00f6chten.<br \/>Diese klare Silikonform eignet sich hervorragend, um den Ton sparsam zu verwenden. Aufgrund des flexiblen Materials k\u00f6nnen Sie den Ton leicht aus der Form l\u00f6sen. Die Form reicht bis zur japanischen Ringgr\u00f6\u00dfe 24 (nach dem Brennen ungef\u00e4hr japanische Ringgr\u00f6\u00dfe 20).  Wenn Sie die Innenseite eines Rings nach dem Trocknen feilen, k\u00f6nnen Sie den Ring um bis zu 2 weitere Gr\u00f6\u00dfen vergr\u00f6\u00dfern.  <br \/>Abmessungen der Form 41*80*6mm.  <\/p>\n","protected":false},"featured_media":25558,"comment_status":"closed","ping_status":"closed","template":"","meta":{"_acf_changed":false,"_seopress_robots_primary_cat":"none","_seopress_titles_title":"","_seopress_titles_desc":"","_seopress_robots_index":""},"more":[],"product_brand":[6413],"product_cat":[15620],"product_tag":[19518,19515,19514,19748,22407,19516,22408,19513,8092,10284],"class_list":{"0":"post-25554","1":"product","2":"type-product","3":"status-publish","4":"has-post-thumbnail","6":"product_brand-acs","7":"product_cat-schimmelpilze","8":"product_tag-featherarrings","9":"product_tag-feder","10":"product_tag-federn","11":"product_tag-federn-2","12":"product_tag-federn-3","13":"product_tag-federring","14":"product_tag-federring-2","15":"product_tag-federscheiben","16":"product_tag-ring","17":"product_tag-schimmelpilz-2","18":"product_shipping_class-standard","20":"first","21":"instock","22":"taxable","23":"shipping-taxable","24":"purchasable","25":"product-type-simple"},"acf":[],"_links":{"self":[{"href":"https:\/\/esquell.eu\/de\/wp-json\/wp\/v2\/product\/25554","targetHints":{"allow":["GET"]}}],"collection":[{"href":"https:\/\/esquell.eu\/de\/wp-json\/wp\/v2\/product"}],"about":[{"href":"https:\/\/esquell.eu\/de\/wp-json\/wp\/v2\/types\/product"}],"replies":[{"embeddable":true,"href":"https:\/\/esquell.eu\/de\/wp-json\/wp\/v2\/comments?post=25554"}],"wp:featuredmedia":[{"embeddable":true,"href":"https:\/\/esquell.eu\/de\/wp-json\/wp\/v2\/media\/25558"}],"wp:attachment":[{"href":"https:\/\/esquell.eu\/de\/wp-json\/wp\/v2\/media?parent=25554"}],"wp:term":[{"taxonomy":"more","embeddable":true,"href":"https:\/\/esquell.eu\/de\/wp-json\/wp\/v2\/more?post=25554"},{"taxonomy":"product_brand","embeddable":true,"href":"https:\/\/esquell.eu\/de\/wp-json\/wp\/v2\/product_brand?post=25554"},{"taxonomy":"product_cat","embeddable":true,"href":"https:\/\/esquell.eu\/de\/wp-json\/wp\/v2\/product_cat?post=25554"},{"taxonomy":"product_tag","embeddable":true,"href":"https:\/\/esquell.eu\/de\/wp-json\/wp\/v2\/product_tag?post=25554"}],"curies":[{"name":"wp","href":"https:\/\/api.w.org\/{rel}","templated":true}]}}